{"id":2692,"date":"2026-03-21T16:58:54","date_gmt":"2026-03-21T15:58:54","guid":{"rendered":"https:\/\/info-n.com\/?post_type=product&#038;p=2692"},"modified":"2026-04-14T10:05:21","modified_gmt":"2026-04-14T09:05:21","slug":"cable-audio-jack-3-5mm-kakusiga-ksc-893","status":"publish","type":"product","link":"https:\/\/info-n.com\/tn\/shop\/cable-audio-jack-3-5mm-kakusiga-ksc-893\/","title":{"rendered":"Cable Audio Jack 3.5MM KAKUSIGA KSC-893"},"content":{"rendered":"<p>Mod\u00e8le : KAKUSIGA KSC-893 &#8211; Type : C\u00e2ble audio AUX (Jack 3,5 mm m\u00e2le vers m\u00e2le) &#8211; Longueur : 1 m\u00e8tre &#8211; Mat\u00e9riau : PVC haute \u00e9lasticit\u00e9 &#8211; Transmission : Haute fid\u00e9lit\u00e9 (Hi-Fi) &#8211; Compatibilit\u00e9 : Smartphones, PC, tablettes, autoradios et enceintes. <\/p>\n","protected":false},"excerpt":{"rendered":"<p>Cable Audio Jack-Jack 3.5MM Kakusiga KSC-893 &#8211; C\u00e2ble audio AUX de qualit\u00e9 sonore sans perte (3.5mm) compatible avec les t\u00e9l\u00e9phones mobiles\/tablettes\/ordinateurs et autres appareils<\/p>\n","protected":false},"featured_media":2298,"template":"","meta":[],"product_brand":[364],"product_cat":[696],"product_tag":[126,127,129,352,363,365,1909],"class_list":{"0":"post-2692","1":"product","2":"type-product","3":"status-publish","4":"has-post-thumbnail","6":"product_brand-kakusiga","7":"product_cat-cable-audio-video","8":"product_tag-cable","9":"product_tag-cable-audio","10":"product_tag-cable-aux","11":"product_tag-jack","12":"product_tag-kaku","13":"product_tag-kakusiga","14":"product_tag-tunisie","16":"first","17":"instock","18":"sale","19":"taxable","20":"shipping-taxable","21":"purchasable","22":"product-type-simple"},"aioseo_notices":[],"_links":{"self":[{"href":"https:\/\/info-n.com\/tn\/wp-json\/wp\/v2\/product\/2692","targetHints":{"allow":["GET"]}}],"collection":[{"href":"https:\/\/info-n.com\/tn\/wp-json\/wp\/v2\/product"}],"about":[{"href":"https:\/\/info-n.com\/tn\/wp-json\/wp\/v2\/types\/product"}],"wp:featuredmedia":[{"embeddable":true,"href":"https:\/\/info-n.com\/tn\/wp-json\/wp\/v2\/media\/2298"}],"wp:attachment":[{"href":"https:\/\/info-n.com\/tn\/wp-json\/wp\/v2\/media?parent=2692"}],"wp:term":[{"taxonomy":"product_brand","embeddable":true,"href":"https:\/\/info-n.com\/tn\/wp-json\/wp\/v2\/product_brand?post=2692"},{"taxonomy":"product_cat","embeddable":true,"href":"https:\/\/info-n.com\/tn\/wp-json\/wp\/v2\/product_cat?post=2692"},{"taxonomy":"product_tag","embeddable":true,"href":"https:\/\/info-n.com\/tn\/wp-json\/wp\/v2\/product_tag?post=2692"}],"curies":[{"name":"wp","href":"https:\/\/api.w.org\/{rel}","templated":true}]}}