{"id":2694,"date":"2026-03-21T17:01:26","date_gmt":"2026-03-21T16:01:26","guid":{"rendered":"https:\/\/info-n.com\/?post_type=product&#038;p=2694"},"modified":"2026-04-14T12:17:39","modified_gmt":"2026-04-14T11:17:39","slug":"carte-son-externe-transparente-3d-sound","status":"publish","type":"product","link":"https:\/\/info-n.com\/tn\/shop\/carte-son-externe-transparente-3d-sound\/","title":{"rendered":"Carte Son Externe Transparente 3D SOUND"},"content":{"rendered":"<p>Carte Son Externe Transparente 3D SOUND est con\u00e7u pour fournir des entr\u00e9es et sorties audio suppl\u00e9mentaires \u00e0 un ordinateur via un port USB, sans n\u00e9cessiter l&rsquo;ouverture du bo\u00eetier pour installer une carte interne.<br \/>\nInterface : USB 2.0 &#8211; Audio : 3D Sound Surround &#8211; Connecteurs : Jack 3.5mm Casque et Micro &#8211; Compatibilit\u00e9 : Windows, Mac, Linux, PS4\/PS5 &#8211; Installation : Plug &#038; Play, sans pilote &#8211; Design : Bo\u00eetier transparent compact et portable &#8211; Usage : Gaming, chat vocal, am\u00e9lioration audio PC<\/p>\n","protected":false},"excerpt":{"rendered":"<p>Carte Son Externe Transparente 3D SOUND est con\u00e7u pour fournir des entr\u00e9es et sorties audio suppl\u00e9mentaires \u00e0 un ordinateur via un port USB, sans n\u00e9cessiter l&rsquo;ouverture du bo\u00eetier pour installer une carte interne.<\/p>\n","protected":false},"featured_media":2340,"template":"","meta":[],"product_brand":[],"product_cat":[690,702],"product_tag":[170,173,174,288,352,472,567,1909,655],"class_list":{"0":"post-2694","1":"product","2":"type-product","3":"status-publish","4":"has-post-thumbnail","6":"product_cat-idivers","7":"product_cat-carte-son","8":"product_tag-carte","9":"product_tag-carte-son","10":"product_tag-carte-son-externe","11":"product_tag-externe","12":"product_tag-jack","13":"product_tag-pc-bureau","14":"product_tag-son","15":"product_tag-tunisie","16":"product_tag-usb","18":"first","19":"instock","20":"taxable","21":"shipping-taxable","22":"purchasable","23":"product-type-simple"},"aioseo_notices":[],"_links":{"self":[{"href":"https:\/\/info-n.com\/tn\/wp-json\/wp\/v2\/product\/2694","targetHints":{"allow":["GET"]}}],"collection":[{"href":"https:\/\/info-n.com\/tn\/wp-json\/wp\/v2\/product"}],"about":[{"href":"https:\/\/info-n.com\/tn\/wp-json\/wp\/v2\/types\/product"}],"wp:featuredmedia":[{"embeddable":true,"href":"https:\/\/info-n.com\/tn\/wp-json\/wp\/v2\/media\/2340"}],"wp:attachment":[{"href":"https:\/\/info-n.com\/tn\/wp-json\/wp\/v2\/media?parent=2694"}],"wp:term":[{"taxonomy":"product_brand","embeddable":true,"href":"https:\/\/info-n.com\/tn\/wp-json\/wp\/v2\/product_brand?post=2694"},{"taxonomy":"product_cat","embeddable":true,"href":"https:\/\/info-n.com\/tn\/wp-json\/wp\/v2\/product_cat?post=2694"},{"taxonomy":"product_tag","embeddable":true,"href":"https:\/\/info-n.com\/tn\/wp-json\/wp\/v2\/product_tag?post=2694"}],"curies":[{"name":"wp","href":"https:\/\/api.w.org\/{rel}","templated":true}]}}