{"id":2695,"date":"2026-03-21T17:02:44","date_gmt":"2026-03-21T16:02:44","guid":{"rendered":"https:\/\/info-n.com\/?post_type=product&#038;p=2695"},"modified":"2026-04-15T15:26:04","modified_gmt":"2026-04-15T14:26:04","slug":"dongle-tv-hdmi-wifi-anycast-m9-plus-full-hd-1080p","status":"publish","type":"product","link":"https:\/\/info-n.com\/tn\/shop\/dongle-tv-hdmi-wifi-anycast-m9-plus-full-hd-1080p\/","title":{"rendered":"DONGLE TV HDMI Wifi ANYCAST M9 PLUS Full HD 1080p"},"content":{"rendered":"<p>DONGLE TV HDMI Wifi ANYCAST M9 PLUS Full HD 1080p &#8211; Mod\u00e8le : ANYCAST M9 PLUS &#8211; Type : Dongle TV HDMI Sans Fil &#8211; R\u00e9solution : Full HD 1080p &#8211; M\u00e9moire : 256 Mo DDR3 &#8211; Processeur : Corex-A9 1.2GHz &#8211; Compatibilit\u00e9 : Android, iOS, Windows, Mac (Miracast\/Airplay\/DLNA).<\/p>\n","protected":false},"excerpt":{"rendered":"<p>Le dongle TV HDMI Wifi AnyCast M9 Plus est un adaptateur d&rsquo;affichage sans fil Full HD 1080p qui permet de dupliquer l&rsquo;\u00e9cran d&rsquo;un smartphone, d&rsquo;une tablette ou d&rsquo;un ordinateur portable sur un t\u00e9l\u00e9viseur ou un projecteur via Wi-Fi.<\/p>\n","protected":false},"featured_media":2417,"template":"","meta":[],"product_brand":[],"product_cat":[710],"product_tag":[78,1593,1611,82,1605,97,1596,252,1599,1602,253,1614,323,1598,1608,1607,1610,1613,1601,1595,1909,645,1591,676,677,1604,1615,1597,1592,1603,1606,1600,1594,1612,1609],"class_list":{"0":"post-2695","1":"product","2":"type-product","3":"status-publish","4":"has-post-thumbnail","6":"product_cat-android-tv","7":"product_tag-adaptateur","8":"product_tag-adaptateur-tv","9":"product_tag-adaptateur-tv-portable","10":"product_tag-adapter","11":"product_tag-affichage-sans-fil","12":"product_tag-anycast","13":"product_tag-appareil-de-streaming","14":"product_tag-dongle","15":"product_tag-dongle-hdmi","16":"product_tag-dongle-smart-tv","17":"product_tag-dongle-tv","18":"product_tag-duplication-decran","19":"product_tag-hdmi","20":"product_tag-hdmi-dongle","21":"product_tag-lecteur-multimedia","22":"product_tag-media-player","23":"product_tag-portable-tv-adapter","24":"product_tag-screen-mirroring","25":"product_tag-smart-tv-dongle","26":"product_tag-streaming-device","27":"product_tag-tunisie","28":"product_tag-tv","29":"product_tag-tv-dongle","30":"product_tag-wi-fi","31":"product_tag-wifi","32":"product_tag-wireless-display","33":"product_tag-1615","34":"product_tag-1597","35":"product_tag-1592","36":"product_tag-1603","37":"product_tag-1606","38":"product_tag--hdmi","39":"product_tag-1594","40":"product_tag-1612","41":"product_tag-1609","43":"first","44":"instock","45":"sale","46":"taxable","47":"shipping-taxable","48":"purchasable","49":"product-type-simple"},"aioseo_notices":[],"_links":{"self":[{"href":"https:\/\/info-n.com\/tn\/wp-json\/wp\/v2\/product\/2695","targetHints":{"allow":["GET"]}}],"collection":[{"href":"https:\/\/info-n.com\/tn\/wp-json\/wp\/v2\/product"}],"about":[{"href":"https:\/\/info-n.com\/tn\/wp-json\/wp\/v2\/types\/product"}],"wp:featuredmedia":[{"embeddable":true,"href":"https:\/\/info-n.com\/tn\/wp-json\/wp\/v2\/media\/2417"}],"wp:attachment":[{"href":"https:\/\/info-n.com\/tn\/wp-json\/wp\/v2\/media?parent=2695"}],"wp:term":[{"taxonomy":"product_brand","embeddable":true,"href":"https:\/\/info-n.com\/tn\/wp-json\/wp\/v2\/product_brand?post=2695"},{"taxonomy":"product_cat","embeddable":true,"href":"https:\/\/info-n.com\/tn\/wp-json\/wp\/v2\/product_cat?post=2695"},{"taxonomy":"product_tag","embeddable":true,"href":"https:\/\/info-n.com\/tn\/wp-json\/wp\/v2\/product_tag?post=2695"}],"curies":[{"name":"wp","href":"https:\/\/api.w.org\/{rel}","templated":true}]}}