{"id":2696,"date":"2026-03-21T17:05:12","date_gmt":"2026-03-21T16:05:12","guid":{"rendered":"https:\/\/info-n.com\/?post_type=product&#038;p=2696"},"modified":"2026-04-18T13:21:10","modified_gmt":"2026-04-18T12:21:10","slug":"micro-casque-havit-hv-h2178d-bleu","status":"publish","type":"product","link":"https:\/\/info-n.com\/tn\/shop\/micro-casque-havit-hv-h2178d-bleu\/","title":{"rendered":"Micro Casque HAVIT HV-H2178D &#8211; Bleu"},"content":{"rendered":"<p>Micro Casque HAVIT HV-H2178D &#8211; Connectivit\u00e9 : Filaire &#8211; Driver : 40 mm &#8211; Fr\u00e9quence : 20 Hz \u00e0 20 000 Hz &#8211; Sensibilit\u00e9 : 110 dB &#8211; Imp\u00e9dance : 32 ohms<\/p>\n","protected":false},"excerpt":{"rendered":"<p>Le Micro Casque Havit HV-H2178D est un micro-casque filaire con\u00e7u pour offrir un \u00e9quilibre entre performance audio et confort ergonomique pour un usage quotidien.<\/p>\n","protected":false},"featured_media":2470,"template":"","meta":[],"product_brand":[321],"product_cat":[703,297,424],"product_tag":[1573,175,1505,182,1569,322,1568,425,1571,1572,499,1909,1564,1565,1563,1574,1566,1570,1575,1576,1567],"class_list":{"0":"post-2696","1":"product","2":"type-product","3":"status-publish","4":"has-post-thumbnail","6":"product_brand-havit","7":"product_cat-casques-filaires","8":"product_cat-promo","9":"product_cat-micro-casque","10":"product_tag-call-center-headset","11":"product_tag-casque","12":"product_tag-casque-audio","13":"product_tag-casque-filaire","14":"product_tag-gaming-headset","15":"product_tag-havit","16":"product_tag-headphones-with-mic","17":"product_tag-micro-casque","18":"product_tag-microphone-headset","19":"product_tag-pc-headset","20":"product_tag-promotion","21":"product_tag-tunisie","22":"product_tag-wired-earphones","23":"product_tag-wired-headphones","24":"product_tag-wired-headset","25":"product_tag-1574","26":"product_tag-1566","27":"product_tag-1570","28":"product_tag-1575","29":"product_tag-1576","30":"product_tag-1567","32":"first","33":"instock","34":"sale","35":"featured","36":"taxable","37":"shipping-taxable","38":"purchasable","39":"product-type-simple"},"aioseo_notices":[],"_links":{"self":[{"href":"https:\/\/info-n.com\/tn\/wp-json\/wp\/v2\/product\/2696","targetHints":{"allow":["GET"]}}],"collection":[{"href":"https:\/\/info-n.com\/tn\/wp-json\/wp\/v2\/product"}],"about":[{"href":"https:\/\/info-n.com\/tn\/wp-json\/wp\/v2\/types\/product"}],"wp:featuredmedia":[{"embeddable":true,"href":"https:\/\/info-n.com\/tn\/wp-json\/wp\/v2\/media\/2470"}],"wp:attachment":[{"href":"https:\/\/info-n.com\/tn\/wp-json\/wp\/v2\/media?parent=2696"}],"wp:term":[{"taxonomy":"product_brand","embeddable":true,"href":"https:\/\/info-n.com\/tn\/wp-json\/wp\/v2\/product_brand?post=2696"},{"taxonomy":"product_cat","embeddable":true,"href":"https:\/\/info-n.com\/tn\/wp-json\/wp\/v2\/product_cat?post=2696"},{"taxonomy":"product_tag","embeddable":true,"href":"https:\/\/info-n.com\/tn\/wp-json\/wp\/v2\/product_tag?post=2696"}],"curies":[{"name":"wp","href":"https:\/\/api.w.org\/{rel}","templated":true}]}}