{"id":2698,"date":"2026-03-21T17:07:03","date_gmt":"2026-03-21T16:07:03","guid":{"rendered":"https:\/\/info-n.com\/?post_type=product&#038;p=2698"},"modified":"2026-04-15T17:49:54","modified_gmt":"2026-04-15T16:49:54","slug":"micro-casque-havit-h202d","status":"publish","type":"product","link":"https:\/\/info-n.com\/tn\/shop\/micro-casque-havit-h202d\/","title":{"rendered":"Micro Casque HAVIT H202D"},"content":{"rendered":"<p>Micro Casque HAVIT H202D &#8211; Connectivit\u00e9 : Filaire &#8211; Driver : 40 mm &#8211; Fr\u00e9quence : 20 Hz \u00e0 20 000 Hz &#8211; Sensibilit\u00e9 : 108 dB &#8211; Imp\u00e9dance : 32 ohms &#8211; Usage : Optimis\u00e9 PC (Musique et appels)<\/p>\n","protected":false},"excerpt":{"rendered":"<p>Le Micro Casque HAVIT H202D se pr\u00e9sente comme une solution audio filaire polyvalente, principalement optimis\u00e9e pour un usage sur PC.<\/p>\n","protected":false},"featured_media":2469,"template":"","meta":[],"product_brand":[321],"product_cat":[703,424],"product_tag":[1573,175,1505,182,1569,322,1568,425,1571,1572,1909,1564,1565,1563,1574,1566,1570,1575,1576,1567],"class_list":{"0":"post-2698","1":"product","2":"type-product","3":"status-publish","4":"has-post-thumbnail","6":"product_brand-havit","7":"product_cat-casques-filaires","8":"product_cat-micro-casque","9":"product_tag-call-center-headset","10":"product_tag-casque","11":"product_tag-casque-audio","12":"product_tag-casque-filaire","13":"product_tag-gaming-headset","14":"product_tag-havit","15":"product_tag-headphones-with-mic","16":"product_tag-micro-casque","17":"product_tag-microphone-headset","18":"product_tag-pc-headset","19":"product_tag-tunisie","20":"product_tag-wired-earphones","21":"product_tag-wired-headphones","22":"product_tag-wired-headset","23":"product_tag-1574","24":"product_tag-1566","25":"product_tag-1570","26":"product_tag-1575","27":"product_tag-1576","28":"product_tag-1567","30":"first","31":"instock","32":"sale","33":"taxable","34":"shipping-taxable","35":"purchasable","36":"product-type-simple"},"aioseo_notices":[],"_links":{"self":[{"href":"https:\/\/info-n.com\/tn\/wp-json\/wp\/v2\/product\/2698","targetHints":{"allow":["GET"]}}],"collection":[{"href":"https:\/\/info-n.com\/tn\/wp-json\/wp\/v2\/product"}],"about":[{"href":"https:\/\/info-n.com\/tn\/wp-json\/wp\/v2\/types\/product"}],"wp:featuredmedia":[{"embeddable":true,"href":"https:\/\/info-n.com\/tn\/wp-json\/wp\/v2\/media\/2469"}],"wp:attachment":[{"href":"https:\/\/info-n.com\/tn\/wp-json\/wp\/v2\/media?parent=2698"}],"wp:term":[{"taxonomy":"product_brand","embeddable":true,"href":"https:\/\/info-n.com\/tn\/wp-json\/wp\/v2\/product_brand?post=2698"},{"taxonomy":"product_cat","embeddable":true,"href":"https:\/\/info-n.com\/tn\/wp-json\/wp\/v2\/product_cat?post=2698"},{"taxonomy":"product_tag","embeddable":true,"href":"https:\/\/info-n.com\/tn\/wp-json\/wp\/v2\/product_tag?post=2698"}],"curies":[{"name":"wp","href":"https:\/\/api.w.org\/{rel}","templated":true}]}}