{"id":2702,"date":"2026-03-21T17:14:18","date_gmt":"2026-03-21T16:14:18","guid":{"rendered":"https:\/\/info-n.com\/?post_type=product&#038;p=2702"},"modified":"2026-04-18T13:15:28","modified_gmt":"2026-04-18T12:15:28","slug":"adaptateur-coupleur-hdmi-femelle-vers-femelle","status":"publish","type":"product","link":"https:\/\/info-n.com\/tn\/shop\/adaptateur-coupleur-hdmi-femelle-vers-femelle\/","title":{"rendered":"Adaptateur Coupleur HDMI femelle vers femelle"},"content":{"rendered":"<p>Adaptateur Coupleur HDMI femelle vers femelle &#8211; Permet de relier deux c\u00e2bles HDMI m\u00e2les ensemble pour augmenter la port\u00e9e, compatible pour les ordinateurs, Blu-ray, Fire TV, Apple TVet les consoles de jeux (PS4, PS3, Xbox One, Xbox 360)..<\/p>\n","protected":false},"excerpt":{"rendered":"<p>Adaptateur Coupleur HDMI femelle vers femelle est un accessoire pratique permettant de relier deux c\u00e2bles HDMI.<\/p>\n","protected":false},"featured_media":2284,"template":"","meta":[],"product_brand":[],"product_cat":[692,694,297],"product_tag":[78,242,243,244,287,323,496,499,1909,1813],"class_list":{"0":"post-2702","1":"product","2":"type-product","3":"status-publish","4":"has-post-thumbnail","6":"product_cat-mdivers","7":"product_cat-adaptateur-convertisseur","8":"product_cat-promo","9":"product_tag-adaptateur","10":"product_tag-converter","11":"product_tag-convertisseur","12":"product_tag-coupleur","13":"product_tag-extension","14":"product_tag-hdmi","15":"product_tag-prolongateur","16":"product_tag-promotion","17":"product_tag-tunisie","18":"product_tag-1813","20":"first","21":"instock","22":"sale","23":"featured","24":"taxable","25":"shipping-taxable","26":"purchasable","27":"product-type-simple"},"aioseo_notices":[],"_links":{"self":[{"href":"https:\/\/info-n.com\/tn\/wp-json\/wp\/v2\/product\/2702","targetHints":{"allow":["GET"]}}],"collection":[{"href":"https:\/\/info-n.com\/tn\/wp-json\/wp\/v2\/product"}],"about":[{"href":"https:\/\/info-n.com\/tn\/wp-json\/wp\/v2\/types\/product"}],"wp:featuredmedia":[{"embeddable":true,"href":"https:\/\/info-n.com\/tn\/wp-json\/wp\/v2\/media\/2284"}],"wp:attachment":[{"href":"https:\/\/info-n.com\/tn\/wp-json\/wp\/v2\/media?parent=2702"}],"wp:term":[{"taxonomy":"product_brand","embeddable":true,"href":"https:\/\/info-n.com\/tn\/wp-json\/wp\/v2\/product_brand?post=2702"},{"taxonomy":"product_cat","embeddable":true,"href":"https:\/\/info-n.com\/tn\/wp-json\/wp\/v2\/product_cat?post=2702"},{"taxonomy":"product_tag","embeddable":true,"href":"https:\/\/info-n.com\/tn\/wp-json\/wp\/v2\/product_tag?post=2702"}],"curies":[{"name":"wp","href":"https:\/\/api.w.org\/{rel}","templated":true}]}}