{"id":2713,"date":"2026-03-21T17:27:58","date_gmt":"2026-03-21T16:27:58","guid":{"rendered":"https:\/\/info-n.com\/?post_type=product&#038;p=2713"},"modified":"2026-04-14T09:58:05","modified_gmt":"2026-04-14T08:58:05","slug":"adaptateur-smart-otg-micro-usb-vers-usb","status":"publish","type":"product","link":"https:\/\/info-n.com\/tn\/shop\/adaptateur-smart-otg-micro-usb-vers-usb\/","title":{"rendered":"Adaptateur Smart OTG Micro USB Vers USB"},"content":{"rendered":"<p>Adaptateur OTG Micro USB Vers USB Femelle &#8211; Permet de connecter des p\u00e9riph\u00e9riques USB (cl\u00e9s USB, souris, claviers) \u00e0 un smartphone ou une tablette dot\u00e9s d&rsquo;un port Micro USB &#8211; Vitesse de transfert de donn\u00e9es Jusqu&rsquo;\u00e0 480Mbps.<\/p>\n","protected":false},"excerpt":{"rendered":"<p>Adaptateur OTG Micro USB Vers USB Femelle &#8211; Permet de connecter des p\u00e9riph\u00e9riques USB (cl\u00e9s USB, souris, claviers) \u00e0 un smartphone ou une tablette dot\u00e9s d&rsquo;un port Micro USB &#8211; Vitesse de transfert de donn\u00e9es Jusqu&rsquo;\u00e0 480Mbps.<\/p>\n","protected":false},"featured_media":2292,"template":"","meta":[],"product_brand":[],"product_cat":[719],"product_tag":[78,95,242,243,423,427,459,460,1909,655,1813],"class_list":{"0":"post-2713","1":"product","2":"type-product","3":"status-publish","4":"has-post-thumbnail","6":"product_cat-otg-adaptateur","7":"product_tag-adaptateur","8":"product_tag-android","9":"product_tag-converter","10":"product_tag-convertisseur","11":"product_tag-micro","12":"product_tag-micro-usb","13":"product_tag-otg","14":"product_tag-otg-smart","15":"product_tag-tunisie","16":"product_tag-usb","17":"product_tag-1813","19":"first","20":"instock","21":"sale","22":"taxable","23":"shipping-taxable","24":"purchasable","25":"product-type-simple"},"aioseo_notices":[],"_links":{"self":[{"href":"https:\/\/info-n.com\/tn\/wp-json\/wp\/v2\/product\/2713","targetHints":{"allow":["GET"]}}],"collection":[{"href":"https:\/\/info-n.com\/tn\/wp-json\/wp\/v2\/product"}],"about":[{"href":"https:\/\/info-n.com\/tn\/wp-json\/wp\/v2\/types\/product"}],"wp:featuredmedia":[{"embeddable":true,"href":"https:\/\/info-n.com\/tn\/wp-json\/wp\/v2\/media\/2292"}],"wp:attachment":[{"href":"https:\/\/info-n.com\/tn\/wp-json\/wp\/v2\/media?parent=2713"}],"wp:term":[{"taxonomy":"product_brand","embeddable":true,"href":"https:\/\/info-n.com\/tn\/wp-json\/wp\/v2\/product_brand?post=2713"},{"taxonomy":"product_cat","embeddable":true,"href":"https:\/\/info-n.com\/tn\/wp-json\/wp\/v2\/product_cat?post=2713"},{"taxonomy":"product_tag","embeddable":true,"href":"https:\/\/info-n.com\/tn\/wp-json\/wp\/v2\/product_tag?post=2713"}],"curies":[{"name":"wp","href":"https:\/\/api.w.org\/{rel}","templated":true}]}}