{"id":2714,"date":"2026-03-21T17:29:04","date_gmt":"2026-03-21T16:29:04","guid":{"rendered":"https:\/\/info-n.com\/?post_type=product&#038;p=2714"},"modified":"2026-04-14T09:47:45","modified_gmt":"2026-04-14T08:47:45","slug":"adaptateur-otg-type-c-vers-usb-3-0","status":"publish","type":"product","link":"https:\/\/info-n.com\/tn\/shop\/adaptateur-otg-type-c-vers-usb-3-0\/","title":{"rendered":"Adaptateur OTG Type C Vers USB 3.0"},"content":{"rendered":"<p>Adaptateur OTG USB Type C Vers USB Femelle &#8211; Permet de connecter des p\u00e9riph\u00e9riques USB (cl\u00e9s USB, souris, claviers) \u00e0 un smartphone ou une tablette dot\u00e9s d&rsquo;un port USB Type-C &#8211; Vitesse de transfert de donn\u00e9es Jusqu&rsquo;\u00e0 480Mbps.<\/p>\n","protected":false},"excerpt":{"rendered":"<p>Adaptateur OTG USB Type C Vers USB Femelle &#8211; Permet de connecter des p\u00e9riph\u00e9riques USB (cl\u00e9s USB, souris, claviers) \u00e0 un smartphone ou une tablette dot\u00e9s d&rsquo;un port USB Type-C &#8211; Vitesse de transfert de donn\u00e9es Jusqu&rsquo;\u00e0 480Mbps.<\/p>\n","protected":false},"featured_media":2288,"template":"","meta":[],"product_brand":[],"product_cat":[719],"product_tag":[78,95,242,243,459,1909,646,650,655,659,1813],"class_list":{"0":"post-2714","1":"product","2":"type-product","3":"status-publish","4":"has-post-thumbnail","6":"product_cat-otg-adaptateur","7":"product_tag-adaptateur","8":"product_tag-android","9":"product_tag-converter","10":"product_tag-convertisseur","11":"product_tag-otg","12":"product_tag-tunisie","13":"product_tag-type-c","14":"product_tag-type-c-usb","15":"product_tag-usb","16":"product_tag-usb-c","17":"product_tag-1813","19":"first","20":"instock","21":"sale","22":"taxable","23":"shipping-taxable","24":"purchasable","25":"product-type-simple"},"aioseo_notices":[],"_links":{"self":[{"href":"https:\/\/info-n.com\/tn\/wp-json\/wp\/v2\/product\/2714","targetHints":{"allow":["GET"]}}],"collection":[{"href":"https:\/\/info-n.com\/tn\/wp-json\/wp\/v2\/product"}],"about":[{"href":"https:\/\/info-n.com\/tn\/wp-json\/wp\/v2\/types\/product"}],"wp:featuredmedia":[{"embeddable":true,"href":"https:\/\/info-n.com\/tn\/wp-json\/wp\/v2\/media\/2288"}],"wp:attachment":[{"href":"https:\/\/info-n.com\/tn\/wp-json\/wp\/v2\/media?parent=2714"}],"wp:term":[{"taxonomy":"product_brand","embeddable":true,"href":"https:\/\/info-n.com\/tn\/wp-json\/wp\/v2\/product_brand?post=2714"},{"taxonomy":"product_cat","embeddable":true,"href":"https:\/\/info-n.com\/tn\/wp-json\/wp\/v2\/product_cat?post=2714"},{"taxonomy":"product_tag","embeddable":true,"href":"https:\/\/info-n.com\/tn\/wp-json\/wp\/v2\/product_tag?post=2714"}],"curies":[{"name":"wp","href":"https:\/\/api.w.org\/{rel}","templated":true}]}}