{"id":2715,"date":"2026-03-21T17:30:41","date_gmt":"2026-03-21T16:30:41","guid":{"rendered":"https:\/\/info-n.com\/?post_type=product&#038;p=2715"},"modified":"2026-04-18T13:15:24","modified_gmt":"2026-04-18T12:15:24","slug":"adaptateur-otg-type-c-vers-usb","status":"publish","type":"product","link":"https:\/\/info-n.com\/tn\/shop\/adaptateur-otg-type-c-vers-usb\/","title":{"rendered":"Adaptateur OTG Type C Vers USB"},"content":{"rendered":"<p>Adaptateur OTG USB Type C Vers USB Femelle &#8211; Permet de connecter des p\u00e9riph\u00e9riques USB (cl\u00e9s USB, souris, claviers) \u00e0 un smartphone ou une tablette dot\u00e9s d&rsquo;un port USB Type-C &#8211; Vitesse de transfert de donn\u00e9es Jusqu&rsquo;\u00e0 480Mbps.<\/p>\n","protected":false},"excerpt":{"rendered":"<p>Adaptateur OTG USB Type C Vers USB Femelle &#8211; Permet de connecter des p\u00e9riph\u00e9riques USB (cl\u00e9s USB, souris, claviers) \u00e0 un smartphone ou une tablette dot\u00e9s d&rsquo;un port USB Type-C &#8211; Vitesse de transfert de donn\u00e9es Jusqu&rsquo;\u00e0 480Mbps.<\/p>\n","protected":false},"featured_media":2289,"template":"","meta":[],"product_brand":[],"product_cat":[297,719],"product_tag":[78,95,242,243,459,499,1909,646,650,655,659,1813],"class_list":{"0":"post-2715","1":"product","2":"type-product","3":"status-publish","4":"has-post-thumbnail","6":"product_cat-promo","7":"product_cat-otg-adaptateur","8":"product_tag-adaptateur","9":"product_tag-android","10":"product_tag-converter","11":"product_tag-convertisseur","12":"product_tag-otg","13":"product_tag-promotion","14":"product_tag-tunisie","15":"product_tag-type-c","16":"product_tag-type-c-usb","17":"product_tag-usb","18":"product_tag-usb-c","19":"product_tag-1813","21":"first","22":"instock","23":"featured","24":"taxable","25":"shipping-taxable","26":"purchasable","27":"product-type-simple"},"aioseo_notices":[],"_links":{"self":[{"href":"https:\/\/info-n.com\/tn\/wp-json\/wp\/v2\/product\/2715","targetHints":{"allow":["GET"]}}],"collection":[{"href":"https:\/\/info-n.com\/tn\/wp-json\/wp\/v2\/product"}],"about":[{"href":"https:\/\/info-n.com\/tn\/wp-json\/wp\/v2\/types\/product"}],"wp:featuredmedia":[{"embeddable":true,"href":"https:\/\/info-n.com\/tn\/wp-json\/wp\/v2\/media\/2289"}],"wp:attachment":[{"href":"https:\/\/info-n.com\/tn\/wp-json\/wp\/v2\/media?parent=2715"}],"wp:term":[{"taxonomy":"product_brand","embeddable":true,"href":"https:\/\/info-n.com\/tn\/wp-json\/wp\/v2\/product_brand?post=2715"},{"taxonomy":"product_cat","embeddable":true,"href":"https:\/\/info-n.com\/tn\/wp-json\/wp\/v2\/product_cat?post=2715"},{"taxonomy":"product_tag","embeddable":true,"href":"https:\/\/info-n.com\/tn\/wp-json\/wp\/v2\/product_tag?post=2715"}],"curies":[{"name":"wp","href":"https:\/\/api.w.org\/{rel}","templated":true}]}}