{"id":2717,"date":"2026-03-21T17:34:46","date_gmt":"2026-03-21T16:34:46","guid":{"rendered":"https:\/\/info-n.com\/?post_type=product&#038;p=2717"},"modified":"2026-04-18T13:21:11","modified_gmt":"2026-04-18T12:21:11","slug":"carte-reseau-lan-type-c-vers-rj45-100-mbps-ethernet","status":"publish","type":"product","link":"https:\/\/info-n.com\/tn\/shop\/carte-reseau-lan-type-c-vers-rj45-100-mbps-ethernet\/","title":{"rendered":"Carte R\u00e9seau Lan Type C vers RJ45 100 Mbps Ethernet"},"content":{"rendered":"<p>Carte r\u00e9seau Type-C vers Ethernet RJ45 Adapter, compatible Windows, macOS, ChromeOS et Android sans installation de pilotes suppl\u00e9mentaires.<br \/>\nConnecteur : USB Type-C m\u00e2le vers RJ45 femelle &#8211; D\u00e9bit : 10\/100 Mbps (Fast Ethernet) &#8211; Compatibilit\u00e9 : PC, Mac, Chromebook, tablettes, smartphones avec port USB-C &#8211; Fonction : Ajout port Ethernet filaire, connexion internet stable &#8211; Installation : Plug &#038; Play &#8211; Usage : T\u00e9l\u00e9travail, d\u00e9placements, ultrabooks sans port Ethernet, secours connexion r\u00e9seau<\/p>\n","protected":false},"excerpt":{"rendered":"<p>Carte r\u00e9seau Type-C vers Ethernet RJ45 Adapter, compatible Windows, macOS, ChromeOS et Android sans installation de pilotes suppl\u00e9mentaires.<\/p>\n","protected":false},"featured_media":2336,"template":"","meta":[],"product_brand":[],"product_cat":[690,691,297],"product_tag":[78,95,170,172,242,243,283,343,380,499,527,532,1909,646,651,655,659,1813],"class_list":{"0":"post-2717","1":"product","2":"type-product","3":"status-publish","4":"has-post-thumbnail","6":"product_cat-idivers","7":"product_cat-rdivers","8":"product_cat-promo","9":"product_tag-adaptateur","10":"product_tag-android","11":"product_tag-carte","12":"product_tag-carte-reseau","13":"product_tag-converter","14":"product_tag-convertisseur","15":"product_tag-ethernet","16":"product_tag-internet","17":"product_tag-lan","18":"product_tag-promotion","19":"product_tag-reseau","20":"product_tag-rj45","21":"product_tag-tunisie","22":"product_tag-type-c","23":"product_tag-typec-rj45","24":"product_tag-usb","25":"product_tag-usb-c","26":"product_tag-1813","28":"first","29":"instock","30":"sale","31":"featured","32":"taxable","33":"shipping-taxable","34":"purchasable","35":"product-type-simple"},"aioseo_notices":[],"_links":{"self":[{"href":"https:\/\/info-n.com\/tn\/wp-json\/wp\/v2\/product\/2717","targetHints":{"allow":["GET"]}}],"collection":[{"href":"https:\/\/info-n.com\/tn\/wp-json\/wp\/v2\/product"}],"about":[{"href":"https:\/\/info-n.com\/tn\/wp-json\/wp\/v2\/types\/product"}],"wp:featuredmedia":[{"embeddable":true,"href":"https:\/\/info-n.com\/tn\/wp-json\/wp\/v2\/media\/2336"}],"wp:attachment":[{"href":"https:\/\/info-n.com\/tn\/wp-json\/wp\/v2\/media?parent=2717"}],"wp:term":[{"taxonomy":"product_brand","embeddable":true,"href":"https:\/\/info-n.com\/tn\/wp-json\/wp\/v2\/product_brand?post=2717"},{"taxonomy":"product_cat","embeddable":true,"href":"https:\/\/info-n.com\/tn\/wp-json\/wp\/v2\/product_cat?post=2717"},{"taxonomy":"product_tag","embeddable":true,"href":"https:\/\/info-n.com\/tn\/wp-json\/wp\/v2\/product_tag?post=2717"}],"curies":[{"name":"wp","href":"https:\/\/api.w.org\/{rel}","templated":true}]}}