{"id":2718,"date":"2026-03-21T17:38:57","date_gmt":"2026-03-21T16:38:57","guid":{"rendered":"https:\/\/info-n.com\/?post_type=product&#038;p=2718"},"modified":"2026-04-14T12:13:11","modified_gmt":"2026-04-14T11:13:11","slug":"carte-reseau-lan-usb-vers-rj45-100-mbps-adaptateur-ethernet","status":"publish","type":"product","link":"https:\/\/info-n.com\/tn\/shop\/carte-reseau-lan-usb-vers-rj45-100-mbps-adaptateur-ethernet\/","title":{"rendered":"Carte R\u00e9seau Lan USB vers RJ45 100 Mbps adaptateur Ethernet"},"content":{"rendered":"<p>Carte r\u00e9seau USB vers Ethernet RJ45 Adapter, compatible Windows (2000, XP, Vista, 7, 8, 10, 11), MacOS et Linux sans installation de pilotes suppl\u00e9mentaires.<br \/>\nConnecteur : USB 2.0 Type A m\u00e2le vers RJ45 femelle &#8211; D\u00e9bit : 10\/100 Mbps (Fast Ethernet) &#8211; Compatibilit\u00e9 : Windows, Mac, Linux, Chrome OS &#8211; Fonction : Ajout port Ethernet filaire, connexion internet stable &#8211; Installation : Plug &#038; Play &#8211; Usage : Bureau, t\u00e9l\u00e9travail, d\u00e9placements, remplacement de port Ethernet d\u00e9fectueux<\/p>\n","protected":false},"excerpt":{"rendered":"<p>Carte r\u00e9seau USB vers Ethernet RJ45 Adapter, compatible Windows (2000, XP, Vista, 7, 8, 10, 11), MacOS et Linux sans installation de pilotes suppl\u00e9mentaires.<\/p>\n","protected":false},"featured_media":2337,"template":"","meta":[],"product_brand":[],"product_cat":[690,691],"product_tag":[78,170,172,242,243,283,343,380,527,532,1909,655,661,678,1813],"class_list":{"0":"post-2718","1":"product","2":"type-product","3":"status-publish","4":"has-post-thumbnail","6":"product_cat-idivers","7":"product_cat-rdivers","8":"product_tag-adaptateur","9":"product_tag-carte","10":"product_tag-carte-reseau","11":"product_tag-converter","12":"product_tag-convertisseur","13":"product_tag-ethernet","14":"product_tag-internet","15":"product_tag-lan","16":"product_tag-reseau","17":"product_tag-rj45","18":"product_tag-tunisie","19":"product_tag-usb","20":"product_tag-usb-rj45","21":"product_tag-windows","22":"product_tag-1813","24":"first","25":"instock","26":"sale","27":"taxable","28":"shipping-taxable","29":"purchasable","30":"product-type-simple"},"aioseo_notices":[],"_links":{"self":[{"href":"https:\/\/info-n.com\/tn\/wp-json\/wp\/v2\/product\/2718","targetHints":{"allow":["GET"]}}],"collection":[{"href":"https:\/\/info-n.com\/tn\/wp-json\/wp\/v2\/product"}],"about":[{"href":"https:\/\/info-n.com\/tn\/wp-json\/wp\/v2\/types\/product"}],"wp:featuredmedia":[{"embeddable":true,"href":"https:\/\/info-n.com\/tn\/wp-json\/wp\/v2\/media\/2337"}],"wp:attachment":[{"href":"https:\/\/info-n.com\/tn\/wp-json\/wp\/v2\/media?parent=2718"}],"wp:term":[{"taxonomy":"product_brand","embeddable":true,"href":"https:\/\/info-n.com\/tn\/wp-json\/wp\/v2\/product_brand?post=2718"},{"taxonomy":"product_cat","embeddable":true,"href":"https:\/\/info-n.com\/tn\/wp-json\/wp\/v2\/product_cat?post=2718"},{"taxonomy":"product_tag","embeddable":true,"href":"https:\/\/info-n.com\/tn\/wp-json\/wp\/v2\/product_tag?post=2718"}],"curies":[{"name":"wp","href":"https:\/\/api.w.org\/{rel}","templated":true}]}}