{"id":2721,"date":"2026-03-21T17:46:40","date_gmt":"2026-03-21T16:46:40","guid":{"rendered":"https:\/\/info-n.com\/?post_type=product&#038;p=2721"},"modified":"2026-04-18T13:15:28","modified_gmt":"2026-04-18T12:15:28","slug":"radio-et-haut-parleur-sans-fil-meier-m-566bt-bluetooth-cle-usb-micro-sd","status":"publish","type":"product","link":"https:\/\/info-n.com\/tn\/shop\/radio-et-haut-parleur-sans-fil-meier-m-566bt-bluetooth-cle-usb-micro-sd\/","title":{"rendered":"Radio et Haut Parleur Sans Fil Rechargeable MEIER M-566BT"},"content":{"rendered":"<p>Radio et Haut Parleur Sans Fil Rechargeable MEIER M-566BT<\/p>\n<p>Radio 3 bandes AM\/FM\/SW &#8211; Connectivit\u00e9 sans fil Bluetooth &#8211; Lecteur MP3 via port USB et emplacement carte TF (Micro SD) &#8211; Batterie Lithium 18650 rechargeable (1200 mAh) &#8211; Recharge via c\u00e2ble USB &#8211; Design r\u00e9tro classique vintage &#8211; Mat\u00e9riaux en ABS et alliage de zinc &#8211; Antenne haute sensibilit\u00e9 int\u00e9gr\u00e9e &#8211; Dimensions compactes 170 x 85 x 140 mm.<\/p>\n","protected":false},"excerpt":{"rendered":"<p>La MEIER M-566BT est une radio rechargeable au style vintage combinant technologie moderne (Bluetooth, USB, MP3) et r\u00e9ception multibande (FM\/AM\/SW), id\u00e9ale pour une \u00e9coute nomade avec un design r\u00e9tro \u00e9l\u00e9gant.<\/p>\n","protected":false},"featured_media":2479,"template":"","meta":[],"product_brand":[419],"product_cat":[297,715,722],"product_tag":[1726,1684,1582,1313,116,1718,1540,171,233,271,272,1314,1302,1687,310,311,316,317,320,1683,1669,1672,1677,1675,1695,1680,1583,430,452,1721,1690,1729,1686,1694,1688,1720,1542,499,504,1725,505,506,507,508,509,1731,510,1728,762,511,513,514,1716,545,37,581,1732,1315,582,1909,1692,1723,1541,1584,1722,1719,1733,1727,1717,1724,1549,1730,1693,1574,1511,1509,1691,1514,1689,1590,1685,1696],"class_list":{"0":"post-2721","1":"product","2":"type-product","3":"status-publish","4":"has-post-thumbnail","6":"product_brand-meier","7":"product_cat-promo","8":"product_cat-haut-parleur-sans-fil","9":"product_cat-radio","10":"product_tag-audio-radio","11":"product_tag-audio-speaker","12":"product_tag-autonomie-longue-duree","13":"product_tag-baffle","14":"product_tag-bluetooth","15":"product_tag-bluetooth-radio","16":"product_tag-bluetooth-speaker","17":"product_tag-carte-memoire","18":"product_tag-cle-usb","19":"product_tag-enceinte","20":"product_tag-enceinte-bluetooth","21":"product_tag-enceinte-rechargeable","22":"product_tag-enceinte-sans-fil","23":"product_tag-gaming-speaker","24":"product_tag-haut-parleur","25":"product_tag-haut-parleur-bluetooth","26":"product_tag-haut-parleur-portable","27":"product_tag-haut-parleur-rechargeable","28":"product_tag-haut-parleur-sans-fil","29":"product_tag-haut-parleur-audio","30":"product_tag-haut-parleur-bureau","31":"product_tag-haut-parleur-gaming","32":"product_tag-haut-parleur-multimedia","33":"product_tag-haut-parleur-musique","34":"product_tag-haut-parleur-reduction-de-bruit","35":"product_tag-haut-parleur-usb","36":"product_tag-long-battery-life","37":"product_tag-micro-sd","38":"product_tag-mp3","39":"product_tag-mp3-radio","40":"product_tag-multimedia-speaker","41":"product_tag-music-radio","42":"product_tag-music-speaker","43":"product_tag-noise-cancelling-speaker","44":"product_tag-office-speaker","45":"product_tag-portable-radio","46":"product_tag-portable-speaker","47":"product_tag-promotion","48":"product_tag-radio","49":"product_tag-radio-audio","50":"product_tag-radio-bluetooth","51":"product_tag-radio-bt","52":"product_tag-radio-carte-memoire","53":"product_tag-radio-cle-usb","54":"product_tag-radio-fm","55":"product_tag-radio-haut-parleur","56":"product_tag-radio-mp3","57":"product_tag-radio-musique","58":"product_tag-radio-portable","59":"product_tag-radio-rechargeable","60":"product_tag-radio-sans-fil","61":"product_tag-radio-usb","62":"product_tag-rechargeable-radio","63":"product_tag-sans-fil","64":"product_tag-speaker","65":"product_tag-speaker-bluetooth","66":"product_tag-speaker-radio","67":"product_tag-speaker-rechargeable","68":"product_tag-speaker-sans-fil","69":"product_tag-tunisie","70":"product_tag-usb-speaker","71":"product_tag-wireless-radio","72":"product_tag-wireless-speaker","73":"product_tag-1584","74":"product_tag-1722","75":"product_tag-1719","76":"product_tag-1733","77":"product_tag-1727","78":"product_tag-1717","79":"product_tag-1724","80":"product_tag-1549","81":"product_tag-1730","82":"product_tag--usb","83":"product_tag-1574","84":"product_tag-1511","85":"product_tag-1509","86":"product_tag-1691","87":"product_tag-1514","88":"product_tag-1689","89":"product_tag-1590","90":"product_tag-1685","91":"product_tag-1696","93":"first","94":"instock","95":"sale","96":"featured","97":"taxable","98":"shipping-taxable","99":"purchasable","100":"product-type-simple"},"aioseo_notices":[],"_links":{"self":[{"href":"https:\/\/info-n.com\/tn\/wp-json\/wp\/v2\/product\/2721","targetHints":{"allow":["GET"]}}],"collection":[{"href":"https:\/\/info-n.com\/tn\/wp-json\/wp\/v2\/product"}],"about":[{"href":"https:\/\/info-n.com\/tn\/wp-json\/wp\/v2\/types\/product"}],"wp:featuredmedia":[{"embeddable":true,"href":"https:\/\/info-n.com\/tn\/wp-json\/wp\/v2\/media\/2479"}],"wp:attachment":[{"href":"https:\/\/info-n.com\/tn\/wp-json\/wp\/v2\/media?parent=2721"}],"wp:term":[{"taxonomy":"product_brand","embeddable":true,"href":"https:\/\/info-n.com\/tn\/wp-json\/wp\/v2\/product_brand?post=2721"},{"taxonomy":"product_cat","embeddable":true,"href":"https:\/\/info-n.com\/tn\/wp-json\/wp\/v2\/product_cat?post=2721"},{"taxonomy":"product_tag","embeddable":true,"href":"https:\/\/info-n.com\/tn\/wp-json\/wp\/v2\/product_tag?post=2721"}],"curies":[{"name":"wp","href":"https:\/\/api.w.org\/{rel}","templated":true}]}}