{"id":2722,"date":"2026-03-21T17:48:33","date_gmt":"2026-03-21T16:48:33","guid":{"rendered":"https:\/\/info-n.com\/?post_type=product&#038;p=2722"},"modified":"2026-04-18T13:15:24","modified_gmt":"2026-04-18T12:15:24","slug":"carte-memoire-micro-sd-iconix-256gb-classe-10-avec-adaptateur","status":"publish","type":"product","link":"https:\/\/info-n.com\/tn\/shop\/carte-memoire-micro-sd-iconix-256gb-classe-10-avec-adaptateur\/","title":{"rendered":"Carte M\u00e9moire Micro SD ICONIX 256GB Classe 10 Avec adaptateur"},"content":{"rendered":"<p>La carte m\u00e9moire PNY de 256 Go est une solution de stockage compacte et polyvalente, compatible avec les smartphones Android, tablettes, t\u00e9l\u00e9phones portable, cam\u00e9ras, speakers et consoles de jeux.<br \/>\nCapacit\u00e9 : 256 Go &#8211; Classe : Classe 10 \/ UHS-I U1 &#8211; Vitesse : Lecture jusqu&rsquo;\u00e0 100 Mo\/s, \u00c9criture jusqu&rsquo;\u00e0 85 Mo\/s &#8211; Format : MicroSDXC + adaptateur SD inclus &#8211; Compatibilit\u00e9 : Smartphones, tablettes, appareils photo, camera de surveillance, console portable.. &#8211; R\u00e9sistance : \u00c9tanche, anti-chocs, anti-rayons X, protection temp\u00e9rature &#8211; Installation : Plug &#038; Play, formatage recommand\u00e9 &#8211; Usage : Stockage photos\/vid\u00e9os Full HD (1080p), musique, applications, extension de m\u00e9moire<\/p>\n","protected":false},"excerpt":{"rendered":"<p>La carte m\u00e9moire PNY de 256 Go est une solution de stockage compacte et polyvalente, compatible avec les smartphones Android, tablettes, t\u00e9l\u00e9phones portable, cam\u00e9ras, speakers et consoles de jeux.<\/p>\n","protected":false},"featured_media":2329,"template":"","meta":[],"product_brand":[337],"product_cat":[701,297],"product_tag":[1853,171,1850,1847,1856,1854,338,422,428,438,1851,499,553,1848,1857,1909,1849,1858,1513,1855,1852],"class_list":{"0":"post-2722","1":"product","2":"type-product","3":"status-publish","4":"has-post-thumbnail","6":"product_brand-iconix","7":"product_cat-carte-memoire","8":"product_cat-promo","9":"product_tag-carte-compact-flash","10":"product_tag-carte-memoire","11":"product_tag-carte-microsd","12":"product_tag-carte-sd","13":"product_tag-carte-stockage","14":"product_tag-compact-flash-card","15":"product_tag-iconix","16":"product_tag-memory-card","17":"product_tag-micro-carte-memoire-micro-sd-sd","18":"product_tag-microsd","19":"product_tag-microsd-card","20":"product_tag-promotion","21":"product_tag-sd","22":"product_tag-sd-card","23":"product_tag-storage-card","24":"product_tag-tunisie","25":"product_tag--sd","26":"product_tag-1858","27":"product_tag-1513","28":"product_tag-1855","29":"product_tag---sd","31":"first","32":"instock","33":"sale","34":"featured","35":"taxable","36":"shipping-taxable","37":"purchasable","38":"product-type-simple"},"aioseo_notices":[],"_links":{"self":[{"href":"https:\/\/info-n.com\/tn\/wp-json\/wp\/v2\/product\/2722","targetHints":{"allow":["GET"]}}],"collection":[{"href":"https:\/\/info-n.com\/tn\/wp-json\/wp\/v2\/product"}],"about":[{"href":"https:\/\/info-n.com\/tn\/wp-json\/wp\/v2\/types\/product"}],"wp:featuredmedia":[{"embeddable":true,"href":"https:\/\/info-n.com\/tn\/wp-json\/wp\/v2\/media\/2329"}],"wp:attachment":[{"href":"https:\/\/info-n.com\/tn\/wp-json\/wp\/v2\/media?parent=2722"}],"wp:term":[{"taxonomy":"product_brand","embeddable":true,"href":"https:\/\/info-n.com\/tn\/wp-json\/wp\/v2\/product_brand?post=2722"},{"taxonomy":"product_cat","embeddable":true,"href":"https:\/\/info-n.com\/tn\/wp-json\/wp\/v2\/product_cat?post=2722"},{"taxonomy":"product_tag","embeddable":true,"href":"https:\/\/info-n.com\/tn\/wp-json\/wp\/v2\/product_tag?post=2722"}],"curies":[{"name":"wp","href":"https:\/\/api.w.org\/{rel}","templated":true}]}}