{"id":2724,"date":"2026-03-21T17:52:14","date_gmt":"2026-03-21T16:52:14","guid":{"rendered":"https:\/\/info-n.com\/?post_type=product&#038;p=2724"},"modified":"2026-04-14T11:39:57","modified_gmt":"2026-04-14T10:39:57","slug":"carte-memoire-micro-sd-aero-128gb-classe-10-avec-adaptateur","status":"publish","type":"product","link":"https:\/\/info-n.com\/tn\/shop\/carte-memoire-micro-sd-aero-128gb-classe-10-avec-adaptateur\/","title":{"rendered":"Carte M\u00e9moire Micro SD AERO 128GB Classe 10 Avec adaptateur"},"content":{"rendered":"<p>La carte m\u00e9moire AERO de 128 Go est une solution de stockage compacte et polyvalente, compatible avec les smartphones Android, tablettes, t\u00e9l\u00e9phones portable, cam\u00e9ras, speakers et consoles de jeux.<br \/>\nCaract\u00e9ristiques : Capacit\u00e9 128 Go &#8211; Classe 10- Vitesse d&rsquo;\u00e9criture Jusqu&rsquo;\u00e0 100MB\/S &#8211; Compatibilit\u00e9 : Smartphones, tablettes, appareils photo, camera de surveillance, console portable.. &#8211; R\u00e9sistance : \u00c9tanche, anti-chocs, anti-rayons X, protection temp\u00e9rature &#8211; Installation : Plug &#038; Play, formatage recommand\u00e9 &#8211; Usage : Stockage photos\/vid\u00e9os Full HD (1080p), musique, applications, extension de m\u00e9moire<\/p>\n","protected":false},"excerpt":{"rendered":"<p>La carte m\u00e9moire AERO de 128 Go est une solution de stockage compacte et polyvalente, compatible avec les smartphones Android, tablettes, t\u00e9l\u00e9phones portable, cam\u00e9ras, speakers et consoles de jeux.<\/p>\n","protected":false},"featured_media":2326,"template":"","meta":[],"product_brand":[89],"product_cat":[701],"product_tag":[90,1853,171,1850,1847,1856,1854,422,428,438,1851,553,1848,1857,1909,1849,1858,1513,1855,1852],"class_list":{"0":"post-2724","1":"product","2":"type-product","3":"status-publish","4":"has-post-thumbnail","6":"product_brand-aero","7":"product_cat-carte-memoire","8":"product_tag-aero","9":"product_tag-carte-compact-flash","10":"product_tag-carte-memoire","11":"product_tag-carte-microsd","12":"product_tag-carte-sd","13":"product_tag-carte-stockage","14":"product_tag-compact-flash-card","15":"product_tag-memory-card","16":"product_tag-micro-carte-memoire-micro-sd-sd","17":"product_tag-microsd","18":"product_tag-microsd-card","19":"product_tag-sd","20":"product_tag-sd-card","21":"product_tag-storage-card","22":"product_tag-tunisie","23":"product_tag--sd","24":"product_tag-1858","25":"product_tag-1513","26":"product_tag-1855","27":"product_tag---sd","29":"first","30":"instock","31":"sale","32":"taxable","33":"shipping-taxable","34":"purchasable","35":"product-type-simple"},"aioseo_notices":[],"_links":{"self":[{"href":"https:\/\/info-n.com\/tn\/wp-json\/wp\/v2\/product\/2724","targetHints":{"allow":["GET"]}}],"collection":[{"href":"https:\/\/info-n.com\/tn\/wp-json\/wp\/v2\/product"}],"about":[{"href":"https:\/\/info-n.com\/tn\/wp-json\/wp\/v2\/types\/product"}],"wp:featuredmedia":[{"embeddable":true,"href":"https:\/\/info-n.com\/tn\/wp-json\/wp\/v2\/media\/2326"}],"wp:attachment":[{"href":"https:\/\/info-n.com\/tn\/wp-json\/wp\/v2\/media?parent=2724"}],"wp:term":[{"taxonomy":"product_brand","embeddable":true,"href":"https:\/\/info-n.com\/tn\/wp-json\/wp\/v2\/product_brand?post=2724"},{"taxonomy":"product_cat","embeddable":true,"href":"https:\/\/info-n.com\/tn\/wp-json\/wp\/v2\/product_cat?post=2724"},{"taxonomy":"product_tag","embeddable":true,"href":"https:\/\/info-n.com\/tn\/wp-json\/wp\/v2\/product_tag?post=2724"}],"curies":[{"name":"wp","href":"https:\/\/api.w.org\/{rel}","templated":true}]}}