{"id":2731,"date":"2026-03-21T18:03:08","date_gmt":"2026-03-21T17:03:08","guid":{"rendered":"https:\/\/info-n.com\/?post_type=product&#038;p=2731"},"modified":"2026-04-18T13:21:10","modified_gmt":"2026-04-18T12:21:10","slug":"cle-wifi-usb-avec-antenne","status":"publish","type":"product","link":"https:\/\/info-n.com\/tn\/shop\/cle-wifi-usb-avec-antenne\/","title":{"rendered":"Cl\u00e9 wifi USB Avec Antenne"},"content":{"rendered":"<p>Cl\u00e9 wifi USB Avec Antenne &#8211; Mod\u00e8le : Cl\u00e9 WiFi USB StarSat &#8211; Type : Antenne externe pivotante &#8211; Vitesse : 150 Mbps &#8211; Fr\u00e9quence : 2.4 GHz &#8211; Interface : USB 2.0 &#8211; Port\u00e9e : Gain \u00e9lev\u00e9 (3-5 dBi) &#8211; Usage : PC (Windows XP\/Vista\/7\/10\/11), Linux, Mac OS, R\u00e9cepteurs satellites..<\/p>\n","protected":false},"excerpt":{"rendered":"<p>Cl\u00e9 Wi-Fi USB, compacte et facile \u00e0 installer, permet de connecter un PC ou un r\u00e9cepteur \u00e0 un r\u00e9seau sans fil en Wi-Fi.<\/p>\n","protected":false},"featured_media":2414,"template":"","meta":[],"product_brand":[],"product_cat":[709,297],"product_tag":[230,237,238,239,499,1909,676,677],"class_list":{"0":"post-2731","1":"product","2":"type-product","3":"status-publish","4":"has-post-thumbnail","6":"product_cat-cle-wifi-bluetooth","7":"product_cat-promo","8":"product_tag-cle","9":"product_tag-cle-wi-fi","10":"product_tag-cle-wi-fi-usb","11":"product_tag-cle-wifi","12":"product_tag-promotion","13":"product_tag-tunisie","14":"product_tag-wi-fi","15":"product_tag-wifi","17":"first","18":"instock","19":"sale","20":"featured","21":"taxable","22":"shipping-taxable","23":"purchasable","24":"product-type-simple"},"aioseo_notices":[],"_links":{"self":[{"href":"https:\/\/info-n.com\/tn\/wp-json\/wp\/v2\/product\/2731","targetHints":{"allow":["GET"]}}],"collection":[{"href":"https:\/\/info-n.com\/tn\/wp-json\/wp\/v2\/product"}],"about":[{"href":"https:\/\/info-n.com\/tn\/wp-json\/wp\/v2\/types\/product"}],"wp:featuredmedia":[{"embeddable":true,"href":"https:\/\/info-n.com\/tn\/wp-json\/wp\/v2\/media\/2414"}],"wp:attachment":[{"href":"https:\/\/info-n.com\/tn\/wp-json\/wp\/v2\/media?parent=2731"}],"wp:term":[{"taxonomy":"product_brand","embeddable":true,"href":"https:\/\/info-n.com\/tn\/wp-json\/wp\/v2\/product_brand?post=2731"},{"taxonomy":"product_cat","embeddable":true,"href":"https:\/\/info-n.com\/tn\/wp-json\/wp\/v2\/product_cat?post=2731"},{"taxonomy":"product_tag","embeddable":true,"href":"https:\/\/info-n.com\/tn\/wp-json\/wp\/v2\/product_tag?post=2731"}],"curies":[{"name":"wp","href":"https:\/\/api.w.org\/{rel}","templated":true}]}}