{"id":2732,"date":"2026-03-21T18:04:29","date_gmt":"2026-03-21T17:04:29","guid":{"rendered":"https:\/\/info-n.com\/?post_type=product&#038;p=2732"},"modified":"2026-04-15T15:30:19","modified_gmt":"2026-04-15T14:30:19","slug":"cle-wifi-usb-w40-avec-antenne","status":"publish","type":"product","link":"https:\/\/info-n.com\/tn\/shop\/cle-wifi-usb-w40-avec-antenne\/","title":{"rendered":"Cl\u00e9 wifi USB W40 Avec Antenne"},"content":{"rendered":"<p>Cl\u00e9 wifi USB W40 Avec Antenne &#8211; Mod\u00e8le : Cl\u00e9 WiFi USB W40 N300 &#8211; Vitesse : Jusqu&rsquo;\u00e0 300 Mbps &#8211; Antenne : Externe pivotante &#8211; Interface : USB 2.0 &#8211; Fr\u00e9quence : 2.4 GHz &#8211; Normes : IEEE\u00a0 802.11b\/g\/n &#8211; S\u00e9curit\u00e9 : WEP, WPA-PSK et WPA2-PSK &#8211; Compatibilit\u00e9 : PC, Windows XP\/Vista\/7\/10\/11, Linux, Mac OS, R\u00e9cepteur..<\/p>\n","protected":false},"excerpt":{"rendered":"<p>La cl\u00e9 wifi USB W40 est un adaptateur sans fil compatible avec les normes IEEE 802.11b\/g\/n, fonctionnant sur la bande de fr\u00e9quence de 2.4 GHz.<\/p>\n","protected":false},"featured_media":2416,"template":"","meta":[],"product_brand":[],"product_cat":[709],"product_tag":[230,237,238,239,1909,676,677],"class_list":{"0":"post-2732","1":"product","2":"type-product","3":"status-publish","4":"has-post-thumbnail","6":"product_cat-cle-wifi-bluetooth","7":"product_tag-cle","8":"product_tag-cle-wi-fi","9":"product_tag-cle-wi-fi-usb","10":"product_tag-cle-wifi","11":"product_tag-tunisie","12":"product_tag-wi-fi","13":"product_tag-wifi","15":"first","16":"instock","17":"sale","18":"taxable","19":"shipping-taxable","20":"purchasable","21":"product-type-simple"},"aioseo_notices":[],"_links":{"self":[{"href":"https:\/\/info-n.com\/tn\/wp-json\/wp\/v2\/product\/2732","targetHints":{"allow":["GET"]}}],"collection":[{"href":"https:\/\/info-n.com\/tn\/wp-json\/wp\/v2\/product"}],"about":[{"href":"https:\/\/info-n.com\/tn\/wp-json\/wp\/v2\/types\/product"}],"wp:featuredmedia":[{"embeddable":true,"href":"https:\/\/info-n.com\/tn\/wp-json\/wp\/v2\/media\/2416"}],"wp:attachment":[{"href":"https:\/\/info-n.com\/tn\/wp-json\/wp\/v2\/media?parent=2732"}],"wp:term":[{"taxonomy":"product_brand","embeddable":true,"href":"https:\/\/info-n.com\/tn\/wp-json\/wp\/v2\/product_brand?post=2732"},{"taxonomy":"product_cat","embeddable":true,"href":"https:\/\/info-n.com\/tn\/wp-json\/wp\/v2\/product_cat?post=2732"},{"taxonomy":"product_tag","embeddable":true,"href":"https:\/\/info-n.com\/tn\/wp-json\/wp\/v2\/product_tag?post=2732"}],"curies":[{"name":"wp","href":"https:\/\/api.w.org\/{rel}","templated":true}]}}