{"id":2746,"date":"2026-03-21T18:22:47","date_gmt":"2026-03-21T17:22:47","guid":{"rendered":"https:\/\/info-n.com\/?post_type=product&#038;p=2746"},"modified":"2026-04-18T13:21:12","modified_gmt":"2026-04-18T12:21:12","slug":"chargeur-de-voiture-sky-dolphin-sz01-2-4a-avec-cable-micro-usb","status":"publish","type":"product","link":"https:\/\/info-n.com\/tn\/shop\/chargeur-de-voiture-sky-dolphin-sz01-2-4a-avec-cable-micro-usb\/","title":{"rendered":"Chargeur de voiture SKY DOLPHIN SZ01 2.4A avec Cable Micro USB"},"content":{"rendered":"<p>Chargeur Voiture SKY DOLPHIN SZ01 2.4A avec C\u00e2ble Micro USB &#8211; Sortie : 2.4A max, charge intelligente &#8211; C\u00e2ble inclus : USB vers Micro USB &#8211; Alimentation : Prise allume-cigare 12-24V &#8211; S\u00e9curit\u00e9 : Protection surcharge, surtension, court-circuit &#8211; Compatibilit\u00e9 : Smartphones Android, tablettes, appareils Micro USB<\/p>\n","protected":false},"excerpt":{"rendered":"<p>Le chargeur voiture SKY DOLPHIN SZ01 est un accessoire pour allume-cigare avec un c\u00e2ble USB vers Micro USB, offrant une puissance de sortie g\u00e9n\u00e9ralement autour de 12W.<\/p>\n","protected":false},"featured_media":2688,"template":"","meta":[],"product_brand":[558],"product_cat":[2031,706,297],"product_tag":[59,1802,1799,1805,196,1801,1810,1807,1804,210,1798,1808,423,427,1811,499,559,1909,655,667,1803,1809,1812,1800,1806],"class_list":{"0":"post-2746","1":"product","2":"type-product","3":"status-publish","4":"has-post-thumbnail","6":"product_brand-sky-dolphin","7":"product_cat-chargeur-auto","8":"product_cat-chargeur-voiture","9":"product_cat-promo","10":"product_tag-2-4a","11":"product_tag-auto-charger","12":"product_tag-car-charger-cigarette-lighter","13":"product_tag-car-usb-charger","14":"product_tag-chargeur","15":"product_tag-chargeur-auto","16":"product_tag-chargeur-portable-voiture","17":"product_tag-chargeur-rapide-voiture","18":"product_tag-chargeur-usb-voiture","19":"product_tag-chargeur-voiture","20":"product_tag-chargeur-voiture-allume-cigare","21":"product_tag-fast-car-charger","22":"product_tag-micro","23":"product_tag-micro-usb","24":"product_tag-portable-car-charger","25":"product_tag-promotion","26":"product_tag-sky-dolphin","27":"product_tag-tunisie","28":"product_tag-usb","29":"product_tag-voiture","30":"product_tag-1803","31":"product_tag-1809","32":"product_tag-1812","33":"product_tag-1800","34":"product_tag-1806","36":"first","37":"instock","38":"sale","39":"featured","40":"taxable","41":"shipping-taxable","42":"purchasable","43":"product-type-simple"},"aioseo_notices":[],"_links":{"self":[{"href":"https:\/\/info-n.com\/tn\/wp-json\/wp\/v2\/product\/2746","targetHints":{"allow":["GET"]}}],"collection":[{"href":"https:\/\/info-n.com\/tn\/wp-json\/wp\/v2\/product"}],"about":[{"href":"https:\/\/info-n.com\/tn\/wp-json\/wp\/v2\/types\/product"}],"wp:featuredmedia":[{"embeddable":true,"href":"https:\/\/info-n.com\/tn\/wp-json\/wp\/v2\/media\/2688"}],"wp:attachment":[{"href":"https:\/\/info-n.com\/tn\/wp-json\/wp\/v2\/media?parent=2746"}],"wp:term":[{"taxonomy":"product_brand","embeddable":true,"href":"https:\/\/info-n.com\/tn\/wp-json\/wp\/v2\/product_brand?post=2746"},{"taxonomy":"product_cat","embeddable":true,"href":"https:\/\/info-n.com\/tn\/wp-json\/wp\/v2\/product_cat?post=2746"},{"taxonomy":"product_tag","embeddable":true,"href":"https:\/\/info-n.com\/tn\/wp-json\/wp\/v2\/product_tag?post=2746"}],"curies":[{"name":"wp","href":"https:\/\/api.w.org\/{rel}","templated":true}]}}