{"id":2749,"date":"2026-03-22T15:24:08","date_gmt":"2026-03-22T14:24:08","guid":{"rendered":"https:\/\/info-n.com\/?post_type=product&#038;p=2749"},"modified":"2026-04-18T13:15:26","modified_gmt":"2026-04-18T12:15:26","slug":"support-smartphone-pour-voiture-inkax-ch-25","status":"publish","type":"product","link":"https:\/\/info-n.com\/tn\/shop\/support-smartphone-pour-voiture-inkax-ch-25\/","title":{"rendered":"Support Smartphone Pour Voiture INKAX CH-25"},"content":{"rendered":"<p>Support Smartphone Pour Voiture INKAX CH-25 &#8211; Mod\u00e8le : CH-25 &#8211; Mat\u00e9riau : Alliage de zinc plaqu\u00e9 &#8211; Type : Support magn\u00e9tique &#8211; Fixation : Grille d&rsquo;a\u00e9ration &#8211; Design : Compact et \u00e9l\u00e9gant &#8211; Compatibilit\u00e9 : Smartphones<\/p>\n","protected":false},"excerpt":{"rendered":"<p>Le support smartphone pour voiture INKAX CH-25 est un mod\u00e8le simple et pratique, con\u00e7u pour maintenir votre appareil en toute s\u00e9curit\u00e9 pendant la conduite.<\/p>\n","protected":false},"featured_media":2506,"template":"","meta":[],"product_brand":[342],"product_cat":[297,724],"product_tag":[341,1825,499,563,595,600,610,613,615,618,1909,1826],"class_list":{"0":"post-2749","1":"product","2":"type-product","3":"status-publish","4":"has-post-thumbnail","6":"product_brand-inkax","7":"product_cat-promo","8":"product_cat-support-smartphone","9":"product_tag-inkax","10":"product_tag-phone-holder","11":"product_tag-promotion","12":"product_tag-smartphone","13":"product_tag-support","14":"product_tag-support-iphone","15":"product_tag-support-portable","16":"product_tag-support-smartphone","17":"product_tag-support-telephone","18":"product_tag-support-voiture","19":"product_tag-tunisie","20":"product_tag-1826","22":"first","23":"instock","24":"sale","25":"featured","26":"taxable","27":"shipping-taxable","28":"purchasable","29":"product-type-simple"},"aioseo_notices":[],"_links":{"self":[{"href":"https:\/\/info-n.com\/tn\/wp-json\/wp\/v2\/product\/2749","targetHints":{"allow":["GET"]}}],"collection":[{"href":"https:\/\/info-n.com\/tn\/wp-json\/wp\/v2\/product"}],"about":[{"href":"https:\/\/info-n.com\/tn\/wp-json\/wp\/v2\/types\/product"}],"wp:featuredmedia":[{"embeddable":true,"href":"https:\/\/info-n.com\/tn\/wp-json\/wp\/v2\/media\/2506"}],"wp:attachment":[{"href":"https:\/\/info-n.com\/tn\/wp-json\/wp\/v2\/media?parent=2749"}],"wp:term":[{"taxonomy":"product_brand","embeddable":true,"href":"https:\/\/info-n.com\/tn\/wp-json\/wp\/v2\/product_brand?post=2749"},{"taxonomy":"product_cat","embeddable":true,"href":"https:\/\/info-n.com\/tn\/wp-json\/wp\/v2\/product_cat?post=2749"},{"taxonomy":"product_tag","embeddable":true,"href":"https:\/\/info-n.com\/tn\/wp-json\/wp\/v2\/product_tag?post=2749"}],"curies":[{"name":"wp","href":"https:\/\/api.w.org\/{rel}","templated":true}]}}