{"id":2750,"date":"2026-03-22T15:25:23","date_gmt":"2026-03-22T14:25:23","guid":{"rendered":"https:\/\/info-n.com\/?post_type=product&#038;p=2750"},"modified":"2026-04-18T13:21:14","modified_gmt":"2026-04-18T12:21:14","slug":"support-smartphone-pour-voiture-inkax-ch-48-360","status":"publish","type":"product","link":"https:\/\/info-n.com\/tn\/shop\/support-smartphone-pour-voiture-inkax-ch-48-360\/","title":{"rendered":"Support Smartphone Pour Voiture INKAX CH-48 360\u00b0"},"content":{"rendered":"<p>Support Smartphone Pour Voiture INKAX CH-48 360\u00b0 &#8211; Mod\u00e8le : CH-48 &#8211; Fixation : Grille d&rsquo;a\u00e9ration (Air Outlet) &#8211; Type : Gravit\u00e9 (Auto-serrant) &#8211; Rotation : 360\u00b0 &#8211; Mat\u00e9riau : ABS r\u00e9sistant &#8211; Design : Compact avec maintien stable &#8211; Compatibilit\u00e9 : Smartphones 4,7&Prime; \u00e0 6,7&Prime;<\/p>\n","protected":false},"excerpt":{"rendered":"<p>Le support smartphone pour voiture INKAX CH-48 est un accessoire con\u00e7u pour maintenir votre t\u00e9l\u00e9phone en place pendant la conduite, offrant une rotation de 360\u00b0 pour un positionnement optimal.<\/p>\n","protected":false},"featured_media":2507,"template":"","meta":[],"product_brand":[342],"product_cat":[297,724],"product_tag":[341,1825,563,595,600,610,613,615,618,1909,1826],"class_list":{"0":"post-2750","1":"product","2":"type-product","3":"status-publish","4":"has-post-thumbnail","6":"product_brand-inkax","7":"product_cat-promo","8":"product_cat-support-smartphone","9":"product_tag-inkax","10":"product_tag-phone-holder","11":"product_tag-smartphone","12":"product_tag-support","13":"product_tag-support-iphone","14":"product_tag-support-portable","15":"product_tag-support-smartphone","16":"product_tag-support-telephone","17":"product_tag-support-voiture","18":"product_tag-tunisie","19":"product_tag-1826","21":"first","22":"instock","23":"sale","24":"taxable","25":"shipping-taxable","26":"purchasable","27":"product-type-simple"},"aioseo_notices":[],"_links":{"self":[{"href":"https:\/\/info-n.com\/tn\/wp-json\/wp\/v2\/product\/2750","targetHints":{"allow":["GET"]}}],"collection":[{"href":"https:\/\/info-n.com\/tn\/wp-json\/wp\/v2\/product"}],"about":[{"href":"https:\/\/info-n.com\/tn\/wp-json\/wp\/v2\/types\/product"}],"wp:featuredmedia":[{"embeddable":true,"href":"https:\/\/info-n.com\/tn\/wp-json\/wp\/v2\/media\/2507"}],"wp:attachment":[{"href":"https:\/\/info-n.com\/tn\/wp-json\/wp\/v2\/media?parent=2750"}],"wp:term":[{"taxonomy":"product_brand","embeddable":true,"href":"https:\/\/info-n.com\/tn\/wp-json\/wp\/v2\/product_brand?post=2750"},{"taxonomy":"product_cat","embeddable":true,"href":"https:\/\/info-n.com\/tn\/wp-json\/wp\/v2\/product_cat?post=2750"},{"taxonomy":"product_tag","embeddable":true,"href":"https:\/\/info-n.com\/tn\/wp-json\/wp\/v2\/product_tag?post=2750"}],"curies":[{"name":"wp","href":"https:\/\/api.w.org\/{rel}","templated":true}]}}