{"id":2751,"date":"2026-03-22T15:28:00","date_gmt":"2026-03-22T14:28:00","guid":{"rendered":"https:\/\/info-n.com\/?post_type=product&#038;p=2751"},"modified":"2026-04-18T13:15:24","modified_gmt":"2026-04-18T12:15:24","slug":"support-smartphone-pour-moto-universel","status":"publish","type":"product","link":"https:\/\/info-n.com\/tn\/shop\/support-smartphone-pour-moto-universel\/","title":{"rendered":"Support Smartphone Pour V\u00e9lo\/Moto Universel"},"content":{"rendered":"<p>Support smartphone universel pour v\u00e9lo\/moto &#8211; Mat\u00e9riau : Alliage d&rsquo;aluminium (Alloy) &#8211; Rotation : 360\u00b0 &#8211; Fixation : Syst\u00e8me \u00e0 vis serr\u00e9 (Strict\/Key) &#8211; Design : Support \u00e0 4 griffes (Talon) &#8211; Compatibilit\u00e9 : Large (Used widely) &#8211; S\u00e9curit\u00e9 : Haute stabilit\u00e9 (VTD)<\/p>\n","protected":false},"excerpt":{"rendered":"<p>Le Support Smartphone Pour Moto Universel est un mod\u00e8le universel ultra-robuste, sp\u00e9cialement con\u00e7u pour s\u00e9curiser votre smartphone sur les guidons de motos, v\u00e9los, VTT ou trottinettes \u00e9lectriques.<\/p>\n","protected":false},"featured_media":2503,"template":"","meta":[],"product_brand":[],"product_cat":[297,724],"product_tag":[1825,499,563,595,600,603,604,610,613,615,616,617,1909,1826],"class_list":{"0":"post-2751","1":"product","2":"type-product","3":"status-publish","4":"has-post-thumbnail","6":"product_cat-promo","7":"product_cat-support-smartphone","8":"product_tag-phone-holder","9":"product_tag-promotion","10":"product_tag-smartphone","11":"product_tag-support","12":"product_tag-support-iphone","13":"product_tag-support-moteur","14":"product_tag-support-moto","15":"product_tag-support-portable","16":"product_tag-support-smartphone","17":"product_tag-support-telephone","18":"product_tag-support-trottinette","19":"product_tag-support-velo","20":"product_tag-tunisie","21":"product_tag-1826","23":"first","24":"instock","25":"sale","26":"featured","27":"taxable","28":"shipping-taxable","29":"purchasable","30":"product-type-simple"},"aioseo_notices":[],"_links":{"self":[{"href":"https:\/\/info-n.com\/tn\/wp-json\/wp\/v2\/product\/2751","targetHints":{"allow":["GET"]}}],"collection":[{"href":"https:\/\/info-n.com\/tn\/wp-json\/wp\/v2\/product"}],"about":[{"href":"https:\/\/info-n.com\/tn\/wp-json\/wp\/v2\/types\/product"}],"wp:featuredmedia":[{"embeddable":true,"href":"https:\/\/info-n.com\/tn\/wp-json\/wp\/v2\/media\/2503"}],"wp:attachment":[{"href":"https:\/\/info-n.com\/tn\/wp-json\/wp\/v2\/media?parent=2751"}],"wp:term":[{"taxonomy":"product_brand","embeddable":true,"href":"https:\/\/info-n.com\/tn\/wp-json\/wp\/v2\/product_brand?post=2751"},{"taxonomy":"product_cat","embeddable":true,"href":"https:\/\/info-n.com\/tn\/wp-json\/wp\/v2\/product_cat?post=2751"},{"taxonomy":"product_tag","embeddable":true,"href":"https:\/\/info-n.com\/tn\/wp-json\/wp\/v2\/product_tag?post=2751"}],"curies":[{"name":"wp","href":"https:\/\/api.w.org\/{rel}","templated":true}]}}