{"id":2752,"date":"2026-03-22T15:30:41","date_gmt":"2026-03-22T14:30:41","guid":{"rendered":"https:\/\/info-n.com\/?post_type=product&#038;p=2752"},"modified":"2026-04-18T13:15:27","modified_gmt":"2026-04-18T12:15:27","slug":"kit-de-production-video-avec-trepied-ay-49","status":"publish","type":"product","link":"https:\/\/info-n.com\/tn\/shop\/kit-de-production-video-avec-trepied-ay-49\/","title":{"rendered":"Kit de Production Vid\u00e9o Avec Tr\u00e9pied AY-49"},"content":{"rendered":"<p>Kit de Production Vid\u00e9o Avec Tr\u00e9pied AY-49 &#8211; Tr\u00e9pied 2-en-1 (table\/poign\u00e9e) &#8211; Microphone directionnel avec bonnette &#8211; \u00c9clairage 49 LED (6500K) r\u00e9glable &#8211; Support smartphone universel (5,5-8,5 cm) &#8211; T\u00e9l\u00e9commande Bluetooth &#8211; Id\u00e9al TikTok\/YouTube\/Instagram.<\/p>\n","protected":false},"excerpt":{"rendered":"<p>Le Kit de Production Vid\u00e9o Avec Tr\u00e9pied AY-49 est une solution de vlogging \u00ab\u00a0tout-en-un\u00a0\u00bb \u00e9conomique con\u00e7ue pour am\u00e9liorer la qualit\u00e9 audio et visuelle de vos vid\u00e9os sur smartphone. Le Kit de Production Vid\u00e9o Avec Tr\u00e9pied AY-49 est un accessoire pour live streaming sur TikTok, YouTube et Instagram..<\/p>\n","protected":false},"featured_media":2753,"template":"","meta":[],"product_brand":[],"product_cat":[692,297,724],"product_tag":[373,374,1825,499,531,595,601,602,613,615,642,1909,1826],"class_list":{"0":"post-2752","1":"product","2":"type-product","3":"status-publish","4":"has-post-thumbnail","6":"product_cat-mdivers","7":"product_cat-promo","8":"product_cat-support-smartphone","9":"product_tag-kit-de-production","10":"product_tag-kit-de-production-video","11":"product_tag-phone-holder","12":"product_tag-promotion","13":"product_tag-ring-ligth","14":"product_tag-support","15":"product_tag-support-live","16":"product_tag-support-maison","17":"product_tag-support-smartphone","18":"product_tag-support-telephone","19":"product_tag-trepied","20":"product_tag-tunisie","21":"product_tag-1826","23":"first","24":"instock","25":"sale","26":"featured","27":"taxable","28":"shipping-taxable","29":"purchasable","30":"product-type-simple"},"aioseo_notices":[],"_links":{"self":[{"href":"https:\/\/info-n.com\/tn\/wp-json\/wp\/v2\/product\/2752","targetHints":{"allow":["GET"]}}],"collection":[{"href":"https:\/\/info-n.com\/tn\/wp-json\/wp\/v2\/product"}],"about":[{"href":"https:\/\/info-n.com\/tn\/wp-json\/wp\/v2\/types\/product"}],"wp:featuredmedia":[{"embeddable":true,"href":"https:\/\/info-n.com\/tn\/wp-json\/wp\/v2\/media\/2753"}],"wp:attachment":[{"href":"https:\/\/info-n.com\/tn\/wp-json\/wp\/v2\/media?parent=2752"}],"wp:term":[{"taxonomy":"product_brand","embeddable":true,"href":"https:\/\/info-n.com\/tn\/wp-json\/wp\/v2\/product_brand?post=2752"},{"taxonomy":"product_cat","embeddable":true,"href":"https:\/\/info-n.com\/tn\/wp-json\/wp\/v2\/product_cat?post=2752"},{"taxonomy":"product_tag","embeddable":true,"href":"https:\/\/info-n.com\/tn\/wp-json\/wp\/v2\/product_tag?post=2752"}],"curies":[{"name":"wp","href":"https:\/\/api.w.org\/{rel}","templated":true}]}}