{"id":2754,"date":"2026-03-22T15:32:47","date_gmt":"2026-03-22T14:32:47","guid":{"rendered":"https:\/\/info-n.com\/?post_type=product&#038;p=2754"},"modified":"2026-04-16T10:17:19","modified_gmt":"2026-04-16T09:17:19","slug":"support-de-bague-universel-3-en-1","status":"publish","type":"product","link":"https:\/\/info-n.com\/tn\/shop\/support-de-bague-universel-3-en-1\/","title":{"rendered":"Support de Bague Universel 3-en-1"},"content":{"rendered":"<p>Support de Bague Universel 3-en-1 &#8211; Type : Support de bague universel 3-en-1 &#8211; Fixation : Adh\u00e9sif puissant &#8211; Fonctions : Prise s\u00e9curis\u00e9e, B\u00e9quille (pivot 360\u00b0) et Crochet mural\/tableau de bord &#8211; Compatibilit\u00e9 : Smartphones et Tablettes<\/p>\n","protected":false},"excerpt":{"rendered":"<p>Le support de bague universel 3-en-1 con\u00e7u pour les smartphones et les tablettes.<\/p>\n","protected":false},"featured_media":2499,"template":"","meta":[],"product_brand":[],"product_cat":[689,724],"product_tag":[1825,529,563,595,600,610,611,612,613,615,1909,1826],"class_list":{"0":"post-2754","1":"product","2":"type-product","3":"status-publish","4":"has-post-thumbnail","6":"product_cat-pdivers","7":"product_cat-support-smartphone","8":"product_tag-phone-holder","9":"product_tag-ring","10":"product_tag-smartphone","11":"product_tag-support","12":"product_tag-support-iphone","13":"product_tag-support-portable","14":"product_tag-support-pour-smartphone-ring","15":"product_tag-support-ring","16":"product_tag-support-smartphone","17":"product_tag-support-telephone","18":"product_tag-tunisie","19":"product_tag-1826","21":"first","22":"instock","23":"sale","24":"taxable","25":"shipping-taxable","26":"purchasable","27":"product-type-simple"},"aioseo_notices":[],"_links":{"self":[{"href":"https:\/\/info-n.com\/tn\/wp-json\/wp\/v2\/product\/2754","targetHints":{"allow":["GET"]}}],"collection":[{"href":"https:\/\/info-n.com\/tn\/wp-json\/wp\/v2\/product"}],"about":[{"href":"https:\/\/info-n.com\/tn\/wp-json\/wp\/v2\/types\/product"}],"wp:featuredmedia":[{"embeddable":true,"href":"https:\/\/info-n.com\/tn\/wp-json\/wp\/v2\/media\/2499"}],"wp:attachment":[{"href":"https:\/\/info-n.com\/tn\/wp-json\/wp\/v2\/media?parent=2754"}],"wp:term":[{"taxonomy":"product_brand","embeddable":true,"href":"https:\/\/info-n.com\/tn\/wp-json\/wp\/v2\/product_brand?post=2754"},{"taxonomy":"product_cat","embeddable":true,"href":"https:\/\/info-n.com\/tn\/wp-json\/wp\/v2\/product_cat?post=2754"},{"taxonomy":"product_tag","embeddable":true,"href":"https:\/\/info-n.com\/tn\/wp-json\/wp\/v2\/product_tag?post=2754"}],"curies":[{"name":"wp","href":"https:\/\/api.w.org\/{rel}","templated":true}]}}