{"id":2755,"date":"2026-03-22T15:33:43","date_gmt":"2026-03-22T14:33:43","guid":{"rendered":"https:\/\/info-n.com\/?post_type=product&#038;p=2755"},"modified":"2026-04-18T13:15:26","modified_gmt":"2026-04-18T12:15:26","slug":"support-smartphone-pour-voiture-rt-601","status":"publish","type":"product","link":"https:\/\/info-n.com\/tn\/shop\/support-smartphone-pour-voiture-rt-601\/","title":{"rendered":"Support Smartphone Pour Voiture RT-601"},"content":{"rendered":"<p>Mod\u00e8le : RT-601 &#8211; Fixation : Grille d&rsquo;a\u00e9ration (Air Outlet) &#8211; Type : Gravit\u00e9, verrouillage automatique par le poids du t\u00e9l\u00e9phone &#8211; Rotation : 360\u00b0 &#8211; Mat\u00e9riau : ABS et silicone &#8211; Design : Triangle de stabilit\u00e9 &#8211; Compatibilit\u00e9 : Universelle pour smartphones<\/p>\n","protected":false},"excerpt":{"rendered":"<p>Le support de voiture pour smartphone, mod\u00e8le RT-601, con\u00e7u pour \u00eatre fix\u00e9 sur la grille d&rsquo;a\u00e9ration. Il permet de maintenir le t\u00e9l\u00e9phone en place et offre souvent une rotation \u00e0 360 degr\u00e9s pour une meilleure visibilit\u00e9.<\/p>\n","protected":false},"featured_media":2509,"template":"","meta":[],"product_brand":[],"product_cat":[297,724],"product_tag":[1825,499,563,595,600,610,613,615,1909,1826],"class_list":{"0":"post-2755","1":"product","2":"type-product","3":"status-publish","4":"has-post-thumbnail","6":"product_cat-promo","7":"product_cat-support-smartphone","8":"product_tag-phone-holder","9":"product_tag-promotion","10":"product_tag-smartphone","11":"product_tag-support","12":"product_tag-support-iphone","13":"product_tag-support-portable","14":"product_tag-support-smartphone","15":"product_tag-support-telephone","16":"product_tag-tunisie","17":"product_tag-1826","19":"first","20":"instock","21":"sale","22":"featured","23":"taxable","24":"shipping-taxable","25":"purchasable","26":"product-type-simple"},"aioseo_notices":[],"_links":{"self":[{"href":"https:\/\/info-n.com\/tn\/wp-json\/wp\/v2\/product\/2755","targetHints":{"allow":["GET"]}}],"collection":[{"href":"https:\/\/info-n.com\/tn\/wp-json\/wp\/v2\/product"}],"about":[{"href":"https:\/\/info-n.com\/tn\/wp-json\/wp\/v2\/types\/product"}],"wp:featuredmedia":[{"embeddable":true,"href":"https:\/\/info-n.com\/tn\/wp-json\/wp\/v2\/media\/2509"}],"wp:attachment":[{"href":"https:\/\/info-n.com\/tn\/wp-json\/wp\/v2\/media?parent=2755"}],"wp:term":[{"taxonomy":"product_brand","embeddable":true,"href":"https:\/\/info-n.com\/tn\/wp-json\/wp\/v2\/product_brand?post=2755"},{"taxonomy":"product_cat","embeddable":true,"href":"https:\/\/info-n.com\/tn\/wp-json\/wp\/v2\/product_cat?post=2755"},{"taxonomy":"product_tag","embeddable":true,"href":"https:\/\/info-n.com\/tn\/wp-json\/wp\/v2\/product_tag?post=2755"}],"curies":[{"name":"wp","href":"https:\/\/api.w.org\/{rel}","templated":true}]}}