{"id":2757,"date":"2026-03-22T15:36:06","date_gmt":"2026-03-22T14:36:06","guid":{"rendered":"https:\/\/info-n.com\/?post_type=product&#038;p=2757"},"modified":"2026-04-18T13:15:25","modified_gmt":"2026-04-18T12:15:25","slug":"support-smartphone-pour-bureau-inkax-ch-57","status":"publish","type":"product","link":"https:\/\/info-n.com\/tn\/shop\/support-smartphone-pour-bureau-inkax-ch-57\/","title":{"rendered":"Support Smartphone Pour Bureau INKAX CH-57"},"content":{"rendered":"<p>Support Smartphone Pour Bureau INKAX CH-57 &#8211; Design : Pliable et rotatif \u00e0 360\u00b0 &#8211; R\u00e9glage : Angle et hauteur ajustables via une bielle pliable &#8211; Mat\u00e9riau : Plastique ABS haute qualit\u00e9 &#8211; Compatibilit\u00e9 : Universelle pour smartphones &#8211; Couleur : Noir<\/p>\n","protected":false},"excerpt":{"rendered":"<p>Le INKAX CH-57 est un support universel con\u00e7u principalement pour une utilisation sur bureau, table ou m\u00eame en voiture gr\u00e2ce \u00e0 son syst\u00e8me de fixation \u00e0 ventouse.<\/p>\n","protected":false},"featured_media":2501,"template":"","meta":[],"product_brand":[342],"product_cat":[297,724],"product_tag":[1825,499,563,595,596,600,610,613,615,1909,1826],"class_list":{"0":"post-2757","1":"product","2":"type-product","3":"status-publish","4":"has-post-thumbnail","6":"product_brand-inkax","7":"product_cat-promo","8":"product_cat-support-smartphone","9":"product_tag-phone-holder","10":"product_tag-promotion","11":"product_tag-smartphone","12":"product_tag-support","13":"product_tag-support-bureau","14":"product_tag-support-iphone","15":"product_tag-support-portable","16":"product_tag-support-smartphone","17":"product_tag-support-telephone","18":"product_tag-tunisie","19":"product_tag-1826","21":"first","22":"instock","23":"sale","24":"featured","25":"taxable","26":"shipping-taxable","27":"purchasable","28":"product-type-simple"},"aioseo_notices":[],"_links":{"self":[{"href":"https:\/\/info-n.com\/tn\/wp-json\/wp\/v2\/product\/2757","targetHints":{"allow":["GET"]}}],"collection":[{"href":"https:\/\/info-n.com\/tn\/wp-json\/wp\/v2\/product"}],"about":[{"href":"https:\/\/info-n.com\/tn\/wp-json\/wp\/v2\/types\/product"}],"wp:featuredmedia":[{"embeddable":true,"href":"https:\/\/info-n.com\/tn\/wp-json\/wp\/v2\/media\/2501"}],"wp:attachment":[{"href":"https:\/\/info-n.com\/tn\/wp-json\/wp\/v2\/media?parent=2757"}],"wp:term":[{"taxonomy":"product_brand","embeddable":true,"href":"https:\/\/info-n.com\/tn\/wp-json\/wp\/v2\/product_brand?post=2757"},{"taxonomy":"product_cat","embeddable":true,"href":"https:\/\/info-n.com\/tn\/wp-json\/wp\/v2\/product_cat?post=2757"},{"taxonomy":"product_tag","embeddable":true,"href":"https:\/\/info-n.com\/tn\/wp-json\/wp\/v2\/product_tag?post=2757"}],"curies":[{"name":"wp","href":"https:\/\/api.w.org\/{rel}","templated":true}]}}