{"id":2760,"date":"2026-03-22T15:45:00","date_gmt":"2026-03-22T14:45:00","guid":{"rendered":"https:\/\/info-n.com\/?post_type=product&#038;p=2760"},"modified":"2026-04-18T13:15:28","modified_gmt":"2026-04-18T12:15:28","slug":"haut-parleur-sans-fil-sing-e-zqs-1206","status":"publish","type":"product","link":"https:\/\/info-n.com\/tn\/shop\/haut-parleur-sans-fil-sing-e-zqs-1206\/","title":{"rendered":"Haut Parleur Sans Fil Rechargeable SING-E ZQS-1206"},"content":{"rendered":"<div class=\"Y3BBE\" data-sfc-cp=\"\" data-sfc-root=\"c\" data-sfc-cb=\"\" data-hveid=\"CAEIARAA\" data-processed=\"true\" data-complete=\"true\"><span data-subtree=\"aimfl\" data-processed=\"true\">Haut Parleur Sans Fil Rechargeable SING-E ZQS-1206<\/span><\/div>\n<div class=\"Y3BBE\" data-sfc-cp=\"\" data-sfc-root=\"c\" data-sfc-cb=\"\" data-hveid=\"CAEIARAA\" data-processed=\"true\" data-complete=\"true\"><span data-subtree=\"aimfl\" data-processed=\"true\">Haut-parleur sans fil Bluetooth 5.0 &#8211; Puissance de sortie 5W &#8211; Port\u00e9e de transmission 10 m\u00e8tres &#8211; Port USB et lecteur de carte Micro SD (TF) &#8211; Radio FM int\u00e9gr\u00e9e &#8211; Batterie Lithium rechargeable 1200 mAh &#8211; Temps de charge 2 \u00e0 3 heures &#8211; Autonomie de lecture 4 \u00e0 6 heures.<\/span><\/div>\n","protected":false},"excerpt":{"rendered":"<p>Le haut-parleur sans fil SING-E ZQS-1206 est une mini-enceinte Bluetooth portable, dot\u00e9e de lumi\u00e8res RVB et d&rsquo;une poign\u00e9e de transport, id\u00e9ale pour une utilisation nomade.<\/p>\n","protected":false},"featured_media":2452,"template":"","meta":[],"product_brand":[555],"product_cat":[297,715],"product_tag":[1684,1582,1313,116,1540,171,233,271,272,1314,1302,293,1687,310,311,316,317,320,1683,1669,1672,1677,1675,1695,1680,1583,429,452,1690,1686,1694,1688,1542,499,545,556,37,581,1315,582,1909,1692,1541,688,1584,1693,1574,1511,1509,1691,1514,1689,1590,1685,1696],"class_list":{"0":"post-2760","1":"product","2":"type-product","3":"status-publish","4":"has-post-thumbnail","6":"product_brand-sing-e","7":"product_cat-promo","8":"product_cat-haut-parleur-sans-fil","9":"product_tag-audio-speaker","10":"product_tag-autonomie-longue-duree","11":"product_tag-baffle","12":"product_tag-bluetooth","13":"product_tag-bluetooth-speaker","14":"product_tag-carte-memoire","15":"product_tag-cle-usb","16":"product_tag-enceinte","17":"product_tag-enceinte-bluetooth","18":"product_tag-enceinte-rechargeable","19":"product_tag-enceinte-sans-fil","20":"product_tag-flash-disque","21":"product_tag-gaming-speaker","22":"product_tag-haut-parleur","23":"product_tag-haut-parleur-bluetooth","24":"product_tag-haut-parleur-portable","25":"product_tag-haut-parleur-rechargeable","26":"product_tag-haut-parleur-sans-fil","27":"product_tag-haut-parleur-audio","28":"product_tag-haut-parleur-bureau","29":"product_tag-haut-parleur-gaming","30":"product_tag-haut-parleur-multimedia","31":"product_tag-haut-parleur-musique","32":"product_tag-haut-parleur-reduction-de-bruit","33":"product_tag-haut-parleur-usb","34":"product_tag-long-battery-life","35":"product_tag-micro-haut-parleur-sans-fil-sd","36":"product_tag-mp3","37":"product_tag-multimedia-speaker","38":"product_tag-music-speaker","39":"product_tag-noise-cancelling-speaker","40":"product_tag-office-speaker","41":"product_tag-portable-speaker","42":"product_tag-promotion","43":"product_tag-sans-fil","44":"product_tag-sing-e","45":"product_tag-speaker","46":"product_tag-speaker-bluetooth","47":"product_tag-speaker-rechargeable","48":"product_tag-speaker-sans-fil","49":"product_tag-tunisie","50":"product_tag-usb-speaker","51":"product_tag-wireless-speaker","52":"product_tag-zqs","53":"product_tag-1584","54":"product_tag--usb","55":"product_tag-1574","56":"product_tag-1511","57":"product_tag-1509","58":"product_tag-1691","59":"product_tag-1514","60":"product_tag-1689","61":"product_tag-1590","62":"product_tag-1685","63":"product_tag-1696","65":"first","66":"instock","67":"sale","68":"featured","69":"taxable","70":"shipping-taxable","71":"purchasable","72":"product-type-simple"},"aioseo_notices":[],"_links":{"self":[{"href":"https:\/\/info-n.com\/tn\/wp-json\/wp\/v2\/product\/2760","targetHints":{"allow":["GET"]}}],"collection":[{"href":"https:\/\/info-n.com\/tn\/wp-json\/wp\/v2\/product"}],"about":[{"href":"https:\/\/info-n.com\/tn\/wp-json\/wp\/v2\/types\/product"}],"wp:featuredmedia":[{"embeddable":true,"href":"https:\/\/info-n.com\/tn\/wp-json\/wp\/v2\/media\/2452"}],"wp:attachment":[{"href":"https:\/\/info-n.com\/tn\/wp-json\/wp\/v2\/media?parent=2760"}],"wp:term":[{"taxonomy":"product_brand","embeddable":true,"href":"https:\/\/info-n.com\/tn\/wp-json\/wp\/v2\/product_brand?post=2760"},{"taxonomy":"product_cat","embeddable":true,"href":"https:\/\/info-n.com\/tn\/wp-json\/wp\/v2\/product_cat?post=2760"},{"taxonomy":"product_tag","embeddable":true,"href":"https:\/\/info-n.com\/tn\/wp-json\/wp\/v2\/product_tag?post=2760"}],"curies":[{"name":"wp","href":"https:\/\/api.w.org\/{rel}","templated":true}]}}