{"id":2764,"date":"2026-03-22T15:57:35","date_gmt":"2026-03-22T14:57:35","guid":{"rendered":"https:\/\/info-n.com\/?post_type=product&#038;p=2764"},"modified":"2026-04-12T17:59:09","modified_gmt":"2026-04-12T16:59:09","slug":"haut-parleur-sans-fil-k12-avec-2-microphone-sans-fil-bleu","status":"publish","type":"product","link":"https:\/\/info-n.com\/tn\/shop\/haut-parleur-sans-fil-k12-avec-2-microphone-sans-fil-bleu\/","title":{"rendered":"Haut Parleur Sans Fil Rechargeable K12 avec 2 Microphone Sans Fil &#8211; Bleu"},"content":{"rendered":"<div class=\"Y3BBE\" data-sfc-cp=\"\" data-sfc-root=\"c\" data-sfc-cb=\"\" data-hveid=\"CAEIARAA\" data-complete=\"true\" data-processed=\"true\"><span data-subtree=\"aimfl\" data-processed=\"true\">Haut Parleur Sans Fil Rechargeable K12 avec 2 Microphone Sans Fil &#8211; Bleu<\/span><\/div>\n<div class=\"Y3BBE\" data-sfc-cp=\"\" data-sfc-root=\"c\" data-sfc-cb=\"\" data-hveid=\"CAEIARAA\" data-complete=\"true\" data-processed=\"true\"><span data-subtree=\"aimfl\" data-processed=\"true\">Bluetooth 5.3 avec port\u00e9e 10 m\u00e8tres &#8211; Puissance de sortie 5W &#8211; Inclus deux microphones sans fil avec effets de voix magiques &#8211; Lecture USB, Carte Micro SD (TF) et Entr\u00e9e AUX &#8211; \u00c9clairage LED RVB multi-modes &#8211; Batterie enceinte 1200 mAh (4 \u00e0 8h d&rsquo;autonomie) &#8211; Batterie micros (2h d&rsquo;autonomie) &#8211; Chargement via port Type-C &#8211; Design compact et l\u00e9ger (430g) sp\u00e9cial Karaok\u00e9.<\/span><\/div>\n","protected":false},"excerpt":{"rendered":"<p>Le haut-parleur sans fil K12 est un syst\u00e8me de karaok\u00e9 portable et compact, souvent vendu avec deux microphones sans fil, offrant un \u00e9clairage LED RVB et une connectivit\u00e9 polyvalente.<\/p>\n","protected":false},"featured_media":2450,"template":"","meta":[],"product_brand":[],"product_cat":[715,718],"product_tag":[1701,1684,1582,1313,116,1540,171,233,1705,1706,271,272,1314,1302,293,1687,310,311,316,317,320,1683,1669,1672,1677,1675,1695,1680,366,1704,1583,1697,429,431,1699,1698,1708,1709,452,1690,1686,1694,1688,1542,545,1700,37,581,1315,582,1703,1909,1707,1692,1702,1541,1584,1711,1693,1574,1511,1509,1691,1514,1689,1590,1685,1696,1710,1714,1712,1713,1715],"class_list":{"0":"post-2764","1":"product","2":"type-product","3":"status-publish","4":"has-post-thumbnail","6":"product_cat-haut-parleur-sans-fil","7":"product_cat-microphone","8":"product_tag-audio-mic","9":"product_tag-audio-speaker","10":"product_tag-autonomie-longue-duree","11":"product_tag-baffle","12":"product_tag-bluetooth","13":"product_tag-bluetooth-speaker","14":"product_tag-carte-memoire","15":"product_tag-cle-usb","16":"product_tag-condenser-microphone","17":"product_tag-dynamic-microphone","18":"product_tag-enceinte","19":"product_tag-enceinte-bluetooth","20":"product_tag-enceinte-rechargeable","21":"product_tag-enceinte-sans-fil","22":"product_tag-flash-disque","23":"product_tag-gaming-speaker","24":"product_tag-haut-parleur","25":"product_tag-haut-parleur-bluetooth","26":"product_tag-haut-parleur-portable","27":"product_tag-haut-parleur-rechargeable","28":"product_tag-haut-parleur-sans-fil","29":"product_tag-haut-parleur-audio","30":"product_tag-haut-parleur-bureau","31":"product_tag-haut-parleur-gaming","32":"product_tag-haut-parleur-multimedia","33":"product_tag-haut-parleur-musique","34":"product_tag-haut-parleur-reduction-de-bruit","35":"product_tag-haut-parleur-usb","36":"product_tag-karaoke","37":"product_tag-lavalier-microphone","38":"product_tag-long-battery-life","39":"product_tag-mic","40":"product_tag-micro-haut-parleur-sans-fil-sd","41":"product_tag-microphone","42":"product_tag-microphone-audio","43":"product_tag-microphone-device","44":"product_tag-microphone-for-recording","45":"product_tag-microphone-for-streaming","46":"product_tag-mp3","47":"product_tag-multimedia-speaker","48":"product_tag-music-speaker","49":"product_tag-noise-cancelling-speaker","50":"product_tag-office-speaker","51":"product_tag-portable-speaker","52":"product_tag-sans-fil","53":"product_tag-sound-microphone","54":"product_tag-speaker","55":"product_tag-speaker-bluetooth","56":"product_tag-speaker-rechargeable","57":"product_tag-speaker-sans-fil","58":"product_tag-studio-microphone","59":"product_tag-tunisie","60":"product_tag-usb-microphone","61":"product_tag-usb-speaker","62":"product_tag-wireless-microphone","63":"product_tag-wireless-speaker","64":"product_tag-1584","65":"product_tag-1711","66":"product_tag--usb","67":"product_tag-1574","68":"product_tag-1511","69":"product_tag-1509","70":"product_tag-1691","71":"product_tag-1514","72":"product_tag-1689","73":"product_tag-1590","74":"product_tag-1685","75":"product_tag-1696","76":"product_tag-1710","77":"product_tag-1714","78":"product_tag-1712","79":"product_tag-1713","80":"product_tag-1715","82":"first","83":"instock","84":"sale","85":"taxable","86":"shipping-taxable","87":"purchasable","88":"product-type-simple"},"aioseo_notices":[],"_links":{"self":[{"href":"https:\/\/info-n.com\/tn\/wp-json\/wp\/v2\/product\/2764","targetHints":{"allow":["GET"]}}],"collection":[{"href":"https:\/\/info-n.com\/tn\/wp-json\/wp\/v2\/product"}],"about":[{"href":"https:\/\/info-n.com\/tn\/wp-json\/wp\/v2\/types\/product"}],"wp:featuredmedia":[{"embeddable":true,"href":"https:\/\/info-n.com\/tn\/wp-json\/wp\/v2\/media\/2450"}],"wp:attachment":[{"href":"https:\/\/info-n.com\/tn\/wp-json\/wp\/v2\/media?parent=2764"}],"wp:term":[{"taxonomy":"product_brand","embeddable":true,"href":"https:\/\/info-n.com\/tn\/wp-json\/wp\/v2\/product_brand?post=2764"},{"taxonomy":"product_cat","embeddable":true,"href":"https:\/\/info-n.com\/tn\/wp-json\/wp\/v2\/product_cat?post=2764"},{"taxonomy":"product_tag","embeddable":true,"href":"https:\/\/info-n.com\/tn\/wp-json\/wp\/v2\/product_tag?post=2764"}],"curies":[{"name":"wp","href":"https:\/\/api.w.org\/{rel}","templated":true}]}}