{"id":2765,"date":"2026-03-22T15:59:31","date_gmt":"2026-03-22T14:59:31","guid":{"rendered":"https:\/\/info-n.com\/?post_type=product&#038;p=2765"},"modified":"2026-04-12T17:59:09","modified_gmt":"2026-04-12T16:59:09","slug":"haut-parleur-sans-fil-sing-e-zqs-1361-avec-microphone","status":"publish","type":"product","link":"https:\/\/info-n.com\/tn\/shop\/haut-parleur-sans-fil-sing-e-zqs-1361-avec-microphone\/","title":{"rendered":"Haut Parleur Sans Fil Rechargeable SING-E ZQS-1361 avec Microphone"},"content":{"rendered":"<p>Haut Parleur Sans Fil Rechargeable SING-E ZQS-1361 avec Microphone<\/p>\n<p>Mini-enceinte portable Bluetooth 5.0 &#8211; Haut-parleur 3 pouces avec effet Subwoofer &#8211; Puissance 5W &#8211; Microphone filaire inclus pour Karaok\u00e9 &#8211; Fonction TWS (True Wireless Stereo) &#8211; Port USB, lecteur carte Micro SD (TF) et Radio FM &#8211; \u00c9clairage LED RVB festif &#8211; Batterie Lithium rechargeable 1200 mAh (3.7V) &#8211; Chargement via port Type-C &#8211; Design compact avec poign\u00e9e de transport.<\/p>\n","protected":false},"excerpt":{"rendered":"<p>Le haut-parleur sans fil SING-E ZQS-1361 est une mini-enceinte portable con\u00e7ue pour le divertissement en ext\u00e9rieur et le karaok\u00e9, dot\u00e9e d&rsquo;un microphone filaire inclus et de lumi\u00e8res LED.<\/p>\n","protected":false},"featured_media":2453,"template":"","meta":[],"product_brand":[555],"product_cat":[715,718],"product_tag":[1701,1684,1582,1313,116,1540,171,233,1705,1706,271,272,1314,1302,293,1687,310,311,316,317,320,1683,1669,1672,1677,1675,1695,1680,361,366,1704,1583,1697,429,431,1699,1698,1708,1709,452,1690,1686,1694,1688,1542,545,1700,37,581,1315,582,1703,1909,1707,1692,1702,1541,1584,1711,1693,1574,1511,1509,1691,1514,1689,1590,1685,1696,1710,1714,1712,1713,1715],"class_list":{"0":"post-2765","1":"product","2":"type-product","3":"status-publish","4":"has-post-thumbnail","6":"product_brand-sing-e","7":"product_cat-haut-parleur-sans-fil","8":"product_cat-microphone","9":"product_tag-audio-mic","10":"product_tag-audio-speaker","11":"product_tag-autonomie-longue-duree","12":"product_tag-baffle","13":"product_tag-bluetooth","14":"product_tag-bluetooth-speaker","15":"product_tag-carte-memoire","16":"product_tag-cle-usb","17":"product_tag-condenser-microphone","18":"product_tag-dynamic-microphone","19":"product_tag-enceinte","20":"product_tag-enceinte-bluetooth","21":"product_tag-enceinte-rechargeable","22":"product_tag-enceinte-sans-fil","23":"product_tag-flash-disque","24":"product_tag-gaming-speaker","25":"product_tag-haut-parleur","26":"product_tag-haut-parleur-bluetooth","27":"product_tag-haut-parleur-portable","28":"product_tag-haut-parleur-rechargeable","29":"product_tag-haut-parleur-sans-fil","30":"product_tag-haut-parleur-audio","31":"product_tag-haut-parleur-bureau","32":"product_tag-haut-parleur-gaming","33":"product_tag-haut-parleur-multimedia","34":"product_tag-haut-parleur-musique","35":"product_tag-haut-parleur-reduction-de-bruit","36":"product_tag-haut-parleur-usb","37":"product_tag-k12","38":"product_tag-karaoke","39":"product_tag-lavalier-microphone","40":"product_tag-long-battery-life","41":"product_tag-mic","42":"product_tag-micro-haut-parleur-sans-fil-sd","43":"product_tag-microphone","44":"product_tag-microphone-audio","45":"product_tag-microphone-device","46":"product_tag-microphone-for-recording","47":"product_tag-microphone-for-streaming","48":"product_tag-mp3","49":"product_tag-multimedia-speaker","50":"product_tag-music-speaker","51":"product_tag-noise-cancelling-speaker","52":"product_tag-office-speaker","53":"product_tag-portable-speaker","54":"product_tag-sans-fil","55":"product_tag-sound-microphone","56":"product_tag-speaker","57":"product_tag-speaker-bluetooth","58":"product_tag-speaker-rechargeable","59":"product_tag-speaker-sans-fil","60":"product_tag-studio-microphone","61":"product_tag-tunisie","62":"product_tag-usb-microphone","63":"product_tag-usb-speaker","64":"product_tag-wireless-microphone","65":"product_tag-wireless-speaker","66":"product_tag-1584","67":"product_tag-1711","68":"product_tag--usb","69":"product_tag-1574","70":"product_tag-1511","71":"product_tag-1509","72":"product_tag-1691","73":"product_tag-1514","74":"product_tag-1689","75":"product_tag-1590","76":"product_tag-1685","77":"product_tag-1696","78":"product_tag-1710","79":"product_tag-1714","80":"product_tag-1712","81":"product_tag-1713","82":"product_tag-1715","84":"first","85":"instock","86":"sale","87":"taxable","88":"shipping-taxable","89":"purchasable","90":"product-type-simple"},"aioseo_notices":[],"_links":{"self":[{"href":"https:\/\/info-n.com\/tn\/wp-json\/wp\/v2\/product\/2765","targetHints":{"allow":["GET"]}}],"collection":[{"href":"https:\/\/info-n.com\/tn\/wp-json\/wp\/v2\/product"}],"about":[{"href":"https:\/\/info-n.com\/tn\/wp-json\/wp\/v2\/types\/product"}],"wp:featuredmedia":[{"embeddable":true,"href":"https:\/\/info-n.com\/tn\/wp-json\/wp\/v2\/media\/2453"}],"wp:attachment":[{"href":"https:\/\/info-n.com\/tn\/wp-json\/wp\/v2\/media?parent=2765"}],"wp:term":[{"taxonomy":"product_brand","embeddable":true,"href":"https:\/\/info-n.com\/tn\/wp-json\/wp\/v2\/product_brand?post=2765"},{"taxonomy":"product_cat","embeddable":true,"href":"https:\/\/info-n.com\/tn\/wp-json\/wp\/v2\/product_cat?post=2765"},{"taxonomy":"product_tag","embeddable":true,"href":"https:\/\/info-n.com\/tn\/wp-json\/wp\/v2\/product_tag?post=2765"}],"curies":[{"name":"wp","href":"https:\/\/api.w.org\/{rel}","templated":true}]}}