{"id":2766,"date":"2026-03-22T16:01:44","date_gmt":"2026-03-22T15:01:44","guid":{"rendered":"https:\/\/info-n.com\/?post_type=product&#038;p=2766"},"modified":"2026-04-12T17:59:09","modified_gmt":"2026-04-12T16:59:09","slug":"haut-parleur-sans-fil-sing-e-zqs-1366-avec-microphone","status":"publish","type":"product","link":"https:\/\/info-n.com\/tn\/shop\/haut-parleur-sans-fil-sing-e-zqs-1366-avec-microphone\/","title":{"rendered":"Haut Parleur Sans Fil Rechargeable SING-E ZQS-1366 avec Microphone"},"content":{"rendered":"<p>Haut Parleur Sans Fil Rechargeable SING-E ZQS-1366 avec Microphone<br \/>\nSING-E ZQS-1366 &#8211; Mini-enceinte portable karaok\u00e9 et ext\u00e9rieur &#8211; Microphone filaire inclus &#8211; LED RVB &#8211; Bluetooth v5.0 (10 m) &#8211; Puissance 8 W &#8211; Haut-parleur 3&Prime; Super Bass &#8211; USB\/TF\/AUX\/FM &#8211; TWS st\u00e9r\u00e9o &#8211; Port MIC &#8211; \u00c9clairage LED clignotant &#8211; Design compact 600 g &#8211; Support t\u00e9l\u00e9phone &#8211; Bo\u00eetier PP+ABS &#8211; Batterie lithium 1200 mAh (3.7V) &#8211; Autonomie 3-4 h &#8211; Charge 2-4 h &#8211; Port Type-C<\/p>\n","protected":false},"excerpt":{"rendered":"<p>Le haut-parleur sans fil SING-E ZQS-1366 est une mini-enceinte portable con\u00e7ue pour le karaok\u00e9 et l&rsquo;ext\u00e9rieur, avec un microphone filaire inclus et des lumi\u00e8res LED RVB.<\/p>\n","protected":false},"featured_media":2454,"template":"","meta":[],"product_brand":[555],"product_cat":[715,718],"product_tag":[1701,1684,1582,1313,116,1540,171,233,1705,1706,271,272,1314,1302,293,1687,310,311,316,317,320,1683,1669,1672,1677,1675,1695,1680,366,1704,1583,1697,429,431,1699,1698,1708,1709,452,1690,1686,1694,1688,1542,545,556,1700,37,581,1315,582,1703,1909,1707,1692,1702,1541,688,1584,1711,1693,1574,1511,1509,1691,1514,1689,1590,1685,1696,1710,1714,1712,1713,1715],"class_list":{"0":"post-2766","1":"product","2":"type-product","3":"status-publish","4":"has-post-thumbnail","6":"product_brand-sing-e","7":"product_cat-haut-parleur-sans-fil","8":"product_cat-microphone","9":"product_tag-audio-mic","10":"product_tag-audio-speaker","11":"product_tag-autonomie-longue-duree","12":"product_tag-baffle","13":"product_tag-bluetooth","14":"product_tag-bluetooth-speaker","15":"product_tag-carte-memoire","16":"product_tag-cle-usb","17":"product_tag-condenser-microphone","18":"product_tag-dynamic-microphone","19":"product_tag-enceinte","20":"product_tag-enceinte-bluetooth","21":"product_tag-enceinte-rechargeable","22":"product_tag-enceinte-sans-fil","23":"product_tag-flash-disque","24":"product_tag-gaming-speaker","25":"product_tag-haut-parleur","26":"product_tag-haut-parleur-bluetooth","27":"product_tag-haut-parleur-portable","28":"product_tag-haut-parleur-rechargeable","29":"product_tag-haut-parleur-sans-fil","30":"product_tag-haut-parleur-audio","31":"product_tag-haut-parleur-bureau","32":"product_tag-haut-parleur-gaming","33":"product_tag-haut-parleur-multimedia","34":"product_tag-haut-parleur-musique","35":"product_tag-haut-parleur-reduction-de-bruit","36":"product_tag-haut-parleur-usb","37":"product_tag-karaoke","38":"product_tag-lavalier-microphone","39":"product_tag-long-battery-life","40":"product_tag-mic","41":"product_tag-micro-haut-parleur-sans-fil-sd","42":"product_tag-microphone","43":"product_tag-microphone-audio","44":"product_tag-microphone-device","45":"product_tag-microphone-for-recording","46":"product_tag-microphone-for-streaming","47":"product_tag-mp3","48":"product_tag-multimedia-speaker","49":"product_tag-music-speaker","50":"product_tag-noise-cancelling-speaker","51":"product_tag-office-speaker","52":"product_tag-portable-speaker","53":"product_tag-sans-fil","54":"product_tag-sing-e","55":"product_tag-sound-microphone","56":"product_tag-speaker","57":"product_tag-speaker-bluetooth","58":"product_tag-speaker-rechargeable","59":"product_tag-speaker-sans-fil","60":"product_tag-studio-microphone","61":"product_tag-tunisie","62":"product_tag-usb-microphone","63":"product_tag-usb-speaker","64":"product_tag-wireless-microphone","65":"product_tag-wireless-speaker","66":"product_tag-zqs","67":"product_tag-1584","68":"product_tag-1711","69":"product_tag--usb","70":"product_tag-1574","71":"product_tag-1511","72":"product_tag-1509","73":"product_tag-1691","74":"product_tag-1514","75":"product_tag-1689","76":"product_tag-1590","77":"product_tag-1685","78":"product_tag-1696","79":"product_tag-1710","80":"product_tag-1714","81":"product_tag-1712","82":"product_tag-1713","83":"product_tag-1715","85":"first","86":"instock","87":"sale","88":"taxable","89":"shipping-taxable","90":"purchasable","91":"product-type-simple"},"aioseo_notices":[],"_links":{"self":[{"href":"https:\/\/info-n.com\/tn\/wp-json\/wp\/v2\/product\/2766","targetHints":{"allow":["GET"]}}],"collection":[{"href":"https:\/\/info-n.com\/tn\/wp-json\/wp\/v2\/product"}],"about":[{"href":"https:\/\/info-n.com\/tn\/wp-json\/wp\/v2\/types\/product"}],"wp:featuredmedia":[{"embeddable":true,"href":"https:\/\/info-n.com\/tn\/wp-json\/wp\/v2\/media\/2454"}],"wp:attachment":[{"href":"https:\/\/info-n.com\/tn\/wp-json\/wp\/v2\/media?parent=2766"}],"wp:term":[{"taxonomy":"product_brand","embeddable":true,"href":"https:\/\/info-n.com\/tn\/wp-json\/wp\/v2\/product_brand?post=2766"},{"taxonomy":"product_cat","embeddable":true,"href":"https:\/\/info-n.com\/tn\/wp-json\/wp\/v2\/product_cat?post=2766"},{"taxonomy":"product_tag","embeddable":true,"href":"https:\/\/info-n.com\/tn\/wp-json\/wp\/v2\/product_tag?post=2766"}],"curies":[{"name":"wp","href":"https:\/\/api.w.org\/{rel}","templated":true}]}}