{"id":2767,"date":"2026-03-22T16:02:59","date_gmt":"2026-03-22T15:02:59","guid":{"rendered":"https:\/\/info-n.com\/?post_type=product&#038;p=2767"},"modified":"2026-04-18T13:15:22","modified_gmt":"2026-04-18T12:15:22","slug":"haut-parleur-sans-fil-sing-e-zqs-6162-avec-microphone","status":"publish","type":"product","link":"https:\/\/info-n.com\/tn\/shop\/haut-parleur-sans-fil-sing-e-zqs-6162-avec-microphone\/","title":{"rendered":"Haut Parleur Sans Fil Rechargeable SING-E ZQS-6162 avec Microphone"},"content":{"rendered":"<p>Haut Parleur Sans Fil Rechargeable SING-E ZQS-6162 avec Microphone<\/p>\n<p>Puissance de sortie 15W &#8211; Haut-parleur 6,5 pouces avec \u00e9clairage LED RVB &#8211; Microphone filaire inclus pour Karaok\u00e9 &#8211; Fonction TWS (jumelage de deux enceintes) &#8211; Technologie Bluetooth v5.0 &#8211; Port USB, lecteur Carte Micro SD (TF) et Entr\u00e9e AUX 3.5mm &#8211; Radio FM int\u00e9gr\u00e9e &#8211; Batterie Lithium rechargeable 1800 mAh &#8211; Autonomie 3 \u00e0 5 heures &#8211; Temps de charge 2 \u00e0 3 heures &#8211; Port de charge Micro-USB &#8211; Poign\u00e9e de transport int\u00e9gr\u00e9e.<\/p>\n","protected":false},"excerpt":{"rendered":"<p>Le haut-parleur sans fil SING-E ZQS-6162 est une enceinte portable con\u00e7ue pour les f\u00eates et l&rsquo;ext\u00e9rieur, offrant des lumi\u00e8res LED RVB, un son puissant, et la fonctionnalit\u00e9 karaok\u00e9 gr\u00e2ce \u00e0 son microphone inclus.<\/p>\n","protected":false},"featured_media":2455,"template":"","meta":[],"product_brand":[555],"product_cat":[297,715,718],"product_tag":[1701,1684,1582,1313,116,1540,171,233,1705,1706,271,272,1314,1302,293,1687,310,311,316,317,320,1683,1669,1672,1677,1675,1695,1680,366,1704,1583,1697,429,431,1699,1698,1708,1709,452,1690,1686,1694,1688,1542,499,545,556,1700,37,581,1315,582,1703,1909,1707,1692,1702,1541,688,1584,1711,1693,1574,1511,1509,1691,1514,1689,1590,1685,1696,1710,1714,1712,1713,1715],"class_list":{"0":"post-2767","1":"product","2":"type-product","3":"status-publish","4":"has-post-thumbnail","6":"product_brand-sing-e","7":"product_cat-promo","8":"product_cat-haut-parleur-sans-fil","9":"product_cat-microphone","10":"product_tag-audio-mic","11":"product_tag-audio-speaker","12":"product_tag-autonomie-longue-duree","13":"product_tag-baffle","14":"product_tag-bluetooth","15":"product_tag-bluetooth-speaker","16":"product_tag-carte-memoire","17":"product_tag-cle-usb","18":"product_tag-condenser-microphone","19":"product_tag-dynamic-microphone","20":"product_tag-enceinte","21":"product_tag-enceinte-bluetooth","22":"product_tag-enceinte-rechargeable","23":"product_tag-enceinte-sans-fil","24":"product_tag-flash-disque","25":"product_tag-gaming-speaker","26":"product_tag-haut-parleur","27":"product_tag-haut-parleur-bluetooth","28":"product_tag-haut-parleur-portable","29":"product_tag-haut-parleur-rechargeable","30":"product_tag-haut-parleur-sans-fil","31":"product_tag-haut-parleur-audio","32":"product_tag-haut-parleur-bureau","33":"product_tag-haut-parleur-gaming","34":"product_tag-haut-parleur-multimedia","35":"product_tag-haut-parleur-musique","36":"product_tag-haut-parleur-reduction-de-bruit","37":"product_tag-haut-parleur-usb","38":"product_tag-karaoke","39":"product_tag-lavalier-microphone","40":"product_tag-long-battery-life","41":"product_tag-mic","42":"product_tag-micro-haut-parleur-sans-fil-sd","43":"product_tag-microphone","44":"product_tag-microphone-audio","45":"product_tag-microphone-device","46":"product_tag-microphone-for-recording","47":"product_tag-microphone-for-streaming","48":"product_tag-mp3","49":"product_tag-multimedia-speaker","50":"product_tag-music-speaker","51":"product_tag-noise-cancelling-speaker","52":"product_tag-office-speaker","53":"product_tag-portable-speaker","54":"product_tag-promotion","55":"product_tag-sans-fil","56":"product_tag-sing-e","57":"product_tag-sound-microphone","58":"product_tag-speaker","59":"product_tag-speaker-bluetooth","60":"product_tag-speaker-rechargeable","61":"product_tag-speaker-sans-fil","62":"product_tag-studio-microphone","63":"product_tag-tunisie","64":"product_tag-usb-microphone","65":"product_tag-usb-speaker","66":"product_tag-wireless-microphone","67":"product_tag-wireless-speaker","68":"product_tag-zqs","69":"product_tag-1584","70":"product_tag-1711","71":"product_tag--usb","72":"product_tag-1574","73":"product_tag-1511","74":"product_tag-1509","75":"product_tag-1691","76":"product_tag-1514","77":"product_tag-1689","78":"product_tag-1590","79":"product_tag-1685","80":"product_tag-1696","81":"product_tag-1710","82":"product_tag-1714","83":"product_tag-1712","84":"product_tag-1713","85":"product_tag-1715","87":"first","88":"instock","89":"sale","90":"featured","91":"taxable","92":"shipping-taxable","93":"purchasable","94":"product-type-simple"},"aioseo_notices":[],"_links":{"self":[{"href":"https:\/\/info-n.com\/tn\/wp-json\/wp\/v2\/product\/2767","targetHints":{"allow":["GET"]}}],"collection":[{"href":"https:\/\/info-n.com\/tn\/wp-json\/wp\/v2\/product"}],"about":[{"href":"https:\/\/info-n.com\/tn\/wp-json\/wp\/v2\/types\/product"}],"wp:featuredmedia":[{"embeddable":true,"href":"https:\/\/info-n.com\/tn\/wp-json\/wp\/v2\/media\/2455"}],"wp:attachment":[{"href":"https:\/\/info-n.com\/tn\/wp-json\/wp\/v2\/media?parent=2767"}],"wp:term":[{"taxonomy":"product_brand","embeddable":true,"href":"https:\/\/info-n.com\/tn\/wp-json\/wp\/v2\/product_brand?post=2767"},{"taxonomy":"product_cat","embeddable":true,"href":"https:\/\/info-n.com\/tn\/wp-json\/wp\/v2\/product_cat?post=2767"},{"taxonomy":"product_tag","embeddable":true,"href":"https:\/\/info-n.com\/tn\/wp-json\/wp\/v2\/product_tag?post=2767"}],"curies":[{"name":"wp","href":"https:\/\/api.w.org\/{rel}","templated":true}]}}