{"id":2769,"date":"2026-03-22T16:04:52","date_gmt":"2026-03-22T15:04:52","guid":{"rendered":"https:\/\/info-n.com\/?post_type=product&#038;p=2769"},"modified":"2026-04-12T17:59:09","modified_gmt":"2026-04-12T16:59:09","slug":"haut-parleur-sans-fil-4-en-1-g63","status":"publish","type":"product","link":"https:\/\/info-n.com\/tn\/shop\/haut-parleur-sans-fil-4-en-1-g63\/","title":{"rendered":"Haut Parleur Sans Fil Rechargeable 4en1 G63 &#8211; Multifonction"},"content":{"rendered":"<p>Haut Parleur Sans Fil Rechargeable 4en1 G63 &#8211; Multifonction<\/p>\n<p>Puissance de sortie 5W &#8211; Chargeur sans fil rapide 15W int\u00e9gr\u00e9 &#8211; Lampe LED RVB avec 256 modes d&rsquo;\u00e9clairage et 16 millions de couleurs &#8211; Horloge num\u00e9rique avec fonction r\u00e9veil &#8211; Radio FM int\u00e9gr\u00e9e &#8211; Connectivit\u00e9 Bluetooth 5.2 &#8211; Lecteur de carte Micro SD (TF) et entr\u00e9e AUX &#8211; Batterie rechargeable 1200 mAh &#8211; Autonomie 3 \u00e0 5 heures &#8211; Chargement via port Type-C &#8211; Design moderne en forme de \u00ab\u00a0G\u00a0\u00bb.<\/p>\n","protected":false},"excerpt":{"rendered":"<p>Le haut-parleur sans fil G63 est un appareil multifonction 4-en-1 qui combine une enceinte Bluetooth, une lampe d&rsquo;ambiance LED RGB, une fonction r\u00e9veil\/horloge et un chargeur sans fil.<\/p>\n","protected":false},"featured_media":2448,"template":"","meta":[],"product_brand":[],"product_cat":[705,715,724],"product_tag":[1684,1582,1313,116,1540,171,233,271,272,1314,1302,293,298,1687,310,311,316,317,320,1683,1669,1672,1677,1675,1695,1680,1583,429,452,1690,1686,1694,1688,1795,1825,1542,545,37,581,1315,582,613,615,1909,1692,1541,1584,1826,1693,1574,1511,1509,1691,1514,1689,1590,1797,1454,1796,1685,1696],"class_list":{"0":"post-2769","1":"product","2":"type-product","3":"status-publish","4":"has-post-thumbnail","6":"product_cat-chargeur-telephone","7":"product_cat-haut-parleur-sans-fil","8":"product_cat-support-smartphone","9":"product_tag-audio-speaker","10":"product_tag-autonomie-longue-duree","11":"product_tag-baffle","12":"product_tag-bluetooth","13":"product_tag-bluetooth-speaker","14":"product_tag-carte-memoire","15":"product_tag-cle-usb","16":"product_tag-enceinte","17":"product_tag-enceinte-bluetooth","18":"product_tag-enceinte-rechargeable","19":"product_tag-enceinte-sans-fil","20":"product_tag-flash-disque","21":"product_tag-g63","22":"product_tag-gaming-speaker","23":"product_tag-haut-parleur","24":"product_tag-haut-parleur-bluetooth","25":"product_tag-haut-parleur-portable","26":"product_tag-haut-parleur-rechargeable","27":"product_tag-haut-parleur-sans-fil","28":"product_tag-haut-parleur-audio","29":"product_tag-haut-parleur-bureau","30":"product_tag-haut-parleur-gaming","31":"product_tag-haut-parleur-multimedia","32":"product_tag-haut-parleur-musique","33":"product_tag-haut-parleur-reduction-de-bruit","34":"product_tag-haut-parleur-usb","35":"product_tag-long-battery-life","36":"product_tag-micro-haut-parleur-sans-fil-sd","37":"product_tag-mp3","38":"product_tag-multimedia-speaker","39":"product_tag-music-speaker","40":"product_tag-noise-cancelling-speaker","41":"product_tag-office-speaker","42":"product_tag-phone-charger","43":"product_tag-phone-holder","44":"product_tag-portable-speaker","45":"product_tag-sans-fil","46":"product_tag-speaker","47":"product_tag-speaker-bluetooth","48":"product_tag-speaker-rechargeable","49":"product_tag-speaker-sans-fil","50":"product_tag-support-smartphone","51":"product_tag-support-telephone","52":"product_tag-tunisie","53":"product_tag-usb-speaker","54":"product_tag-wireless-speaker","55":"product_tag-1584","56":"product_tag-1826","57":"product_tag--usb","58":"product_tag-1574","59":"product_tag-1511","60":"product_tag-1509","61":"product_tag-1691","62":"product_tag-1514","63":"product_tag-1689","64":"product_tag-1590","65":"product_tag-1797","66":"product_tag-1454","67":"product_tag-1796","68":"product_tag-1685","69":"product_tag-1696","71":"first","72":"instock","73":"sale","74":"taxable","75":"shipping-taxable","76":"purchasable","77":"product-type-simple"},"aioseo_notices":[],"_links":{"self":[{"href":"https:\/\/info-n.com\/tn\/wp-json\/wp\/v2\/product\/2769","targetHints":{"allow":["GET"]}}],"collection":[{"href":"https:\/\/info-n.com\/tn\/wp-json\/wp\/v2\/product"}],"about":[{"href":"https:\/\/info-n.com\/tn\/wp-json\/wp\/v2\/types\/product"}],"wp:featuredmedia":[{"embeddable":true,"href":"https:\/\/info-n.com\/tn\/wp-json\/wp\/v2\/media\/2448"}],"wp:attachment":[{"href":"https:\/\/info-n.com\/tn\/wp-json\/wp\/v2\/media?parent=2769"}],"wp:term":[{"taxonomy":"product_brand","embeddable":true,"href":"https:\/\/info-n.com\/tn\/wp-json\/wp\/v2\/product_brand?post=2769"},{"taxonomy":"product_cat","embeddable":true,"href":"https:\/\/info-n.com\/tn\/wp-json\/wp\/v2\/product_cat?post=2769"},{"taxonomy":"product_tag","embeddable":true,"href":"https:\/\/info-n.com\/tn\/wp-json\/wp\/v2\/product_tag?post=2769"}],"curies":[{"name":"wp","href":"https:\/\/api.w.org\/{rel}","templated":true}]}}