{"id":2771,"date":"2026-03-22T16:09:33","date_gmt":"2026-03-22T15:09:33","guid":{"rendered":"https:\/\/info-n.com\/?post_type=product&#038;p=2771"},"modified":"2026-04-18T13:15:28","modified_gmt":"2026-04-18T12:15:28","slug":"haut-parleur-sans-fil-iconix-ic-bs1350","status":"publish","type":"product","link":"https:\/\/info-n.com\/tn\/shop\/haut-parleur-sans-fil-iconix-ic-bs1350\/","title":{"rendered":"Haut Parleur Sans Fil Rechargeable ICONIX IC-BS1350"},"content":{"rendered":"<p>Haut Parleur Sans Fil Rechargeable ICONIX IC-BS1350<\/p>\n<p>Qualit\u00e9 sonore Hi-Fi immersive &#8211; Connectivit\u00e9 Bluetooth port\u00e9e 10 m\u00e8tres &#8211; Lecteur carte Micro SD et port USB (MP3) &#8211; Entr\u00e9e AUX Jack 3.5mm &#8211; Effets lumineux LED synchronis\u00e9s &#8211; Mode veille intelligent (arr\u00eat apr\u00e8s 30 min) &#8211; Technologie TWS pour couplage st\u00e9r\u00e9o &#8211; Design portable compact.<\/p>\n","protected":false},"excerpt":{"rendered":"<p>Le Haut Parleur Sans Fil ICONIX IC-BS1350 est un haut-parleur Bluetooth portable dot\u00e9 d&rsquo;une connectivit\u00e9 polyvalente, notamment la radio FM, USB et carte SD.<\/p>\n","protected":false},"featured_media":2772,"template":"","meta":[],"product_brand":[337],"product_cat":[297,715],"product_tag":[1684,1582,1313,116,1540,171,233,271,272,1314,1302,293,1687,310,311,316,317,320,1683,1669,1672,1677,1675,1695,1680,1583,429,452,1690,1686,1694,1688,1542,499,545,37,581,1315,582,1909,1692,1541,1584,1693,1574,1511,1509,1691,1514,1689,1590,1685,1696],"class_list":{"0":"post-2771","1":"product","2":"type-product","3":"status-publish","4":"has-post-thumbnail","6":"product_brand-iconix","7":"product_cat-promo","8":"product_cat-haut-parleur-sans-fil","9":"product_tag-audio-speaker","10":"product_tag-autonomie-longue-duree","11":"product_tag-baffle","12":"product_tag-bluetooth","13":"product_tag-bluetooth-speaker","14":"product_tag-carte-memoire","15":"product_tag-cle-usb","16":"product_tag-enceinte","17":"product_tag-enceinte-bluetooth","18":"product_tag-enceinte-rechargeable","19":"product_tag-enceinte-sans-fil","20":"product_tag-flash-disque","21":"product_tag-gaming-speaker","22":"product_tag-haut-parleur","23":"product_tag-haut-parleur-bluetooth","24":"product_tag-haut-parleur-portable","25":"product_tag-haut-parleur-rechargeable","26":"product_tag-haut-parleur-sans-fil","27":"product_tag-haut-parleur-audio","28":"product_tag-haut-parleur-bureau","29":"product_tag-haut-parleur-gaming","30":"product_tag-haut-parleur-multimedia","31":"product_tag-haut-parleur-musique","32":"product_tag-haut-parleur-reduction-de-bruit","33":"product_tag-haut-parleur-usb","34":"product_tag-long-battery-life","35":"product_tag-micro-haut-parleur-sans-fil-sd","36":"product_tag-mp3","37":"product_tag-multimedia-speaker","38":"product_tag-music-speaker","39":"product_tag-noise-cancelling-speaker","40":"product_tag-office-speaker","41":"product_tag-portable-speaker","42":"product_tag-promotion","43":"product_tag-sans-fil","44":"product_tag-speaker","45":"product_tag-speaker-bluetooth","46":"product_tag-speaker-rechargeable","47":"product_tag-speaker-sans-fil","48":"product_tag-tunisie","49":"product_tag-usb-speaker","50":"product_tag-wireless-speaker","51":"product_tag-1584","52":"product_tag--usb","53":"product_tag-1574","54":"product_tag-1511","55":"product_tag-1509","56":"product_tag-1691","57":"product_tag-1514","58":"product_tag-1689","59":"product_tag-1590","60":"product_tag-1685","61":"product_tag-1696","63":"first","64":"instock","65":"sale","66":"featured","67":"taxable","68":"shipping-taxable","69":"purchasable","70":"product-type-simple"},"aioseo_notices":[],"_links":{"self":[{"href":"https:\/\/info-n.com\/tn\/wp-json\/wp\/v2\/product\/2771","targetHints":{"allow":["GET"]}}],"collection":[{"href":"https:\/\/info-n.com\/tn\/wp-json\/wp\/v2\/product"}],"about":[{"href":"https:\/\/info-n.com\/tn\/wp-json\/wp\/v2\/types\/product"}],"wp:featuredmedia":[{"embeddable":true,"href":"https:\/\/info-n.com\/tn\/wp-json\/wp\/v2\/media\/2772"}],"wp:attachment":[{"href":"https:\/\/info-n.com\/tn\/wp-json\/wp\/v2\/media?parent=2771"}],"wp:term":[{"taxonomy":"product_brand","embeddable":true,"href":"https:\/\/info-n.com\/tn\/wp-json\/wp\/v2\/product_brand?post=2771"},{"taxonomy":"product_cat","embeddable":true,"href":"https:\/\/info-n.com\/tn\/wp-json\/wp\/v2\/product_cat?post=2771"},{"taxonomy":"product_tag","embeddable":true,"href":"https:\/\/info-n.com\/tn\/wp-json\/wp\/v2\/product_tag?post=2771"}],"curies":[{"name":"wp","href":"https:\/\/api.w.org\/{rel}","templated":true}]}}