{"id":2778,"date":"2026-03-22T16:13:56","date_gmt":"2026-03-22T15:13:56","guid":{"rendered":"https:\/\/info-n.com\/?post_type=product&#038;p=2778"},"modified":"2026-04-14T16:47:54","modified_gmt":"2026-04-14T15:47:54","slug":"casque-sans-fil-y08-bluetooth-carte-memoire-noir","status":"publish","type":"product","link":"https:\/\/info-n.com\/tn\/shop\/casque-sans-fil-y08-bluetooth-carte-memoire-noir\/","title":{"rendered":"Casque Sans Fil Y08 Bluetooth &#038; Carte M\u00e9moire &#8211; Noir"},"content":{"rendered":"<p>Casque Bluetooth Y08 &#8211; Connectivit\u00e9 : Bluetooth 5.0 + Jack 3.5mm + Slot carte TF &#8211; Autonomie : 8 heures &#8211; Charge : 2 heures &#8211; Audio : Qualit\u00e9 sonore HIFI &#8211; Port\u00e9e : <10m - Compatibilit\u00e9 : 99% appareils Bluetooth - Usage : Musique, appels, sport, d\u00e9placements, gaming\n<\/p>\n","protected":false},"excerpt":{"rendered":"<p>Le casque sans fil Y08 est un mod\u00e8le d&rsquo;entr\u00e9e de gamme ultra-polyvalent.<\/p>\n","protected":false},"featured_media":2370,"template":"","meta":[],"product_brand":[],"product_cat":[704],"product_tag":[1585,1582,116,175,1505,177,178,1587,190,192,257,259,262,1586,1583,1589,456,1579,1580,545,1909,1577,683,1581,1584,1588,1511,1578,1570,1590],"class_list":{"0":"post-2778","1":"product","2":"type-product","3":"status-publish","4":"has-post-thumbnail","6":"product_cat-casque-sans-fil","7":"product_tag-audio-headset","8":"product_tag-autonomie-longue-duree","9":"product_tag-bluetooth","10":"product_tag-casque","11":"product_tag-casque-audio","12":"product_tag-casque-bluetooth","13":"product_tag-casque-bt","14":"product_tag-casque-gaming-sans-fil","15":"product_tag-casque-sans-fil","16":"product_tag-casque-y08","17":"product_tag-ecouteur","18":"product_tag-ecouteur-bluetooth","19":"product_tag-ecouteur-sans-fil","20":"product_tag-gaming-headset-wireless","21":"product_tag-long-battery-life","22":"product_tag-music-headphones","23":"product_tag-musique","24":"product_tag-noise-cancelling","25":"product_tag-reduction-de-bruit","26":"product_tag-sans-fil","27":"product_tag-tunisie","28":"product_tag-wireless-headphones","29":"product_tag-y08","30":"product_tag-1581","31":"product_tag-1584","32":"product_tag-1588","33":"product_tag-1511","34":"product_tag-1578","35":"product_tag-1570","36":"product_tag-1590","38":"first","39":"instock","40":"sale","41":"taxable","42":"shipping-taxable","43":"purchasable","44":"product-type-simple"},"aioseo_notices":[],"_links":{"self":[{"href":"https:\/\/info-n.com\/tn\/wp-json\/wp\/v2\/product\/2778","targetHints":{"allow":["GET"]}}],"collection":[{"href":"https:\/\/info-n.com\/tn\/wp-json\/wp\/v2\/product"}],"about":[{"href":"https:\/\/info-n.com\/tn\/wp-json\/wp\/v2\/types\/product"}],"wp:featuredmedia":[{"embeddable":true,"href":"https:\/\/info-n.com\/tn\/wp-json\/wp\/v2\/media\/2370"}],"wp:attachment":[{"href":"https:\/\/info-n.com\/tn\/wp-json\/wp\/v2\/media?parent=2778"}],"wp:term":[{"taxonomy":"product_brand","embeddable":true,"href":"https:\/\/info-n.com\/tn\/wp-json\/wp\/v2\/product_brand?post=2778"},{"taxonomy":"product_cat","embeddable":true,"href":"https:\/\/info-n.com\/tn\/wp-json\/wp\/v2\/product_cat?post=2778"},{"taxonomy":"product_tag","embeddable":true,"href":"https:\/\/info-n.com\/tn\/wp-json\/wp\/v2\/product_tag?post=2778"}],"curies":[{"name":"wp","href":"https:\/\/api.w.org\/{rel}","templated":true}]}}