{"id":2782,"date":"2026-03-22T16:22:32","date_gmt":"2026-03-22T15:22:32","guid":{"rendered":"https:\/\/info-n.com\/?post_type=product&#038;p=2782"},"modified":"2026-04-18T13:15:25","modified_gmt":"2026-04-18T12:15:25","slug":"casque-sans-fil-p9-pro-max-bluetooth-carte-memoire-vert","status":"publish","type":"product","link":"https:\/\/info-n.com\/tn\/shop\/casque-sans-fil-p9-pro-max-bluetooth-carte-memoire-vert\/","title":{"rendered":"Casque Sans Fil P9 PRO MAX Bluetooth &#038; Carte M\u00e9moire &#8211; Vert"},"content":{"rendered":"<p>Casque Bluetooth P9 Pro Max &#8211; Connectivit\u00e9 : Bluetooth 5.1 + Jack 3.5mm + Slot carte SD &#8211; Batterie : 400 mAh &#8211; Autonomie : 10 heures (veille >120h) &#8211; Charge : 2 heures USB &#8211; Port\u00e9e : 10m &#8211; Sensibilit\u00e9 : -105 dB \u00b1 3 dB &#8211; Imp\u00e9dance : 32 \u03a9 &#8211; Tension : 3.7-5V DC &#8211; Fonctions : \u00c9tanche, suppression du bruit, microphone int\u00e9gr\u00e9, appels mains libres &#8211; Compatibilit\u00e9 : Smartphones, tablettes, PC &#8211; Usage : Musique, sport, gaming, appels, d\u00e9placements<\/p>\n","protected":false},"excerpt":{"rendered":"<p>Le casque sans fil P9 PRO MAX Bluetooth offre une solution audio polyvalente et abordable, con\u00e7ue pour un usage quotidien.<\/p>\n","protected":false},"featured_media":2356,"template":"","meta":[],"product_brand":[],"product_cat":[704,297],"product_tag":[1585,1582,116,175,1505,177,178,179,1587,186,189,190,257,259,262,1586,1583,418,1589,456,1579,466,495,499,1580,545,1909,1577,1581,1584,1588,1511,1578,1570,1590],"class_list":{"0":"post-2782","1":"product","2":"type-product","3":"status-publish","4":"has-post-thumbnail","6":"product_cat-casque-sans-fil","7":"product_cat-promo","8":"product_tag-audio-headset","9":"product_tag-autonomie-longue-duree","10":"product_tag-bluetooth","11":"product_tag-casque","12":"product_tag-casque-audio","13":"product_tag-casque-bluetooth","14":"product_tag-casque-bt","15":"product_tag-casque-carte-memoire","16":"product_tag-casque-gaming-sans-fil","17":"product_tag-casque-micro-sd","18":"product_tag-casque-p9","19":"product_tag-casque-sans-fil","20":"product_tag-ecouteur","21":"product_tag-ecouteur-bluetooth","22":"product_tag-ecouteur-sans-fil","23":"product_tag-gaming-headset-wireless","24":"product_tag-long-battery-life","25":"product_tag-max","26":"product_tag-music-headphones","27":"product_tag-musique","28":"product_tag-noise-cancelling","29":"product_tag-p9","30":"product_tag-pro","31":"product_tag-promotion","32":"product_tag-reduction-de-bruit","33":"product_tag-sans-fil","34":"product_tag-tunisie","35":"product_tag-wireless-headphones","36":"product_tag-1581","37":"product_tag-1584","38":"product_tag-1588","39":"product_tag-1511","40":"product_tag-1578","41":"product_tag-1570","42":"product_tag-1590","44":"first","45":"instock","46":"sale","47":"featured","48":"taxable","49":"shipping-taxable","50":"purchasable","51":"product-type-simple"},"aioseo_notices":[],"_links":{"self":[{"href":"https:\/\/info-n.com\/tn\/wp-json\/wp\/v2\/product\/2782","targetHints":{"allow":["GET"]}}],"collection":[{"href":"https:\/\/info-n.com\/tn\/wp-json\/wp\/v2\/product"}],"about":[{"href":"https:\/\/info-n.com\/tn\/wp-json\/wp\/v2\/types\/product"}],"wp:featuredmedia":[{"embeddable":true,"href":"https:\/\/info-n.com\/tn\/wp-json\/wp\/v2\/media\/2356"}],"wp:attachment":[{"href":"https:\/\/info-n.com\/tn\/wp-json\/wp\/v2\/media?parent=2782"}],"wp:term":[{"taxonomy":"product_brand","embeddable":true,"href":"https:\/\/info-n.com\/tn\/wp-json\/wp\/v2\/product_brand?post=2782"},{"taxonomy":"product_cat","embeddable":true,"href":"https:\/\/info-n.com\/tn\/wp-json\/wp\/v2\/product_cat?post=2782"},{"taxonomy":"product_tag","embeddable":true,"href":"https:\/\/info-n.com\/tn\/wp-json\/wp\/v2\/product_tag?post=2782"}],"curies":[{"name":"wp","href":"https:\/\/api.w.org\/{rel}","templated":true}]}}