{"id":2786,"date":"2026-03-22T16:27:56","date_gmt":"2026-03-22T15:27:56","guid":{"rendered":"https:\/\/info-n.com\/?post_type=product&#038;p=2786"},"modified":"2026-04-18T13:15:27","modified_gmt":"2026-04-18T12:15:27","slug":"casque-sans-fil-kids-ah-806z-bluetooth-carte-memoire","status":"publish","type":"product","link":"https:\/\/info-n.com\/tn\/shop\/casque-sans-fil-kids-ah-806z-bluetooth-carte-memoire\/","title":{"rendered":"Casque Sans Fil KIDS AH-806Z Bluetooth &#038; Carte M\u00e9moire"},"content":{"rendered":"<p>Casque Sans Fil KIDS AH-806Z Bluetooth &#038; Carte M\u00e9moire &#8211; Connectivit\u00e9 : Bluetooth 5.3 + Jack 3.5mm + Slot carte TF\/MicroSD &#8211; Batterie : 400 mAh &#8211; Autonomie : Jusqu&rsquo;\u00e0 8 heures de lecture &#8211; R\u00e9ponse en fr\u00e9quence : 20 Hz &#8211; 20 000 Hz &#8211; Fonctions : Contr\u00f4le volume, pause\/lecture, microphone int\u00e9gr\u00e9 &#8211; Design : Dessin anim\u00e9, pliable, coussinets souples &#8211; Compatibilit\u00e9 : Smartphones, tablettes, PC &#8211; Usage : Enfants, musique, jeux, voyages, appels<\/p>\n","protected":false},"excerpt":{"rendered":"<p>Le casque sans fil pour enfants Kids AH-806Z offre une exp\u00e9rience audio amusante et polyvalente gr\u00e2ce \u00e0 sa connectivit\u00e9 Bluetooth, son emplacement pour carte m\u00e9moire Micro SD et son design attrayant inspir\u00e9 de personnages de dessins anim\u00e9s comme Stitch.<\/p>\n","protected":false},"featured_media":2341,"template":"","meta":[],"product_brand":[],"product_cat":[704,297],"product_tag":[92,1585,1582,116,175,1505,177,178,181,1587,190,257,259,262,1586,1583,1589,456,1579,499,1580,545,1909,1577,1581,1584,1588,1511,1578,1570,1590],"class_list":{"0":"post-2786","1":"product","2":"type-product","3":"status-publish","4":"has-post-thumbnail","6":"product_cat-casque-sans-fil","7":"product_cat-promo","8":"product_tag-ah-806z","9":"product_tag-audio-headset","10":"product_tag-autonomie-longue-duree","11":"product_tag-bluetooth","12":"product_tag-casque","13":"product_tag-casque-audio","14":"product_tag-casque-bluetooth","15":"product_tag-casque-bt","16":"product_tag-casque-enfant","17":"product_tag-casque-gaming-sans-fil","18":"product_tag-casque-sans-fil","19":"product_tag-ecouteur","20":"product_tag-ecouteur-bluetooth","21":"product_tag-ecouteur-sans-fil","22":"product_tag-gaming-headset-wireless","23":"product_tag-long-battery-life","24":"product_tag-music-headphones","25":"product_tag-musique","26":"product_tag-noise-cancelling","27":"product_tag-promotion","28":"product_tag-reduction-de-bruit","29":"product_tag-sans-fil","30":"product_tag-tunisie","31":"product_tag-wireless-headphones","32":"product_tag-1581","33":"product_tag-1584","34":"product_tag-1588","35":"product_tag-1511","36":"product_tag-1578","37":"product_tag-1570","38":"product_tag-1590","40":"first","41":"instock","42":"sale","43":"featured","44":"taxable","45":"shipping-taxable","46":"purchasable","47":"product-type-simple"},"aioseo_notices":[],"_links":{"self":[{"href":"https:\/\/info-n.com\/tn\/wp-json\/wp\/v2\/product\/2786","targetHints":{"allow":["GET"]}}],"collection":[{"href":"https:\/\/info-n.com\/tn\/wp-json\/wp\/v2\/product"}],"about":[{"href":"https:\/\/info-n.com\/tn\/wp-json\/wp\/v2\/types\/product"}],"wp:featuredmedia":[{"embeddable":true,"href":"https:\/\/info-n.com\/tn\/wp-json\/wp\/v2\/media\/2341"}],"wp:attachment":[{"href":"https:\/\/info-n.com\/tn\/wp-json\/wp\/v2\/media?parent=2786"}],"wp:term":[{"taxonomy":"product_brand","embeddable":true,"href":"https:\/\/info-n.com\/tn\/wp-json\/wp\/v2\/product_brand?post=2786"},{"taxonomy":"product_cat","embeddable":true,"href":"https:\/\/info-n.com\/tn\/wp-json\/wp\/v2\/product_cat?post=2786"},{"taxonomy":"product_tag","embeddable":true,"href":"https:\/\/info-n.com\/tn\/wp-json\/wp\/v2\/product_tag?post=2786"}],"curies":[{"name":"wp","href":"https:\/\/api.w.org\/{rel}","templated":true}]}}