{"id":2788,"date":"2026-03-22T16:37:25","date_gmt":"2026-03-22T15:37:25","guid":{"rendered":"https:\/\/info-n.com\/?post_type=product&#038;p=2788"},"modified":"2026-04-18T13:15:25","modified_gmt":"2026-04-18T12:15:25","slug":"casque-sans-fil-m3-bluetooth-carte-memoire-beige","status":"publish","type":"product","link":"https:\/\/info-n.com\/tn\/shop\/casque-sans-fil-m3-bluetooth-carte-memoire-beige\/","title":{"rendered":"Casque Sans Fil M3 Bluetooth &#038; Carte M\u00e9moire &#8211; Beige"},"content":{"rendered":"<p>Casque Sans Fil M3 Bluetooth &#038; Carte M\u00e9moire &#8211; Connectivit\u00e9 : Bluetooth 5.3 + Jack 3.5mm + Slot carte TF\/MicroSD &#8211; Audio : St\u00e9r\u00e9o &#8211; Fonctions : Bluetooth, Multim\u00e9dia, USB, contr\u00f4le vocal, HSP mains libres &#8211; Autonomie : 4-8 heures &#8211; Design : Pliable, coussinets confortables, couleur noire &#8211; Compatibilit\u00e9 : Smartphones, tablettes, PC &#8211; Usage : Musique, sport, gaming, appels, d\u00e9placements<\/p>\n","protected":false},"excerpt":{"rendered":"<p>Le casque sans fil M3 se distingue comme une solution audio ultra-polyvalente et accessible, id\u00e9ale pour ceux qui recherchent la libert\u00e9 du sans-fil sans sacrifier les options classiques.<\/p>\n","protected":false},"featured_media":2348,"template":"","meta":[],"product_brand":[],"product_cat":[704,297],"product_tag":[1585,1582,116,175,1505,177,178,1587,185,190,257,259,262,1586,1583,400,1589,456,1579,499,1580,545,1909,1577,1581,1584,1588,1511,1578,1570,1590],"class_list":{"0":"post-2788","1":"product","2":"type-product","3":"status-publish","4":"has-post-thumbnail","6":"product_cat-casque-sans-fil","7":"product_cat-promo","8":"product_tag-audio-headset","9":"product_tag-autonomie-longue-duree","10":"product_tag-bluetooth","11":"product_tag-casque","12":"product_tag-casque-audio","13":"product_tag-casque-bluetooth","14":"product_tag-casque-bt","15":"product_tag-casque-gaming-sans-fil","16":"product_tag-casque-m3","17":"product_tag-casque-sans-fil","18":"product_tag-ecouteur","19":"product_tag-ecouteur-bluetooth","20":"product_tag-ecouteur-sans-fil","21":"product_tag-gaming-headset-wireless","22":"product_tag-long-battery-life","23":"product_tag-m3","24":"product_tag-music-headphones","25":"product_tag-musique","26":"product_tag-noise-cancelling","27":"product_tag-promotion","28":"product_tag-reduction-de-bruit","29":"product_tag-sans-fil","30":"product_tag-tunisie","31":"product_tag-wireless-headphones","32":"product_tag-1581","33":"product_tag-1584","34":"product_tag-1588","35":"product_tag-1511","36":"product_tag-1578","37":"product_tag-1570","38":"product_tag-1590","40":"first","41":"instock","42":"sale","43":"featured","44":"taxable","45":"shipping-taxable","46":"purchasable","47":"product-type-simple"},"aioseo_notices":[],"_links":{"self":[{"href":"https:\/\/info-n.com\/tn\/wp-json\/wp\/v2\/product\/2788","targetHints":{"allow":["GET"]}}],"collection":[{"href":"https:\/\/info-n.com\/tn\/wp-json\/wp\/v2\/product"}],"about":[{"href":"https:\/\/info-n.com\/tn\/wp-json\/wp\/v2\/types\/product"}],"wp:featuredmedia":[{"embeddable":true,"href":"https:\/\/info-n.com\/tn\/wp-json\/wp\/v2\/media\/2348"}],"wp:attachment":[{"href":"https:\/\/info-n.com\/tn\/wp-json\/wp\/v2\/media?parent=2788"}],"wp:term":[{"taxonomy":"product_brand","embeddable":true,"href":"https:\/\/info-n.com\/tn\/wp-json\/wp\/v2\/product_brand?post=2788"},{"taxonomy":"product_cat","embeddable":true,"href":"https:\/\/info-n.com\/tn\/wp-json\/wp\/v2\/product_cat?post=2788"},{"taxonomy":"product_tag","embeddable":true,"href":"https:\/\/info-n.com\/tn\/wp-json\/wp\/v2\/product_tag?post=2788"}],"curies":[{"name":"wp","href":"https:\/\/api.w.org\/{rel}","templated":true}]}}