{"id":2789,"date":"2026-03-22T16:41:50","date_gmt":"2026-03-22T15:41:50","guid":{"rendered":"https:\/\/info-n.com\/?post_type=product&#038;p=2789"},"modified":"2026-04-18T13:15:26","modified_gmt":"2026-04-18T12:15:26","slug":"casque-sans-fil-b39-bluetooth-carte-memoire-blanc","status":"publish","type":"product","link":"https:\/\/info-n.com\/tn\/shop\/casque-sans-fil-b39-bluetooth-carte-memoire-blanc\/","title":{"rendered":"Casque Sans Fil B39 Bluetooth &#038; Carte M\u00e9moire &#8211; Blanc"},"content":{"rendered":"<p>Casque Sans Fil B39 Bluetooth &#038; Carte M\u00e9moire &#8211; Blanc<br \/>\nConnectivit\u00e9 : Bluetooth 5.0 + Jack 3.5mm &#8211; Autonomie : Jusqu&rsquo;\u00e0 10 heures de lecture &#8211; Fonctionnalit\u00e9s : Bluetooth, carte m\u00e9moire TF\/microSD, radio FM, mains libres &#8211; Design : Arceau pliable, coussinets ergonomiques confortables &#8211; LED : \u00c9clairage RGB multicolore sur les \u00e9couteurs &#8211; Compatibilit\u00e9 : Smartphones, tablettes, PC, lecteurs MP3 &#8211; Installation : Appairage rapide et simple &#8211; Usage : Musique, gaming, sport, d\u00e9placements, appels t\u00e9l\u00e9phoniques<\/p>\n","protected":false},"excerpt":{"rendered":"<p>Le casque sans fil B39 blanc est un casque circum-auriculaire pliable qui utilise la technologie Bluetooth 5.0 pour se connecter sans fil \u00e0 divers appareils.<\/p>\n","protected":false},"featured_media":2343,"template":"","meta":[],"product_brand":[],"product_cat":[704,297],"product_tag":[1585,1582,107,116,175,1505,176,177,178,1587,190,257,259,262,1586,1583,1589,456,1579,499,1580,545,1909,1577,1581,1584,1588,1511,1578,1570,1590],"class_list":{"0":"post-2789","1":"product","2":"type-product","3":"status-publish","4":"has-post-thumbnail","6":"product_cat-casque-sans-fil","7":"product_cat-promo","8":"product_tag-audio-headset","9":"product_tag-autonomie-longue-duree","10":"product_tag-b39","11":"product_tag-bluetooth","12":"product_tag-casque","13":"product_tag-casque-audio","14":"product_tag-casque-b39","15":"product_tag-casque-bluetooth","16":"product_tag-casque-bt","17":"product_tag-casque-gaming-sans-fil","18":"product_tag-casque-sans-fil","19":"product_tag-ecouteur","20":"product_tag-ecouteur-bluetooth","21":"product_tag-ecouteur-sans-fil","22":"product_tag-gaming-headset-wireless","23":"product_tag-long-battery-life","24":"product_tag-music-headphones","25":"product_tag-musique","26":"product_tag-noise-cancelling","27":"product_tag-promotion","28":"product_tag-reduction-de-bruit","29":"product_tag-sans-fil","30":"product_tag-tunisie","31":"product_tag-wireless-headphones","32":"product_tag-1581","33":"product_tag-1584","34":"product_tag-1588","35":"product_tag-1511","36":"product_tag-1578","37":"product_tag-1570","38":"product_tag-1590","40":"first","41":"instock","42":"sale","43":"featured","44":"taxable","45":"shipping-taxable","46":"purchasable","47":"product-type-simple"},"aioseo_notices":[],"_links":{"self":[{"href":"https:\/\/info-n.com\/tn\/wp-json\/wp\/v2\/product\/2789","targetHints":{"allow":["GET"]}}],"collection":[{"href":"https:\/\/info-n.com\/tn\/wp-json\/wp\/v2\/product"}],"about":[{"href":"https:\/\/info-n.com\/tn\/wp-json\/wp\/v2\/types\/product"}],"wp:featuredmedia":[{"embeddable":true,"href":"https:\/\/info-n.com\/tn\/wp-json\/wp\/v2\/media\/2343"}],"wp:attachment":[{"href":"https:\/\/info-n.com\/tn\/wp-json\/wp\/v2\/media?parent=2789"}],"wp:term":[{"taxonomy":"product_brand","embeddable":true,"href":"https:\/\/info-n.com\/tn\/wp-json\/wp\/v2\/product_brand?post=2789"},{"taxonomy":"product_cat","embeddable":true,"href":"https:\/\/info-n.com\/tn\/wp-json\/wp\/v2\/product_cat?post=2789"},{"taxonomy":"product_tag","embeddable":true,"href":"https:\/\/info-n.com\/tn\/wp-json\/wp\/v2\/product_tag?post=2789"}],"curies":[{"name":"wp","href":"https:\/\/api.w.org\/{rel}","templated":true}]}}