{"id":2791,"date":"2026-03-22T16:44:59","date_gmt":"2026-03-22T15:44:59","guid":{"rendered":"https:\/\/info-n.com\/?post_type=product&#038;p=2791"},"modified":"2026-04-18T13:15:23","modified_gmt":"2026-04-18T12:15:23","slug":"cable-de-charge-ultra-rapide-usb-vers-type-c-lightning-micro-usb-iconix-ic-uc1640-pd-24w","status":"publish","type":"product","link":"https:\/\/info-n.com\/tn\/shop\/cable-de-charge-ultra-rapide-usb-vers-type-c-lightning-micro-usb-iconix-ic-uc1640-pd-24w\/","title":{"rendered":"Cable de Charge Ultra Rapide USB vers Type-C Lightning Micro USB ICONIX IC-UC1640 PD 24W"},"content":{"rendered":"<p>C\u00e2ble ICONIX IC-UC1640, multiport USB vers Type-C, Lightning et Micro USB, charge ultra-rapide PD 24W.<br \/>\nMod\u00e8le : ICONIX IC-UC1640 &#8211; Connecteur : USB-A vers Type-C \/ Lightning \/ Micro USB &#8211; Puissance : PD 24W &#8211; Intensit\u00e9 : jusqu\u2019\u00e0 3A &#8211; Fonction : Charge ultra-rapide et transfert de donn\u00e9es &#8211; Compatibilit\u00e9 : Smartphones Android, iPhone, tablettes, appareils Micro USB &#8211; Longueur : 1.5 m\u00e8tre &#8211; Mat\u00e9riau : Nylon tress\u00e9 renforc\u00e9<\/p>\n","protected":false},"excerpt":{"rendered":"<p>Le C\u00e2ble de charge ultra rapide 3 in 1 ICONIX IC-UC1640 est con\u00e7u pour offrir une sortie maximale de 4,8 A \u00e0 24 W, vous permettant de charger vos appareils en seulement 30 minutes. Il est compatible avec tous les t\u00e9l\u00e9phones et tablettes \u00e9quip\u00e9s des ports USB-C, Lightning et Micro USB.<\/p>\n","protected":false},"featured_media":2317,"template":"","meta":[],"product_brand":[337],"product_cat":[697,297],"product_tag":[61,68,134,135,143,146,156,159,163,195,196,1790,392,394,423,427,499,1793,1909,646,650,655,1792,657,659,1791,1794],"class_list":{"0":"post-2791","1":"product","2":"type-product","3":"status-publish","4":"has-post-thumbnail","6":"product_brand-iconix","7":"product_cat-cable-chargeur","8":"product_cat-promo","9":"product_tag-24w","10":"product_tag-4-8a","11":"product_tag-cable-charge","12":"product_tag-cable-chargeur","13":"product_tag-cable-lightning","14":"product_tag-cable-micro","15":"product_tag-cable-smartphone","16":"product_tag-cable-type-c","17":"product_tag-cable-usb","18":"product_tag-charge","19":"product_tag-chargeur","20":"product_tag-charging-cable","21":"product_tag-lightning","22":"product_tag-lightning-usb","23":"product_tag-micro","24":"product_tag-micro-usb","25":"product_tag-promotion","26":"product_tag-smartphone-charger-cable","27":"product_tag-tunisie","28":"product_tag-type-c","29":"product_tag-type-c-usb","30":"product_tag-usb","31":"product_tag-usb-cable","32":"product_tag-usb-iphone","33":"product_tag-usb-c","34":"product_tag-1791","35":"product_tag-1794","37":"first","38":"instock","39":"sale","40":"featured","41":"taxable","42":"shipping-taxable","43":"purchasable","44":"product-type-simple"},"aioseo_notices":[],"_links":{"self":[{"href":"https:\/\/info-n.com\/tn\/wp-json\/wp\/v2\/product\/2791","targetHints":{"allow":["GET"]}}],"collection":[{"href":"https:\/\/info-n.com\/tn\/wp-json\/wp\/v2\/product"}],"about":[{"href":"https:\/\/info-n.com\/tn\/wp-json\/wp\/v2\/types\/product"}],"wp:featuredmedia":[{"embeddable":true,"href":"https:\/\/info-n.com\/tn\/wp-json\/wp\/v2\/media\/2317"}],"wp:attachment":[{"href":"https:\/\/info-n.com\/tn\/wp-json\/wp\/v2\/media?parent=2791"}],"wp:term":[{"taxonomy":"product_brand","embeddable":true,"href":"https:\/\/info-n.com\/tn\/wp-json\/wp\/v2\/product_brand?post=2791"},{"taxonomy":"product_cat","embeddable":true,"href":"https:\/\/info-n.com\/tn\/wp-json\/wp\/v2\/product_cat?post=2791"},{"taxonomy":"product_tag","embeddable":true,"href":"https:\/\/info-n.com\/tn\/wp-json\/wp\/v2\/product_tag?post=2791"}],"curies":[{"name":"wp","href":"https:\/\/api.w.org\/{rel}","templated":true}]}}