{"id":2793,"date":"2026-03-22T16:48:19","date_gmt":"2026-03-22T15:48:19","guid":{"rendered":"https:\/\/info-n.com\/?post_type=product&#038;p=2793"},"modified":"2026-04-18T13:15:27","modified_gmt":"2026-04-18T12:15:27","slug":"cable-de-charge-rapide-usb-vers-lightning-pd-20w","status":"publish","type":"product","link":"https:\/\/info-n.com\/tn\/shop\/cable-de-charge-rapide-usb-vers-lightning-pd-20w\/","title":{"rendered":"Cable de Charge Rapide USB vers Lightning PD 20W"},"content":{"rendered":"<p>C\u00e2ble USB vers Lightning PD 20W, charge rapide et transfert fiable pour appareils Apple.<br \/>\nConnecteur : USB-A\/USB-C vers Lightning &#8211; Puissance : PD 20W &#8211; Fonction : Charge rapide et transfert de donn\u00e9es &#8211; Compatibilit\u00e9 : iPhone, iPad, iPod &#8211; Longueur : 1 m\u00e8tre &#8211; Mat\u00e9riau : Nylon tress\u00e9 ou PVC renforc\u00e9<\/p>\n","protected":false},"excerpt":{"rendered":"<p>C\u00e2ble Lightning vers USB, principalement utilis\u00e9 pour charger et synchroniser les appareils \u00e9quip\u00e9s d&rsquo;un port Lightning (Iphone, Ipad, Ipod, Airpods).<\/p>\n","protected":false},"featured_media":2312,"template":"","meta":[],"product_brand":[],"product_cat":[697,297],"product_tag":[60,134,135,143,156,163,195,196,1790,392,394,499,1793,1909,655,1792,657,1791,1794],"class_list":{"0":"post-2793","1":"product","2":"type-product","3":"status-publish","4":"has-post-thumbnail","6":"product_cat-cable-chargeur","7":"product_cat-promo","8":"product_tag-20w","9":"product_tag-cable-charge","10":"product_tag-cable-chargeur","11":"product_tag-cable-lightning","12":"product_tag-cable-smartphone","13":"product_tag-cable-usb","14":"product_tag-charge","15":"product_tag-chargeur","16":"product_tag-charging-cable","17":"product_tag-lightning","18":"product_tag-lightning-usb","19":"product_tag-promotion","20":"product_tag-smartphone-charger-cable","21":"product_tag-tunisie","22":"product_tag-usb","23":"product_tag-usb-cable","24":"product_tag-usb-iphone","25":"product_tag-1791","26":"product_tag-1794","28":"first","29":"instock","30":"sale","31":"featured","32":"taxable","33":"shipping-taxable","34":"purchasable","35":"product-type-simple"},"aioseo_notices":[],"_links":{"self":[{"href":"https:\/\/info-n.com\/tn\/wp-json\/wp\/v2\/product\/2793","targetHints":{"allow":["GET"]}}],"collection":[{"href":"https:\/\/info-n.com\/tn\/wp-json\/wp\/v2\/product"}],"about":[{"href":"https:\/\/info-n.com\/tn\/wp-json\/wp\/v2\/types\/product"}],"wp:featuredmedia":[{"embeddable":true,"href":"https:\/\/info-n.com\/tn\/wp-json\/wp\/v2\/media\/2312"}],"wp:attachment":[{"href":"https:\/\/info-n.com\/tn\/wp-json\/wp\/v2\/media?parent=2793"}],"wp:term":[{"taxonomy":"product_brand","embeddable":true,"href":"https:\/\/info-n.com\/tn\/wp-json\/wp\/v2\/product_brand?post=2793"},{"taxonomy":"product_cat","embeddable":true,"href":"https:\/\/info-n.com\/tn\/wp-json\/wp\/v2\/product_cat?post=2793"},{"taxonomy":"product_tag","embeddable":true,"href":"https:\/\/info-n.com\/tn\/wp-json\/wp\/v2\/product_tag?post=2793"}],"curies":[{"name":"wp","href":"https:\/\/api.w.org\/{rel}","templated":true}]}}