{"id":2799,"date":"2026-03-22T17:00:42","date_gmt":"2026-03-22T16:00:42","guid":{"rendered":"https:\/\/info-n.com\/?post_type=product&#038;p=2799"},"modified":"2026-04-18T13:21:14","modified_gmt":"2026-04-18T12:21:14","slug":"cable-chargeur-rapide-usb-vers-lightning-iconix-ic-uc1625-12w","status":"publish","type":"product","link":"https:\/\/info-n.com\/tn\/shop\/cable-chargeur-rapide-usb-vers-lightning-iconix-ic-uc1625-12w\/","title":{"rendered":"Cable Chargeur Rapide USB vers Lightning ICONIX IC-UC1625 12W"},"content":{"rendered":"<p>Le c\u00e2ble ICONIX IC-UC1625 Lightning USB est un accessoire con\u00e7u pour la recharge et la synchronisation de donn\u00e9es pour les appareils \u00e9quip\u00e9s d&rsquo;un port Lightning (Iphone, Ipad, Ipod, Airpods).<br \/>\nMod\u00e8le : ICONIX IC-UC1625 &#8211; Type : C\u00e2ble de charge et synchronisation (USB vers Lightning) &#8211; Puissance : 12W (Charge rapide) &#8211; Mat\u00e9riau : Gaine flexible et r\u00e9sistante &#8211; Connectique : Connecteurs renforc\u00e9s anti-torsion &#8211; Longueur : 1 m\u00e8tre &#8211; Compatibilit\u00e9 : iPhones, iPads et iPods avec port Lightning.<\/p>\n","protected":false},"excerpt":{"rendered":"<p>Le c\u00e2ble ICONIX IC-UC1625 Lightning USB est un accessoire con\u00e7u pour la recharge et la synchronisation de donn\u00e9es pour les appareils \u00e9quip\u00e9s d&rsquo;un port Lightning (Iphone, Ipad, Ipod, Airpods).<\/p>\n","protected":false},"featured_media":2301,"template":"","meta":[],"product_brand":[337],"product_cat":[697,297],"product_tag":[52,59,134,135,143,156,163,195,196,1790,338,392,394,1793,1909,655,1792,657,1791,1794],"class_list":{"0":"post-2799","1":"product","2":"type-product","3":"status-publish","4":"has-post-thumbnail","6":"product_brand-iconix","7":"product_cat-cable-chargeur","8":"product_cat-promo","9":"product_tag-12w","10":"product_tag-2-4a","11":"product_tag-cable-charge","12":"product_tag-cable-chargeur","13":"product_tag-cable-lightning","14":"product_tag-cable-smartphone","15":"product_tag-cable-usb","16":"product_tag-charge","17":"product_tag-chargeur","18":"product_tag-charging-cable","19":"product_tag-iconix","20":"product_tag-lightning","21":"product_tag-lightning-usb","22":"product_tag-smartphone-charger-cable","23":"product_tag-tunisie","24":"product_tag-usb","25":"product_tag-usb-cable","26":"product_tag-usb-iphone","27":"product_tag-1791","28":"product_tag-1794","30":"first","31":"instock","32":"sale","33":"taxable","34":"shipping-taxable","35":"purchasable","36":"product-type-simple"},"aioseo_notices":[],"_links":{"self":[{"href":"https:\/\/info-n.com\/tn\/wp-json\/wp\/v2\/product\/2799","targetHints":{"allow":["GET"]}}],"collection":[{"href":"https:\/\/info-n.com\/tn\/wp-json\/wp\/v2\/product"}],"about":[{"href":"https:\/\/info-n.com\/tn\/wp-json\/wp\/v2\/types\/product"}],"wp:featuredmedia":[{"embeddable":true,"href":"https:\/\/info-n.com\/tn\/wp-json\/wp\/v2\/media\/2301"}],"wp:attachment":[{"href":"https:\/\/info-n.com\/tn\/wp-json\/wp\/v2\/media?parent=2799"}],"wp:term":[{"taxonomy":"product_brand","embeddable":true,"href":"https:\/\/info-n.com\/tn\/wp-json\/wp\/v2\/product_brand?post=2799"},{"taxonomy":"product_cat","embeddable":true,"href":"https:\/\/info-n.com\/tn\/wp-json\/wp\/v2\/product_cat?post=2799"},{"taxonomy":"product_tag","embeddable":true,"href":"https:\/\/info-n.com\/tn\/wp-json\/wp\/v2\/product_tag?post=2799"}],"curies":[{"name":"wp","href":"https:\/\/api.w.org\/{rel}","templated":true}]}}