{"id":2802,"date":"2026-03-22T17:03:14","date_gmt":"2026-03-22T16:03:14","guid":{"rendered":"https:\/\/info-n.com\/?post_type=product&#038;p=2802"},"modified":"2026-04-18T13:21:14","modified_gmt":"2026-04-18T12:21:14","slug":"cable-chargeur-rapide-usb-vers-type-c-iconix-ic-uc1625-12w","status":"publish","type":"product","link":"https:\/\/info-n.com\/tn\/shop\/cable-chargeur-rapide-usb-vers-type-c-iconix-ic-uc1625-12w\/","title":{"rendered":"Cable Chargeur Rapide USB vers Type-C ICONIX IC-UC1625 12W"},"content":{"rendered":"<p>Le c\u00e2ble ICONIX IC-UC1625 Type-C USB est un accessoire con\u00e7u pour la recharge et la synchronisation de donn\u00e9es pour les appareils \u00e9quip\u00e9s d&rsquo;un port USB-C (Smartphones, T\u00e9l\u00e9phone Portable, enceintes, Airpods, Smart Watch, etc.).<br \/>\nMod\u00e8le : ICONIX IC-UC1625 &#8211; Type : C\u00e2ble de charge et synchronisation (USB vers Type-C) &#8211; Puissance : 12W (Charge rapide) &#8211; Mat\u00e9riau : Gaine flexible haute r\u00e9sistance &#8211; Connectique : Connecteurs renforc\u00e9s anti-torsion &#8211; Longueur : 1 m\u00e8tre &#8211; Compatibilit\u00e9 : Smartphones, tablettes et appareils avec port USB-C.<\/p>\n","protected":false},"excerpt":{"rendered":"<p>Le c\u00e2ble ICONIX IC-UC1625 Type-C USB est un accessoire con\u00e7u pour la recharge et la synchronisation de donn\u00e9es pour les appareils \u00e9quip\u00e9s d&rsquo;un port USB-C (Smartphones, T\u00e9l\u00e9phone Portable, enceintes, Airpods, Smart Watch, etc.).<\/p>\n","protected":false},"featured_media":2304,"template":"","meta":[],"product_brand":[337],"product_cat":[697,297],"product_tag":[52,59,134,135,156,159,163,195,196,1790,338,1793,1909,646,650,655,1792,659,1791,1794],"class_list":{"0":"post-2802","1":"product","2":"type-product","3":"status-publish","4":"has-post-thumbnail","6":"product_brand-iconix","7":"product_cat-cable-chargeur","8":"product_cat-promo","9":"product_tag-12w","10":"product_tag-2-4a","11":"product_tag-cable-charge","12":"product_tag-cable-chargeur","13":"product_tag-cable-smartphone","14":"product_tag-cable-type-c","15":"product_tag-cable-usb","16":"product_tag-charge","17":"product_tag-chargeur","18":"product_tag-charging-cable","19":"product_tag-iconix","20":"product_tag-smartphone-charger-cable","21":"product_tag-tunisie","22":"product_tag-type-c","23":"product_tag-type-c-usb","24":"product_tag-usb","25":"product_tag-usb-cable","26":"product_tag-usb-c","27":"product_tag-1791","28":"product_tag-1794","30":"first","31":"instock","32":"sale","33":"taxable","34":"shipping-taxable","35":"purchasable","36":"product-type-simple"},"aioseo_notices":[],"_links":{"self":[{"href":"https:\/\/info-n.com\/tn\/wp-json\/wp\/v2\/product\/2802","targetHints":{"allow":["GET"]}}],"collection":[{"href":"https:\/\/info-n.com\/tn\/wp-json\/wp\/v2\/product"}],"about":[{"href":"https:\/\/info-n.com\/tn\/wp-json\/wp\/v2\/types\/product"}],"wp:featuredmedia":[{"embeddable":true,"href":"https:\/\/info-n.com\/tn\/wp-json\/wp\/v2\/media\/2304"}],"wp:attachment":[{"href":"https:\/\/info-n.com\/tn\/wp-json\/wp\/v2\/media?parent=2802"}],"wp:term":[{"taxonomy":"product_brand","embeddable":true,"href":"https:\/\/info-n.com\/tn\/wp-json\/wp\/v2\/product_brand?post=2802"},{"taxonomy":"product_cat","embeddable":true,"href":"https:\/\/info-n.com\/tn\/wp-json\/wp\/v2\/product_cat?post=2802"},{"taxonomy":"product_tag","embeddable":true,"href":"https:\/\/info-n.com\/tn\/wp-json\/wp\/v2\/product_tag?post=2802"}],"curies":[{"name":"wp","href":"https:\/\/api.w.org\/{rel}","templated":true}]}}