{"id":2804,"date":"2026-03-22T17:06:44","date_gmt":"2026-03-22T16:06:44","guid":{"rendered":"https:\/\/info-n.com\/?post_type=product&#038;p=2804"},"modified":"2026-04-18T13:15:26","modified_gmt":"2026-04-18T12:15:26","slug":"cable-chargeur-rapide-usb-vers-type-c-iconix-ic-uc1628-17w","status":"publish","type":"product","link":"https:\/\/info-n.com\/tn\/shop\/cable-chargeur-rapide-usb-vers-type-c-iconix-ic-uc1628-17w\/","title":{"rendered":"Cable Chargeur Rapide USB vers Type-C ICONIX IC-UC1628 17W"},"content":{"rendered":"<p>Le c\u00e2ble ICONIX IC-UC1628 assure une recharge ultra-rapide de 17W et une synchronisation stable pour vos appareils USB-C.<br \/>\nMod\u00e8le : ICONIX IC-UC1628 &#8211; Type : C\u00e2ble de charge rapide et synchronisation (USB vers Type-C) &#8211; Puissance : 17W (Haute performance) &#8211; Mat\u00e9riau : Gaine renforc\u00e9e anti-n\u0153uds &#8211; Connectique : Connecteurs haute durabilit\u00e9 &#8211; Longueur : 1 m\u00e8tre &#8211; Compatibilit\u00e9 : Smartphones, tablettes et ordinateurs portables avec port USB-C.<\/p>\n","protected":false},"excerpt":{"rendered":"<p>Le c\u00e2ble ICONIX IC-UC1628 Type-C USB est un accessoire con\u00e7u pour la recharge et la synchronisation de donn\u00e9es pour les appareils \u00e9quip\u00e9s d&rsquo;un port USB-C (Smartphones, T\u00e9l\u00e9phone Portable, enceintes, Airpods, Smart Watch, etc.).<\/p>\n","protected":false},"featured_media":2305,"template":"","meta":[],"product_brand":[337],"product_cat":[697,297],"product_tag":[55,134,135,156,159,163,195,196,1790,338,499,1793,1909,646,650,655,1792,659,1791,1794],"class_list":{"0":"post-2804","1":"product","2":"type-product","3":"status-publish","4":"has-post-thumbnail","6":"product_brand-iconix","7":"product_cat-cable-chargeur","8":"product_cat-promo","9":"product_tag-17w","10":"product_tag-cable-charge","11":"product_tag-cable-chargeur","12":"product_tag-cable-smartphone","13":"product_tag-cable-type-c","14":"product_tag-cable-usb","15":"product_tag-charge","16":"product_tag-chargeur","17":"product_tag-charging-cable","18":"product_tag-iconix","19":"product_tag-promotion","20":"product_tag-smartphone-charger-cable","21":"product_tag-tunisie","22":"product_tag-type-c","23":"product_tag-type-c-usb","24":"product_tag-usb","25":"product_tag-usb-cable","26":"product_tag-usb-c","27":"product_tag-1791","28":"product_tag-1794","30":"first","31":"instock","32":"sale","33":"featured","34":"taxable","35":"shipping-taxable","36":"purchasable","37":"product-type-simple"},"aioseo_notices":[],"_links":{"self":[{"href":"https:\/\/info-n.com\/tn\/wp-json\/wp\/v2\/product\/2804","targetHints":{"allow":["GET"]}}],"collection":[{"href":"https:\/\/info-n.com\/tn\/wp-json\/wp\/v2\/product"}],"about":[{"href":"https:\/\/info-n.com\/tn\/wp-json\/wp\/v2\/types\/product"}],"wp:featuredmedia":[{"embeddable":true,"href":"https:\/\/info-n.com\/tn\/wp-json\/wp\/v2\/media\/2305"}],"wp:attachment":[{"href":"https:\/\/info-n.com\/tn\/wp-json\/wp\/v2\/media?parent=2804"}],"wp:term":[{"taxonomy":"product_brand","embeddable":true,"href":"https:\/\/info-n.com\/tn\/wp-json\/wp\/v2\/product_brand?post=2804"},{"taxonomy":"product_cat","embeddable":true,"href":"https:\/\/info-n.com\/tn\/wp-json\/wp\/v2\/product_cat?post=2804"},{"taxonomy":"product_tag","embeddable":true,"href":"https:\/\/info-n.com\/tn\/wp-json\/wp\/v2\/product_tag?post=2804"}],"curies":[{"name":"wp","href":"https:\/\/api.w.org\/{rel}","templated":true}]}}