{"id":2806,"date":"2026-03-22T17:09:21","date_gmt":"2026-03-22T16:09:21","guid":{"rendered":"https:\/\/info-n.com\/?post_type=product&#038;p=2806"},"modified":"2026-04-18T13:15:26","modified_gmt":"2026-04-18T12:15:26","slug":"cable-chargeur-rapide-usb-vers-micro-usb-iconix-ic-uc1632-3-4a","status":"publish","type":"product","link":"https:\/\/info-n.com\/tn\/shop\/cable-chargeur-rapide-usb-vers-micro-usb-iconix-ic-uc1632-3-4a\/","title":{"rendered":"Cable Chargeur Rapide USB vers Micro USB ICONIX IC-UC1632 3.4A"},"content":{"rendered":"<p>Le c\u00e2ble ICONIX IC-UC1632 Micro USB est un accessoire con\u00e7u pour la recharge et la synchronisation de donn\u00e9es pour les appareils \u00e9quip\u00e9s d&rsquo;un port Micro USB (Smartphones, T\u00e9l\u00e9phone Portable, enceintes, Airpods, Smart Watch, etc.).<br \/>\nMod\u00e8le : ICONIX IC-UC1632 &#8211; Type : C\u00e2ble de charge rapide et transfert de donn\u00e9es (USB vers Micro-USB) &#8211; Intensit\u00e9 : 3,4A (Haute vitesse) &#8211; Mat\u00e9riau : Gaine renforc\u00e9e haute durabilit\u00e9 &#8211; Connectique : Connecteurs anti-oxydation et anti-torsion &#8211; Longueur : 1 m\u00e8tre &#8211; Compatibilit\u00e9 : Smartphones Android, tablettes et p\u00e9riph\u00e9riques Micro-USB.<\/p>\n","protected":false},"excerpt":{"rendered":"<p>Le c\u00e2ble ICONIX IC-UC1632 Micro USB est un accessoire con\u00e7u pour la recharge et la synchronisation de donn\u00e9es pour les appareils \u00e9quip\u00e9s d&rsquo;un port Micro USB (Smartphones, T\u00e9l\u00e9phone Portable, enceintes, Airpods, Smart Watch, etc.).<\/p>\n","protected":false},"featured_media":2303,"template":"","meta":[],"product_brand":[337],"product_cat":[697,297],"product_tag":[63,134,135,146,156,163,195,196,1790,338,423,427,499,1793,1909,655,1792,1791,1794],"class_list":{"0":"post-2806","1":"product","2":"type-product","3":"status-publish","4":"has-post-thumbnail","6":"product_brand-iconix","7":"product_cat-cable-chargeur","8":"product_cat-promo","9":"product_tag-3-4a","10":"product_tag-cable-charge","11":"product_tag-cable-chargeur","12":"product_tag-cable-micro","13":"product_tag-cable-smartphone","14":"product_tag-cable-usb","15":"product_tag-charge","16":"product_tag-chargeur","17":"product_tag-charging-cable","18":"product_tag-iconix","19":"product_tag-micro","20":"product_tag-micro-usb","21":"product_tag-promotion","22":"product_tag-smartphone-charger-cable","23":"product_tag-tunisie","24":"product_tag-usb","25":"product_tag-usb-cable","26":"product_tag-1791","27":"product_tag-1794","29":"first","30":"instock","31":"sale","32":"featured","33":"taxable","34":"shipping-taxable","35":"purchasable","36":"product-type-simple"},"aioseo_notices":[],"_links":{"self":[{"href":"https:\/\/info-n.com\/tn\/wp-json\/wp\/v2\/product\/2806","targetHints":{"allow":["GET"]}}],"collection":[{"href":"https:\/\/info-n.com\/tn\/wp-json\/wp\/v2\/product"}],"about":[{"href":"https:\/\/info-n.com\/tn\/wp-json\/wp\/v2\/types\/product"}],"wp:featuredmedia":[{"embeddable":true,"href":"https:\/\/info-n.com\/tn\/wp-json\/wp\/v2\/media\/2303"}],"wp:attachment":[{"href":"https:\/\/info-n.com\/tn\/wp-json\/wp\/v2\/media?parent=2806"}],"wp:term":[{"taxonomy":"product_brand","embeddable":true,"href":"https:\/\/info-n.com\/tn\/wp-json\/wp\/v2\/product_brand?post=2806"},{"taxonomy":"product_cat","embeddable":true,"href":"https:\/\/info-n.com\/tn\/wp-json\/wp\/v2\/product_cat?post=2806"},{"taxonomy":"product_tag","embeddable":true,"href":"https:\/\/info-n.com\/tn\/wp-json\/wp\/v2\/product_tag?post=2806"}],"curies":[{"name":"wp","href":"https:\/\/api.w.org\/{rel}","templated":true}]}}