{"id":2809,"date":"2026-03-22T17:14:22","date_gmt":"2026-03-22T16:14:22","guid":{"rendered":"https:\/\/info-n.com\/?post_type=product&#038;p=2809"},"modified":"2026-04-18T13:15:27","modified_gmt":"2026-04-18T12:15:27","slug":"cable-de-charge-rapide-usb-vers-micro-usb-inkax-x01-3-1a","status":"publish","type":"product","link":"https:\/\/info-n.com\/tn\/shop\/cable-de-charge-rapide-usb-vers-micro-usb-inkax-x01-3-1a\/","title":{"rendered":"Cable de Charge Rapide USB vers Micro USB INKAX X01 3.1A"},"content":{"rendered":"<p>C\u00e2ble INKAX X01, USB vers Micro USB, charge rapide 3.1A pour smartphones et tablettes Android..<br \/>\nMod\u00e8le : INKAX X01 &#8211; Connecteur : USB-A vers Micro USB &#8211; Intensit\u00e9 : 3.1A &#8211; Fonction : Charge rapide et transfert de donn\u00e9es &#8211; Compatibilit\u00e9 : Smartphones Android, tablettes, appareils Micro USB &#8211; Longueur : 1 m\u00e8tre &#8211; Mat\u00e9riau : Nylon tress\u00e9 durable<\/p>\n","protected":false},"excerpt":{"rendered":"<p>Le c\u00e2ble Inkax X01 Micro USB est un accessoire con\u00e7u pour la recharge et la synchronisation de donn\u00e9es pour les appareils \u00e9quip\u00e9s d&rsquo;un port Micro USB (Smartphones, T\u00e9l\u00e9phone Portable, enceintes, Airpods, Smart Watch, etc.).<\/p>\n","protected":false},"featured_media":2796,"template":"","meta":[],"product_brand":[342],"product_cat":[697,297],"product_tag":[62,134,135,147,156,163,195,196,1790,246,341,423,427,499,1793,1909,655,1792,1791,1794],"class_list":{"0":"post-2809","1":"product","2":"type-product","3":"status-publish","4":"has-post-thumbnail","6":"product_brand-inkax","7":"product_cat-cable-chargeur","8":"product_cat-promo","9":"product_tag-3-1a","10":"product_tag-cable-charge","11":"product_tag-cable-chargeur","12":"product_tag-cable-micro-usb","13":"product_tag-cable-smartphone","14":"product_tag-cable-usb","15":"product_tag-charge","16":"product_tag-chargeur","17":"product_tag-charging-cable","18":"product_tag-data","19":"product_tag-inkax","20":"product_tag-micro","21":"product_tag-micro-usb","22":"product_tag-promotion","23":"product_tag-smartphone-charger-cable","24":"product_tag-tunisie","25":"product_tag-usb","26":"product_tag-usb-cable","27":"product_tag-1791","28":"product_tag-1794","30":"first","31":"instock","32":"sale","33":"featured","34":"taxable","35":"shipping-taxable","36":"purchasable","37":"product-type-simple"},"aioseo_notices":[],"_links":{"self":[{"href":"https:\/\/info-n.com\/tn\/wp-json\/wp\/v2\/product\/2809","targetHints":{"allow":["GET"]}}],"collection":[{"href":"https:\/\/info-n.com\/tn\/wp-json\/wp\/v2\/product"}],"about":[{"href":"https:\/\/info-n.com\/tn\/wp-json\/wp\/v2\/types\/product"}],"wp:featuredmedia":[{"embeddable":true,"href":"https:\/\/info-n.com\/tn\/wp-json\/wp\/v2\/media\/2796"}],"wp:attachment":[{"href":"https:\/\/info-n.com\/tn\/wp-json\/wp\/v2\/media?parent=2809"}],"wp:term":[{"taxonomy":"product_brand","embeddable":true,"href":"https:\/\/info-n.com\/tn\/wp-json\/wp\/v2\/product_brand?post=2809"},{"taxonomy":"product_cat","embeddable":true,"href":"https:\/\/info-n.com\/tn\/wp-json\/wp\/v2\/product_cat?post=2809"},{"taxonomy":"product_tag","embeddable":true,"href":"https:\/\/info-n.com\/tn\/wp-json\/wp\/v2\/product_tag?post=2809"}],"curies":[{"name":"wp","href":"https:\/\/api.w.org\/{rel}","templated":true}]}}