{"id":2812,"date":"2026-03-22T17:19:37","date_gmt":"2026-03-22T16:19:37","guid":{"rendered":"https:\/\/info-n.com\/?post_type=product&#038;p=2812"},"modified":"2026-04-18T13:15:26","modified_gmt":"2026-04-18T12:15:26","slug":"ecouteur-filaire-iconix-ic-hf1229-lightning","status":"publish","type":"product","link":"https:\/\/info-n.com\/tn\/shop\/ecouteur-filaire-iconix-ic-hf1229-lightning\/","title":{"rendered":"Ecouteur Filaire ICONIX IC-HF1229 Lightning"},"content":{"rendered":"<p>Ecouteur Filaire ICONIX IC-HF1229 Lightning &#8211; Connecteur Lightning &#8211; Son Hi-Fi St\u00e9r\u00e9o 3D &#8211; Micro int\u00e9gr\u00e9 &#8211; Commandes volume\/appels &#8211; C\u00e2ble 1,2 m &#8211; Design ergonomique &#8211; Haut-parleur 14 mm.<\/p>\n","protected":false},"excerpt":{"rendered":"<p>L&rsquo;\u00e9couteur filaire ICONIX IC-HF1229 Avec Connecteur Lightning est un \u00e9couteur st\u00e9r\u00e9o intra-auriculaires abordable, con\u00e7u pour les appareils iPhone, iPad et iPod offrir une exp\u00e9rience sonore de qualit\u00e9 via une connexion Lightning.<\/p>\n","protected":false},"featured_media":2421,"template":"","meta":[],"product_brand":[337],"product_cat":[711,297],"product_tag":[1631,1635,1636,256,1633,257,258,260,261,264,338,371,392,1589,1637,499,1909,1564,1565,1634,1630,1632,1590,1638],"class_list":{"0":"post-2812","1":"product","2":"type-product","3":"status-publish","4":"has-post-thumbnail","6":"product_brand-iconix","7":"product_cat-ecouteurs","8":"product_cat-promo","9":"product_tag-casque-audio-filaire","10":"product_tag-casque-musique","11":"product_tag-casque-telephone","12":"product_tag-earphone","13":"product_tag-earphones","14":"product_tag-ecouteur","15":"product_tag-ecouteur-avec-fil","16":"product_tag-ecouteur-filaire","17":"product_tag-ecouteur-lightning","18":"product_tag-ecouteurs","19":"product_tag-iconix","20":"product_tag-kit","21":"product_tag-lightning","22":"product_tag-music-headphones","23":"product_tag-phone-headset","24":"product_tag-promotion","25":"product_tag-tunisie","26":"product_tag-wired-earphones","27":"product_tag-wired-headphones","28":"product_tag-1634","29":"product_tag-1630","30":"product_tag-1632","31":"product_tag-1590","32":"product_tag-1638","34":"first","35":"instock","36":"sale","37":"featured","38":"taxable","39":"shipping-taxable","40":"purchasable","41":"product-type-simple"},"aioseo_notices":[],"_links":{"self":[{"href":"https:\/\/info-n.com\/tn\/wp-json\/wp\/v2\/product\/2812","targetHints":{"allow":["GET"]}}],"collection":[{"href":"https:\/\/info-n.com\/tn\/wp-json\/wp\/v2\/product"}],"about":[{"href":"https:\/\/info-n.com\/tn\/wp-json\/wp\/v2\/types\/product"}],"wp:featuredmedia":[{"embeddable":true,"href":"https:\/\/info-n.com\/tn\/wp-json\/wp\/v2\/media\/2421"}],"wp:attachment":[{"href":"https:\/\/info-n.com\/tn\/wp-json\/wp\/v2\/media?parent=2812"}],"wp:term":[{"taxonomy":"product_brand","embeddable":true,"href":"https:\/\/info-n.com\/tn\/wp-json\/wp\/v2\/product_brand?post=2812"},{"taxonomy":"product_cat","embeddable":true,"href":"https:\/\/info-n.com\/tn\/wp-json\/wp\/v2\/product_cat?post=2812"},{"taxonomy":"product_tag","embeddable":true,"href":"https:\/\/info-n.com\/tn\/wp-json\/wp\/v2\/product_tag?post=2812"}],"curies":[{"name":"wp","href":"https:\/\/api.w.org\/{rel}","templated":true}]}}