{"id":2813,"date":"2026-03-22T17:21:41","date_gmt":"2026-03-22T16:21:41","guid":{"rendered":"https:\/\/info-n.com\/?post_type=product&#038;p=2813"},"modified":"2026-04-18T13:21:13","modified_gmt":"2026-04-18T12:21:13","slug":"ecouteur-filaire-borofone-bm27-type-c","status":"publish","type":"product","link":"https:\/\/info-n.com\/tn\/shop\/ecouteur-filaire-borofone-bm27-type-c\/","title":{"rendered":"Ecouteur Filaire BOROFONE BM27 Type-C &#8211; Blanc"},"content":{"rendered":"<p><span data-subtree=\"aimfl\" data-processed=\"true\">Ecouteur Filaire BOROFONE BM27 Type-C &#8211; Mod\u00e8le : BOROFONE BM27 &#8211; <\/span><mark class=\"HxTRcb\" data-sfc-root=\"c\" data-sfc-cb=\"\" data-complete=\"true\" data-sae=\"\">Type : \u00c9couteur filaire &#8211; Connectique : USB Type-C &#8211; C\u00e2ble : 1.2m (TPE \u00e9lastique) &#8211; Haut-parleur : 14mm &#8211; Micro : Int\u00e9gr\u00e9 avec t\u00e9l\u00e9commande &#8211; Audio : St\u00e9r\u00e9o haute fid\u00e9lit\u00e9 &#8211; Couleur : Blanc<\/mark>.<\/p>\n","protected":false},"excerpt":{"rendered":"<p>L&rsquo;\u00e9couteur filaire BOROFONE BM27 Avec Connecteur Type-C est un \u00e9couteur st\u00e9r\u00e9o intra-auriculaires abordable, con\u00e7u pour offrir une exp\u00e9rience sonore de qualit\u00e9 via une connexion Type-C.<\/p>\n","protected":false},"featured_media":2419,"template":"","meta":[],"product_brand":[120],"product_cat":[711,297],"product_tag":[121,1631,1635,1636,256,1633,257,258,260,263,264,371,1589,1637,499,1909,646,649,1564,1565,1634,1630,1632,1590,1638],"class_list":{"0":"post-2813","1":"product","2":"type-product","3":"status-publish","4":"has-post-thumbnail","6":"product_brand-borofone","7":"product_cat-ecouteurs","8":"product_cat-promo","9":"product_tag-borofone","10":"product_tag-casque-audio-filaire","11":"product_tag-casque-musique","12":"product_tag-casque-telephone","13":"product_tag-earphone","14":"product_tag-earphones","15":"product_tag-ecouteur","16":"product_tag-ecouteur-avec-fil","17":"product_tag-ecouteur-filaire","18":"product_tag-ecouteur-type-c","19":"product_tag-ecouteurs","20":"product_tag-kit","21":"product_tag-music-headphones","22":"product_tag-phone-headset","23":"product_tag-promotion","24":"product_tag-tunisie","25":"product_tag-type-c","26":"product_tag-type-c-type-c","27":"product_tag-wired-earphones","28":"product_tag-wired-headphones","29":"product_tag-1634","30":"product_tag-1630","31":"product_tag-1632","32":"product_tag-1590","33":"product_tag-1638","35":"first","36":"instock","37":"sale","38":"featured","39":"taxable","40":"shipping-taxable","41":"purchasable","42":"product-type-simple"},"aioseo_notices":[],"_links":{"self":[{"href":"https:\/\/info-n.com\/tn\/wp-json\/wp\/v2\/product\/2813","targetHints":{"allow":["GET"]}}],"collection":[{"href":"https:\/\/info-n.com\/tn\/wp-json\/wp\/v2\/product"}],"about":[{"href":"https:\/\/info-n.com\/tn\/wp-json\/wp\/v2\/types\/product"}],"wp:featuredmedia":[{"embeddable":true,"href":"https:\/\/info-n.com\/tn\/wp-json\/wp\/v2\/media\/2419"}],"wp:attachment":[{"href":"https:\/\/info-n.com\/tn\/wp-json\/wp\/v2\/media?parent=2813"}],"wp:term":[{"taxonomy":"product_brand","embeddable":true,"href":"https:\/\/info-n.com\/tn\/wp-json\/wp\/v2\/product_brand?post=2813"},{"taxonomy":"product_cat","embeddable":true,"href":"https:\/\/info-n.com\/tn\/wp-json\/wp\/v2\/product_cat?post=2813"},{"taxonomy":"product_tag","embeddable":true,"href":"https:\/\/info-n.com\/tn\/wp-json\/wp\/v2\/product_tag?post=2813"}],"curies":[{"name":"wp","href":"https:\/\/api.w.org\/{rel}","templated":true}]}}