{"id":2815,"date":"2026-03-22T17:22:49","date_gmt":"2026-03-22T16:22:49","guid":{"rendered":"https:\/\/info-n.com\/?post_type=product&#038;p=2815"},"modified":"2026-04-18T13:15:26","modified_gmt":"2026-04-18T12:15:26","slug":"ecouteur-filaire-yookie-xp-206-type-c","status":"publish","type":"product","link":"https:\/\/info-n.com\/tn\/shop\/ecouteur-filaire-yookie-xp-206-type-c\/","title":{"rendered":"Ecouteur Filaire YOOKIE XP-206 Type-C &#8211; Blanc"},"content":{"rendered":"<p>Ecouteur Filaire YOOKIE XP-206 Type-C &#8211; Blanc &#8211; Mod\u00e8le : YOOKIE XP-206 &#8211; Type : \u00c9couteur filaire (intra-auriculaire) &#8211; Connectique : USB Type-C &#8211; Audio : St\u00e9r\u00e9o dynamique &#8211; Technologie : Powered Bass Duct++ &#8211; Micro : Int\u00e9gr\u00e9 avec commandes &#8211; Design : Ergonomique avec isolation phonique<\/p>\n<p>&nbsp;<\/p>\n<p>&nbsp;<\/p>\n","protected":false},"excerpt":{"rendered":"<p>L&rsquo;\u00e9couteur filaire YOOKIE XP-206 Avec Connecteur Type-C est un \u00e9couteur st\u00e9r\u00e9o intra-auriculaires abordable, con\u00e7u pour offrir une exp\u00e9rience sonore de qualit\u00e9 via une connexion Type-C.<\/p>\n","protected":false},"featured_media":2427,"template":"","meta":[],"product_brand":[684],"product_cat":[711,297],"product_tag":[1631,1635,1636,256,1633,257,258,260,263,264,371,1589,1637,499,1909,646,1564,1565,685,1634,1630,1632,1590,1638],"class_list":{"0":"post-2815","1":"product","2":"type-product","3":"status-publish","4":"has-post-thumbnail","6":"product_brand-yookie","7":"product_cat-ecouteurs","8":"product_cat-promo","9":"product_tag-casque-audio-filaire","10":"product_tag-casque-musique","11":"product_tag-casque-telephone","12":"product_tag-earphone","13":"product_tag-earphones","14":"product_tag-ecouteur","15":"product_tag-ecouteur-avec-fil","16":"product_tag-ecouteur-filaire","17":"product_tag-ecouteur-type-c","18":"product_tag-ecouteurs","19":"product_tag-kit","20":"product_tag-music-headphones","21":"product_tag-phone-headset","22":"product_tag-promotion","23":"product_tag-tunisie","24":"product_tag-type-c","25":"product_tag-wired-earphones","26":"product_tag-wired-headphones","27":"product_tag-yookie","28":"product_tag-1634","29":"product_tag-1630","30":"product_tag-1632","31":"product_tag-1590","32":"product_tag-1638","34":"first","35":"instock","36":"sale","37":"featured","38":"taxable","39":"shipping-taxable","40":"purchasable","41":"product-type-simple"},"aioseo_notices":[],"_links":{"self":[{"href":"https:\/\/info-n.com\/tn\/wp-json\/wp\/v2\/product\/2815","targetHints":{"allow":["GET"]}}],"collection":[{"href":"https:\/\/info-n.com\/tn\/wp-json\/wp\/v2\/product"}],"about":[{"href":"https:\/\/info-n.com\/tn\/wp-json\/wp\/v2\/types\/product"}],"wp:featuredmedia":[{"embeddable":true,"href":"https:\/\/info-n.com\/tn\/wp-json\/wp\/v2\/media\/2427"}],"wp:attachment":[{"href":"https:\/\/info-n.com\/tn\/wp-json\/wp\/v2\/media?parent=2815"}],"wp:term":[{"taxonomy":"product_brand","embeddable":true,"href":"https:\/\/info-n.com\/tn\/wp-json\/wp\/v2\/product_brand?post=2815"},{"taxonomy":"product_cat","embeddable":true,"href":"https:\/\/info-n.com\/tn\/wp-json\/wp\/v2\/product_cat?post=2815"},{"taxonomy":"product_tag","embeddable":true,"href":"https:\/\/info-n.com\/tn\/wp-json\/wp\/v2\/product_tag?post=2815"}],"curies":[{"name":"wp","href":"https:\/\/api.w.org\/{rel}","templated":true}]}}