{"id":2816,"date":"2026-03-22T17:24:13","date_gmt":"2026-03-22T16:24:13","guid":{"rendered":"https:\/\/info-n.com\/?post_type=product&#038;p=2816"},"modified":"2026-04-18T13:21:12","modified_gmt":"2026-04-18T12:21:12","slug":"ecouteur-filaire-iconix-ic-hf1230-jack","status":"publish","type":"product","link":"https:\/\/info-n.com\/tn\/shop\/ecouteur-filaire-iconix-ic-hf1230-jack\/","title":{"rendered":"Ecouteur Filaire ICONIX IC-HF1230 Jack &#8211; Blanc"},"content":{"rendered":"<p>Ecouteur Filaire ICONIX IC-HF1230 &#8211; <span data-subtree=\"aimfl\" data-processed=\"true\">Mod\u00e8le : ICONIX IC-HF1230 &#8211; Type : \u00c9couteur filaire (intra-auriculaire) &#8211;\u00a0<\/span><mark class=\"HxTRcb\" data-sfc-root=\"c\" data-sfc-cb=\"\" data-complete=\"true\" data-sae=\"\" aria-owns=\"action-menu-parent-container\">Connectique : Jack 3.5mm &#8211; C\u00e2ble : 1.2m &#8211; Fr\u00e9quence : 20Hz-20kHz &#8211; Imp\u00e9dance : 32\u03a9 &#8211; Micro : Int\u00e9gr\u00e9 &#8211; Couleur : Blanc<\/mark><\/p>\n","protected":false},"excerpt":{"rendered":"<p>L&rsquo;\u00e9couteur filaire ICONIX IC-HF1230 Jack est un \u00e9couteur st\u00e9r\u00e9o intra-auriculaires abordable, con\u00e7u pour offrir une exp\u00e9rience sonore de qualit\u00e9 via une connexion Jack 3,5 mm.<\/p>\n","protected":false},"featured_media":2422,"template":"","meta":[],"product_brand":[337],"product_cat":[711,297],"product_tag":[1631,1635,1636,256,1633,257,258,260,264,338,371,1589,1637,499,1909,1564,1565,1634,1630,1632,1590,1638],"class_list":{"0":"post-2816","1":"product","2":"type-product","3":"status-publish","4":"has-post-thumbnail","6":"product_brand-iconix","7":"product_cat-ecouteurs","8":"product_cat-promo","9":"product_tag-casque-audio-filaire","10":"product_tag-casque-musique","11":"product_tag-casque-telephone","12":"product_tag-earphone","13":"product_tag-earphones","14":"product_tag-ecouteur","15":"product_tag-ecouteur-avec-fil","16":"product_tag-ecouteur-filaire","17":"product_tag-ecouteurs","18":"product_tag-iconix","19":"product_tag-kit","20":"product_tag-music-headphones","21":"product_tag-phone-headset","22":"product_tag-promotion","23":"product_tag-tunisie","24":"product_tag-wired-earphones","25":"product_tag-wired-headphones","26":"product_tag-1634","27":"product_tag-1630","28":"product_tag-1632","29":"product_tag-1590","30":"product_tag-1638","32":"first","33":"instock","34":"sale","35":"featured","36":"taxable","37":"shipping-taxable","38":"purchasable","39":"product-type-simple"},"aioseo_notices":[],"_links":{"self":[{"href":"https:\/\/info-n.com\/tn\/wp-json\/wp\/v2\/product\/2816","targetHints":{"allow":["GET"]}}],"collection":[{"href":"https:\/\/info-n.com\/tn\/wp-json\/wp\/v2\/product"}],"about":[{"href":"https:\/\/info-n.com\/tn\/wp-json\/wp\/v2\/types\/product"}],"wp:featuredmedia":[{"embeddable":true,"href":"https:\/\/info-n.com\/tn\/wp-json\/wp\/v2\/media\/2422"}],"wp:attachment":[{"href":"https:\/\/info-n.com\/tn\/wp-json\/wp\/v2\/media?parent=2816"}],"wp:term":[{"taxonomy":"product_brand","embeddable":true,"href":"https:\/\/info-n.com\/tn\/wp-json\/wp\/v2\/product_brand?post=2816"},{"taxonomy":"product_cat","embeddable":true,"href":"https:\/\/info-n.com\/tn\/wp-json\/wp\/v2\/product_cat?post=2816"},{"taxonomy":"product_tag","embeddable":true,"href":"https:\/\/info-n.com\/tn\/wp-json\/wp\/v2\/product_tag?post=2816"}],"curies":[{"name":"wp","href":"https:\/\/api.w.org\/{rel}","templated":true}]}}