{"id":2821,"date":"2026-03-22T17:30:15","date_gmt":"2026-03-22T16:30:15","guid":{"rendered":"https:\/\/info-n.com\/?post_type=product&#038;p=2821"},"modified":"2026-04-18T13:15:25","modified_gmt":"2026-04-18T12:15:25","slug":"chargeur-et-lecture-de-musique-bluetooth-pour-voiture-inkax-cm-12","status":"publish","type":"product","link":"https:\/\/info-n.com\/tn\/shop\/chargeur-et-lecture-de-musique-bluetooth-pour-voiture-inkax-cm-12\/","title":{"rendered":"Chargeur et Lecture de Musique Bluetooth pour Voiture INKAX CM-12"},"content":{"rendered":"<p>Chargeur et Lecture de Musique Bluetooth pour Voiture INKAX CM-12 &#8211; Connectivit\u00e9 : Bluetooth 5.0 + \u00c9metteur FM + Ports USB x2 + Type-C &#8211; Puissance : 3.1A max pour charge rapide simultan\u00e9e &#8211; Lecture : MP3\/WMA\/WAV via carte TF\/MicroSD &#8211; Alimentation : DC 12-24V (voitures\/camions) &#8211; Fonctions : Streaming audio, appels mains libres, lecture musique &#8211; Compatibilit\u00e9 : Smartphones, tablettes, tous v\u00e9hicules<\/p>\n","protected":false},"excerpt":{"rendered":"<p>Chargeur et Lecture de Musique Bluetooth pour Voiture INKAX CM-12<\/p>\n","protected":false},"featured_media":2379,"template":"","meta":[],"product_brand":[342],"product_cat":[2031,706,297],"product_tag":[1802,116,1799,1805,196,1801,1810,1807,1804,1798,1808,341,385,386,387,452,456,1811,499,504,1909,655,667,1803,1809,1812,1800,1806],"class_list":{"0":"post-2821","1":"product","2":"type-product","3":"status-publish","4":"has-post-thumbnail","6":"product_brand-inkax","7":"product_cat-chargeur-auto","8":"product_cat-chargeur-voiture","9":"product_cat-promo","10":"product_tag-auto-charger","11":"product_tag-bluetooth","12":"product_tag-car-charger-cigarette-lighter","13":"product_tag-car-usb-charger","14":"product_tag-chargeur","15":"product_tag-chargeur-auto","16":"product_tag-chargeur-portable-voiture","17":"product_tag-chargeur-rapide-voiture","18":"product_tag-chargeur-usb-voiture","19":"product_tag-chargeur-voiture-allume-cigare","20":"product_tag-fast-car-charger","21":"product_tag-inkax","22":"product_tag-lecture","23":"product_tag-lecture-de-musique","24":"product_tag-lecture-mp3","25":"product_tag-mp3","26":"product_tag-musique","27":"product_tag-portable-car-charger","28":"product_tag-promotion","29":"product_tag-radio","30":"product_tag-tunisie","31":"product_tag-usb","32":"product_tag-voiture","33":"product_tag-1803","34":"product_tag-1809","35":"product_tag-1812","36":"product_tag-1800","37":"product_tag-1806","39":"first","40":"instock","41":"sale","42":"featured","43":"taxable","44":"shipping-taxable","45":"purchasable","46":"product-type-simple"},"aioseo_notices":[],"_links":{"self":[{"href":"https:\/\/info-n.com\/tn\/wp-json\/wp\/v2\/product\/2821","targetHints":{"allow":["GET"]}}],"collection":[{"href":"https:\/\/info-n.com\/tn\/wp-json\/wp\/v2\/product"}],"about":[{"href":"https:\/\/info-n.com\/tn\/wp-json\/wp\/v2\/types\/product"}],"wp:featuredmedia":[{"embeddable":true,"href":"https:\/\/info-n.com\/tn\/wp-json\/wp\/v2\/media\/2379"}],"wp:attachment":[{"href":"https:\/\/info-n.com\/tn\/wp-json\/wp\/v2\/media?parent=2821"}],"wp:term":[{"taxonomy":"product_brand","embeddable":true,"href":"https:\/\/info-n.com\/tn\/wp-json\/wp\/v2\/product_brand?post=2821"},{"taxonomy":"product_cat","embeddable":true,"href":"https:\/\/info-n.com\/tn\/wp-json\/wp\/v2\/product_cat?post=2821"},{"taxonomy":"product_tag","embeddable":true,"href":"https:\/\/info-n.com\/tn\/wp-json\/wp\/v2\/product_tag?post=2821"}],"curies":[{"name":"wp","href":"https:\/\/api.w.org\/{rel}","templated":true}]}}