{"id":2822,"date":"2026-03-22T17:32:29","date_gmt":"2026-03-22T16:32:29","guid":{"rendered":"https:\/\/info-n.com\/?post_type=product&#038;p=2822"},"modified":"2026-04-15T16:35:35","modified_gmt":"2026-04-15T15:35:35","slug":"haut-parleur-macro-263-6w","status":"publish","type":"product","link":"https:\/\/info-n.com\/tn\/shop\/haut-parleur-macro-263-6w\/","title":{"rendered":"Haut Parleur MACRO 263 6W"},"content":{"rendered":"<p>Haut Parleur MACRO 263 6W &#8211; Mini haut-parleur &#8211; Puissance 5W (2 x 2,5W) &#8211; Gamme de fr\u00e9quences 90 Hz \u2013 20 kHz &#8211; Imp\u00e9dance 4 \u03a9 &#8211; Connectivit\u00e9 USB 2.0 (alimentation) &#038; Jack 3.5mm (audio) &#8211; Plug &#038; Play.<\/p>\n","protected":false},"excerpt":{"rendered":"<p>Le haut-parleur MACRO 263 est une paire de haut-parleurs de bureau multim\u00e9dia de 6W (2*3 W) qui peut \u00eatre aliment\u00e9e par USB et offre des options de connectivit\u00e9 filaire (AUX 3,5 mm).<\/p>\n","protected":false},"featured_media":2823,"template":"","meta":[],"product_brand":[402],"product_cat":[714,716],"product_tag":[1664,271,273,274,1673,310,1661,313,314,1666,1669,1672,1677,1675,1680,401,1678,1676,1670,37,583,1909,1681,1667,1662,1682,1674,1668,1663,1679,1671,1651,1665],"class_list":{"0":"post-2822","1":"product","2":"type-product","3":"status-publish","4":"has-post-thumbnail","6":"product_brand-macro","7":"product_cat-haut-parleur-filaires","8":"product_cat-haut-parleur","9":"product_tag-computer-speakers","10":"product_tag-enceinte","11":"product_tag-enceinte-ordinateur","12":"product_tag-enceinte-pc","13":"product_tag-gaming-pc-speakers","14":"product_tag-haut-parleur","15":"product_tag-haut-parleur-filaires-pc","16":"product_tag-haut-parleur-ordinateur","17":"product_tag-haut-parleur-pc","18":"product_tag-haut-parleur-audio-filaire","19":"product_tag-haut-parleur-bureau","20":"product_tag-haut-parleur-gaming","21":"product_tag-haut-parleur-multimedia","22":"product_tag-haut-parleur-musique","23":"product_tag-haut-parleur-usb","24":"product_tag-macro","25":"product_tag-multimedia-speakers","26":"product_tag-music-speakers","27":"product_tag-office-speakers","28":"product_tag-speaker","29":"product_tag-speaker-usb","30":"product_tag-tunisie","31":"product_tag-usb-speakers","32":"product_tag-wired-audio-speakers","33":"product_tag-wired-pc-speakers","34":"product_tag--usb","35":"product_tag-1674","36":"product_tag-1668","37":"product_tag-1663","38":"product_tag-1679","39":"product_tag-1671","40":"product_tag-1651","41":"product_tag-1665","43":"first","44":"instock","45":"taxable","46":"shipping-taxable","47":"purchasable","48":"product-type-simple"},"aioseo_notices":[],"_links":{"self":[{"href":"https:\/\/info-n.com\/tn\/wp-json\/wp\/v2\/product\/2822","targetHints":{"allow":["GET"]}}],"collection":[{"href":"https:\/\/info-n.com\/tn\/wp-json\/wp\/v2\/product"}],"about":[{"href":"https:\/\/info-n.com\/tn\/wp-json\/wp\/v2\/types\/product"}],"wp:featuredmedia":[{"embeddable":true,"href":"https:\/\/info-n.com\/tn\/wp-json\/wp\/v2\/media\/2823"}],"wp:attachment":[{"href":"https:\/\/info-n.com\/tn\/wp-json\/wp\/v2\/media?parent=2822"}],"wp:term":[{"taxonomy":"product_brand","embeddable":true,"href":"https:\/\/info-n.com\/tn\/wp-json\/wp\/v2\/product_brand?post=2822"},{"taxonomy":"product_cat","embeddable":true,"href":"https:\/\/info-n.com\/tn\/wp-json\/wp\/v2\/product_cat?post=2822"},{"taxonomy":"product_tag","embeddable":true,"href":"https:\/\/info-n.com\/tn\/wp-json\/wp\/v2\/product_tag?post=2822"}],"curies":[{"name":"wp","href":"https:\/\/api.w.org\/{rel}","templated":true}]}}