{"id":2826,"date":"2026-03-22T17:37:20","date_gmt":"2026-03-22T16:37:20","guid":{"rendered":"https:\/\/info-n.com\/?post_type=product&#038;p=2826"},"modified":"2026-04-18T13:15:22","modified_gmt":"2026-04-18T12:15:22","slug":"ecouteur-sans-fil-inkax-tws-38-bluetooth-avec-ecran-numerique-tactile-blanc","status":"publish","type":"product","link":"https:\/\/info-n.com\/tn\/shop\/ecouteur-sans-fil-inkax-tws-38-bluetooth-avec-ecran-numerique-tactile-blanc\/","title":{"rendered":"\u00c9couteur Sans Fil INKAX TWS-38 Bluetooth avec \u00e9cran num\u00e9rique tactile &#8211; Blanc"},"content":{"rendered":"<p>\u00c9couteur Sans Fil INKAX TWS-38 Bluetooth avec \u00e9cran num\u00e9rique tactile &#8211; Mod\u00e8le : INKAX TWS-38 &#8211; Type : \u00c9couteur Sans Fil (TWS) &#8211; Connectique : Bluetooth 5.4 &#8211; Autonomie : Jusqu&rsquo;\u00e0 4h (Bo\u00eetier 300mAh) &#8211; Batterie : 30mAh par \u00e9couteur &#8211; Affichage : \u00c9cran num\u00e9rique intelligent &#8211; Audio : Hi-Fi St\u00e9r\u00e9o<\/p>\n","protected":false},"excerpt":{"rendered":"<p>\u00c9couteur Sans Fil INKAX TWS-38 Bluetooth avec \u00e9cran num\u00e9rique tactile &#8211; \u00c9couteurs de pointe avec \u00e9cran num\u00e9rique int\u00e9gr\u00e9 permettant de surveiller pr\u00e9cis\u00e9ment la batterie et de profiter d&rsquo;un son haute fid\u00e9lit\u00e9.<\/p>\n","protected":false},"featured_media":2434,"template":"","meta":[],"product_brand":[342],"product_cat":[712,297],"product_tag":[91,94,1582,116,1642,255,257,259,262,1508,1653,1650,1644,1639,1656,1659,1647,265,266,1652,341,371,372,375,376,1583,1649,1643,499,545,1655,627,1646,1909,1640,1658,1584,1641,1654,1645,1516,1657,1648,1660,1651],"class_list":{"0":"post-2826","1":"product","2":"type-product","3":"status-publish","4":"has-post-thumbnail","6":"product_brand-inkax","7":"product_cat-ecouteurs-sans-fil","8":"product_cat-promo","9":"product_tag-afficheur","10":"product_tag-airpods","11":"product_tag-autonomie-longue-duree","12":"product_tag-bluetooth","13":"product_tag-bluetooth-earphones","14":"product_tag-earbuds","15":"product_tag-ecouteur","16":"product_tag-ecouteur-bluetooth","17":"product_tag-ecouteur-sans-fil","18":"product_tag-ecouteurs-bluetooth","19":"product_tag-ecouteurs-gaming","20":"product_tag-ecouteurs-musique","21":"product_tag-ecouteurs-reduction-de-bruit","22":"product_tag-ecouteurs-sans-fil","23":"product_tag-ecouteurs-sport","24":"product_tag-ecouteurs-teletravail","25":"product_tag-ecouteurs-true-wireless","26":"product_tag-ecran","27":"product_tag-ecran-numerique-tactile","28":"product_tag-gaming-earbuds","29":"product_tag-inkax","30":"product_tag-kit","31":"product_tag-kit-bluetooth","32":"product_tag-kit-man","33":"product_tag-kitman","34":"product_tag-long-battery-life","35":"product_tag-music-earbuds","36":"product_tag-noise-cancelling-earbuds","37":"product_tag-promotion","38":"product_tag-sans-fil","39":"product_tag-sport-earbuds","40":"product_tag-tactile","41":"product_tag-true-wireless","42":"product_tag-tunisie","43":"product_tag-wireless-earbuds","44":"product_tag-work-from-home-earbuds","45":"product_tag-1584","46":"product_tag-1641","47":"product_tag-1654","48":"product_tag-1645","49":"product_tag-1516","50":"product_tag-1657","51":"product_tag-1648","52":"product_tag-1660","53":"product_tag-1651","55":"first","56":"instock","57":"sale","58":"featured","59":"taxable","60":"shipping-taxable","61":"purchasable","62":"product-type-simple"},"aioseo_notices":[],"_links":{"self":[{"href":"https:\/\/info-n.com\/tn\/wp-json\/wp\/v2\/product\/2826","targetHints":{"allow":["GET"]}}],"collection":[{"href":"https:\/\/info-n.com\/tn\/wp-json\/wp\/v2\/product"}],"about":[{"href":"https:\/\/info-n.com\/tn\/wp-json\/wp\/v2\/types\/product"}],"wp:featuredmedia":[{"embeddable":true,"href":"https:\/\/info-n.com\/tn\/wp-json\/wp\/v2\/media\/2434"}],"wp:attachment":[{"href":"https:\/\/info-n.com\/tn\/wp-json\/wp\/v2\/media?parent=2826"}],"wp:term":[{"taxonomy":"product_brand","embeddable":true,"href":"https:\/\/info-n.com\/tn\/wp-json\/wp\/v2\/product_brand?post=2826"},{"taxonomy":"product_cat","embeddable":true,"href":"https:\/\/info-n.com\/tn\/wp-json\/wp\/v2\/product_cat?post=2826"},{"taxonomy":"product_tag","embeddable":true,"href":"https:\/\/info-n.com\/tn\/wp-json\/wp\/v2\/product_tag?post=2826"}],"curies":[{"name":"wp","href":"https:\/\/api.w.org\/{rel}","templated":true}]}}